{"id":1906,"date":"2023-04-11T09:40:24","date_gmt":"2023-04-11T07:40:24","guid":{"rendered":"https:\/\/www.discusfood.com\/de\/?page_id=1906"},"modified":"2025-01-14T12:02:28","modified_gmt":"2025-01-14T12:02:28","slug":"artemia-brine-shrimps-microgranulate-50","status":"publish","type":"page","link":"https:\/\/www.discusfood.com\/fr\/nourriture-pour-poissons\/artemia-50-granulate\/artemia-brine-shrimps-microgranulate-50","title":{"rendered":"Artemia\/ Brine Shrimps Microgranulate 50%"},"content":{"rendered":"<p><img loading=\"lazy\" decoding=\"async\" class=\"alignleft wp-image-762 size-medium\" src=\"https:\/\/www.discusfood.com\/de\/wp-content\/uploads\/sites\/3\/2018\/10\/Microgranulate_Soft-e1686399871976-300x270.jpg\" alt=\"\" width=\"300\" height=\"270\" \/><\/p>\n<p><strong>Artemia 50% Microgranulat Soft<\/strong><\/p>\n<p>Le saupoudrage emp\u00eache les granul\u00e9s de gonfler dans l&#8217;eau de l&#8217;aquarium ou dans le syst\u00e8me digestif des poissons et augmente en m\u00eame temps l&#8217;acceptabilit\u00e9 de la nourriture. Avec une granulom\u00e9trie d&#8217;environ 0,1 mm, cette nourriture compl\u00e8te convient parfaitement \u00e0 l&#8217;\u00e9levage efficace de larves de poissons et de jeunes animaux et peut \u00e9galement aider les plus petits repr\u00e9sentants, tels que les larves de Bettas ou de Corydoras, \u00e0 devenir &#8222;grands et forts&#8220;. Comme les granul\u00e9s fins se r\u00e9partissent presque uniform\u00e9ment dans tout le bac, l&#8217;alimentation du plus grand nombre possible de jeunes animaux est garantie.<\/p>\n<p><strong>Composition<\/strong> : art\u00e9mias 50%, prot\u00e9ines v\u00e9g\u00e9tales, farine de riz, huile de saumon, ail 4%, levure de bi\u00e8re, Kelp, acides amin\u00e9s, substances min\u00e9rales, pr\u00e9biotiques et probiotiques.<br \/>\n<strong>Constituants analytiques<\/strong> : Prot\u00e9ines brutes 49,3 %, mati\u00e8res grasses brutes 7 %, cendres brutes 2,4 %, fibres brutes 0,7 %.<br \/>\n<strong>Additifs par kg<\/strong> : vitamines : A (3a672a) 20000 UI, C (3a300) 150 mg, D3 (3a671) 1500 UI ; avec colorants ; oligo-\u00e9l\u00e9ments : Fe (E 1) 24 mg, Mn (3b502) 31 mg, Zn (3b603) 30 mg ; avec antioxydants.<br \/>\n<strong>Recommandation d&#8217;alimentation<\/strong> : nourrir 2-3 fois par jour autant que les poissons mangent en 2-5 minutes. Ne pas suralimenter les poissons !<\/p>\n<p><strong>Non destin\u00e9 \u00e0 la consommation humaine ! CONSERVER AU FRAIS ET AU SEC !<\/strong><\/p>\n<p><strong>Num\u00e9ro d&#8217;article:<\/strong> 20052<\/p>\n<p><strong>Acheter l\u2019article ici<\/strong> \u2013 <a href=\"https:\/\/www.la-boutique-des-animaux.fr\" target=\"_blank\" rel=\"noopener\">La Boutique Des Animaux<\/a><\/p>\n","protected":false},"excerpt":{"rendered":"<p>Artemia 50% Microgranulat Soft Le saupoudrage emp\u00eache les granul\u00e9s de gonfler dans l&#8217;eau de l&#8217;aquarium ou dans le syst\u00e8me digestif&hellip;<\/p>\n","protected":false},"author":2,"featured_media":0,"parent":1969,"menu_order":4,"comment_status":"closed","ping_status":"closed","template":"","meta":{"footnotes":""},"class_list":["post-1906","page","type-page","status-publish","hentry"],"_links":{"self":[{"href":"https:\/\/www.discusfood.com\/fr\/wp-json\/wp\/v2\/pages\/1906","targetHints":{"allow":["GET"]}}],"collection":[{"href":"https:\/\/www.discusfood.com\/fr\/wp-json\/wp\/v2\/pages"}],"about":[{"href":"https:\/\/www.discusfood.com\/fr\/wp-json\/wp\/v2\/types\/page"}],"author":[{"embeddable":true,"href":"https:\/\/www.discusfood.com\/fr\/wp-json\/wp\/v2\/users\/2"}],"replies":[{"embeddable":true,"href":"https:\/\/www.discusfood.com\/fr\/wp-json\/wp\/v2\/comments?post=1906"}],"version-history":[{"count":4,"href":"https:\/\/www.discusfood.com\/fr\/wp-json\/wp\/v2\/pages\/1906\/revisions"}],"predecessor-version":[{"id":2719,"href":"https:\/\/www.discusfood.com\/fr\/wp-json\/wp\/v2\/pages\/1906\/revisions\/2719"}],"up":[{"embeddable":true,"href":"https:\/\/www.discusfood.com\/fr\/wp-json\/wp\/v2\/pages\/1969"}],"wp:attachment":[{"href":"https:\/\/www.discusfood.com\/fr\/wp-json\/wp\/v2\/media?parent=1906"}],"curies":[{"name":"wp","href":"https:\/\/api.w.org\/{rel}","templated":true}]}}