{"id":1909,"date":"2023-04-11T09:46:57","date_gmt":"2023-04-11T07:46:57","guid":{"rendered":"https:\/\/www.discusfood.com\/de\/?page_id=1909"},"modified":"2025-01-14T12:05:10","modified_gmt":"2025-01-14T12:05:10","slug":"artemia-brine-shrimps-soft-50-xl","status":"publish","type":"page","link":"https:\/\/www.discusfood.com\/fr\/nourriture-pour-poissons\/artemia-50-granulate\/artemia-brine-shrimps-soft-50-xl","title":{"rendered":"Artemia\/ Brine Shrimps Soft 50% XL"},"content":{"rendered":"<p><img loading=\"lazy\" decoding=\"async\" class=\"alignleft wp-image-1911 size-medium\" src=\"https:\/\/www.discusfood.com\/de\/wp-content\/uploads\/sites\/3\/2023\/04\/Artemia-XL-e1686399914672-232x300.png\" alt=\"\" width=\"232\" height=\"300\" \/><\/p>\n<p><strong>Artemia\/ Brine Shrimps Soft 50% XL<\/strong><\/p>\n<p>La semelle emp\u00eache les granul\u00e9s de gonfler dans l&#8217;eau de l&#8217;aquarium ou dans le syst\u00e8me digestif des poissons et augmente en m\u00eame temps l&#8217;acceptation de la nourriture. La granulom\u00e9trie d&#8217;environ 1mm qualifie les granul\u00e9s mous principalement pour les esp\u00e8ces de poissons d&#8217;ornement de petite et moyenne taille.<br \/>\nArtemia 50% Softgranulat XL, environ 1,5 &#8211; 2 mm, convient aux poissons de taille moyenne \u00e0 grande.<br \/>\nL&#8217;exp\u00e9rience a montr\u00e9 qu&#8217;Artemia 50% Softgranulat n&#8217;est pas seulement appr\u00e9ci\u00e9 par les poissons d&#8217;ornement, mais que de nombreux amateurs de crevettes ont d\u00e9j\u00e0 d\u00e9couvert cette nourriture compl\u00e8te et abondante pour eux-m\u00eames ou pour leurs prot\u00e9g\u00e9s.<\/p>\n<p><strong>Composition<\/strong> : Artemia 50%, prot\u00e9ines v\u00e9g\u00e9tales, farine de riz, huile de saumon, ail 4%, levure de bi\u00e8re, Kelp, acides amin\u00e9s, substances min\u00e9rales, pr\u00e9biotiques et probiotiques.<br \/>\n<strong>Constituants analytiques<\/strong> : Prot\u00e9ines brutes 49,3 %, mati\u00e8res grasses brutes 7 %, cendres brutes 2,4 %, fibres brutes 0,7 %.<br \/>\n<strong>Additifs par kg<\/strong> : vitamines : A (3a672a) 20000 UI, C (3a300) 150 mg, D3 (3a671) 1500 UI ; avec colorants ; oligo-\u00e9l\u00e9ments : Fe (E 1) 24 mg, Mn (3b502) 31 mg, Zn (3b603) 30 mg ; avec antioxydants.<br \/>\n<strong>Recommandation d&#8217;alimentation<\/strong> : nourrir 2-3 fois par jour autant que les poissons mangent en 2-5 minutes. Ne pas suralimenter les poissons !<\/p>\n<p><strong>Non destin\u00e9 \u00e0 la consommation humaine ! CONSERVER AU FRAIS ET AU SEC !<\/strong><\/p>\n<p><strong>Num\u00e9ro d&#8217;article:<\/strong> 20053<\/p>\n<p><strong>Acheter l\u2019article ici<\/strong> \u2013 <a href=\"https:\/\/www.la-boutique-des-animaux.fr\" target=\"_blank\" rel=\"noopener\">La Boutique Des Animaux<\/a><\/p>\n","protected":false},"excerpt":{"rendered":"<p>Artemia\/ Brine Shrimps Soft 50% XL La semelle emp\u00eache les granul\u00e9s de gonfler dans l&#8217;eau de l&#8217;aquarium ou dans le&hellip;<\/p>\n","protected":false},"author":2,"featured_media":0,"parent":1969,"menu_order":6,"comment_status":"closed","ping_status":"closed","template":"","meta":{"footnotes":""},"class_list":["post-1909","page","type-page","status-publish","hentry"],"_links":{"self":[{"href":"https:\/\/www.discusfood.com\/fr\/wp-json\/wp\/v2\/pages\/1909","targetHints":{"allow":["GET"]}}],"collection":[{"href":"https:\/\/www.discusfood.com\/fr\/wp-json\/wp\/v2\/pages"}],"about":[{"href":"https:\/\/www.discusfood.com\/fr\/wp-json\/wp\/v2\/types\/page"}],"author":[{"embeddable":true,"href":"https:\/\/www.discusfood.com\/fr\/wp-json\/wp\/v2\/users\/2"}],"replies":[{"embeddable":true,"href":"https:\/\/www.discusfood.com\/fr\/wp-json\/wp\/v2\/comments?post=1909"}],"version-history":[{"count":4,"href":"https:\/\/www.discusfood.com\/fr\/wp-json\/wp\/v2\/pages\/1909\/revisions"}],"predecessor-version":[{"id":2723,"href":"https:\/\/www.discusfood.com\/fr\/wp-json\/wp\/v2\/pages\/1909\/revisions\/2723"}],"up":[{"embeddable":true,"href":"https:\/\/www.discusfood.com\/fr\/wp-json\/wp\/v2\/pages\/1969"}],"wp:attachment":[{"href":"https:\/\/www.discusfood.com\/fr\/wp-json\/wp\/v2\/media?parent=1909"}],"curies":[{"name":"wp","href":"https:\/\/api.w.org\/{rel}","templated":true}]}}