{"id":1913,"date":"2023-04-11T09:54:14","date_gmt":"2023-04-11T07:54:14","guid":{"rendered":"https:\/\/www.discusfood.com\/de\/?page_id=1913"},"modified":"2025-01-14T12:13:10","modified_gmt":"2025-01-14T12:13:10","slug":"best-heart-flake-super-growth-300-ml","status":"publish","type":"page","link":"https:\/\/www.discusfood.com\/fr\/nourriture-pour-poissons\/meilleurs-flocons-de-coeur\/best-heart-flake-super-growth-300-ml","title":{"rendered":"Best Heart Flake Super Growth 300 ml"},"content":{"rendered":"<p><img loading=\"lazy\" decoding=\"async\" class=\"alignleft wp-image-714 size-medium\" src=\"https:\/\/www.discusfood.com\/de\/wp-content\/uploads\/sites\/3\/2018\/10\/BHF-Super-Growth-65g-e1686400212437-239x300.jpg\" alt=\"\" width=\"239\" height=\"300\" \/><\/p>\n<p><strong>Best Heart Flake Super Growth &#8211; Flocons d&#8217;aliment principal avec prot\u00e9ines de b\u0153uf<\/strong><\/p>\n<p>Principalement adapt\u00e9e aux discus, cette nourriture convient \u00e9galement parfaitement \u00e0 tous les autres poissons d&#8217;ornement mangeant des flocons, notamment gr\u00e2ce \u00e0 ses composants de haute qualit\u00e9.<br \/>\nLa particularit\u00e9 la plus marquante de la composition est la prot\u00e9ine bovine. D&#8217;un point de vue naturel, les discus ne mangent pas de vache. Toutefois, l&#8217;attention est ici naturellement port\u00e9e sur la mise \u00e0 disposition de ses prot\u00e9g\u00e9s d&#8217;une source de prot\u00e9ines bien assimilable, afin de ne pas les soumettre \u00e0 la pression de la s\u00e9lection naturelle, mais de leur fournir la meilleure nourriture possible.<br \/>\nLe c\u0153ur de b\u0153uf cru, tel qu&#8217;il est par exemple utilis\u00e9 dans les aliments congel\u00e9s, contient des collag\u00e8nes que le discus ne peut pas d\u00e9composer en raison du manque d&#8217;enzymes. Ces prot\u00e9ines bovines indigestes peuvent se d\u00e9poser en couches sur la paroi intestinale et permettent ainsi une forte multiplication des parasites tels que les flagell\u00e9s. Les poissons nourris pendant une longue p\u00e9riode avec du c\u0153ur de b\u0153uf cru peuvent donc para\u00eetre affaiblis et \u00e9maci\u00e9s et m\u00eame d\u00e9velopper par la suite la maladie dite des trous. Pour \u00e9viter ce probl\u00e8me, Discusfood n&#8217;utilise dans les flocons Best Heart que des prot\u00e9ines bovines tr\u00e8s digestes, toutes les substances nocives ayant \u00e9t\u00e9 \u00e9limin\u00e9es. L&#8217;enrichissement suppl\u00e9mentaire avec toutes les vitamines, les min\u00e9raux et les fibres essentielles donne ainsi une nourriture principale parfaitement \u00e9quilibr\u00e9e pour stimuler de mani\u00e8re optimale la croissance et la sant\u00e9 de vos poissons d&#8217;ornement.<br \/>\nUn autre avantage des flocons Best Heart par rapport au c\u0153ur de b\u0153uf congel\u00e9 est leur &#8222;r\u00e9sistance \u00e0 la morsure&#8220;. Il ne se d\u00e9sagr\u00e8ge pas lors de l&#8217;alimentation et ne trouble pas l&#8217;eau, bien qu&#8217;il ne contienne qu&#8217;une faible quantit\u00e9 de liant et aucune g\u00e9latine. Cela contribue consid\u00e9rablement \u00e0 soulager le filtre de l&#8217;aquarium, les changements d&#8217;eau peuvent \u00eatre r\u00e9duits et il ne se forme pas de compos\u00e9s prot\u00e9iniques aux odeurs d\u00e9sagr\u00e9ables. De plus, en comparaison directe, les flocons offrent une valeur nutritive bien plus \u00e9lev\u00e9e que le c\u0153ur de b\u0153uf congel\u00e9, ne sont pas soumis \u00e0 la cha\u00eene du froid, sont beaucoup plus faciles \u00e0 doser et prennent moins de place \u00e0 stocker.<\/p>\n<p><strong>Composition<\/strong> : prot\u00e9ines de b\u0153uf, riz, krill certifi\u00e9 MSC, prot\u00e9ines d&#8217;insectes, huile de saumon, ail, farine de calmar, extraits de levure, spiruline, kelp, pr\u00e9biotiques, acides amin\u00e9s, pigment de poivron rouge.<br \/>\n<strong>Constituants analytiques<\/strong> : Prot\u00e9ines brutes 45,8 %, mati\u00e8res grasses brutes 8,3 %, cendres brutes 7,2 %, fibres brutes 1,8 %.<br \/>\n<strong>Additifs par kg<\/strong> : vitamines : A (3a672a) 76500 UI, C (3a300) 1730 mg, D3 (3a671) 1950 UI ; avec colorants ; oligo-\u00e9l\u00e9ments : Fe (E 1) 90 mg, Mn (3b502) 50 mg, Zn (3b603) 52 mg ; avec antioxydants.<br \/>\n<strong>Recommandation d&#8217;alimentation<\/strong> : nourrir 2-3 fois par jour autant que les poissons mangent en 2-5 minutes. Ne pas suralimenter les poissons !<\/p>\n<p><strong>Non destin\u00e9 \u00e0 la consommation humaine ! CONSERVER AU FRAIS ET AU SEC !<\/strong><\/p>\n<p><strong>Num\u00e9ro d&#8217;article<\/strong> : 20041<\/p>\n<p><strong>Acheter l\u2019article ici<\/strong> \u2013 <a href=\"https:\/\/www.la-boutique-des-animaux.fr\" target=\"_blank\" rel=\"noopener\">La Boutique Des Animaux<\/a><\/p>\n","protected":false},"excerpt":{"rendered":"<p>Best Heart Flake Super Growth &#8211; Flocons d&#8217;aliment principal avec prot\u00e9ines de b\u0153uf Principalement adapt\u00e9e aux discus, cette nourriture convient&hellip;<\/p>\n","protected":false},"author":2,"featured_media":0,"parent":1971,"menu_order":5,"comment_status":"closed","ping_status":"closed","template":"","meta":{"footnotes":""},"class_list":["post-1913","page","type-page","status-publish","hentry"],"_links":{"self":[{"href":"https:\/\/www.discusfood.com\/fr\/wp-json\/wp\/v2\/pages\/1913","targetHints":{"allow":["GET"]}}],"collection":[{"href":"https:\/\/www.discusfood.com\/fr\/wp-json\/wp\/v2\/pages"}],"about":[{"href":"https:\/\/www.discusfood.com\/fr\/wp-json\/wp\/v2\/types\/page"}],"author":[{"embeddable":true,"href":"https:\/\/www.discusfood.com\/fr\/wp-json\/wp\/v2\/users\/2"}],"replies":[{"embeddable":true,"href":"https:\/\/www.discusfood.com\/fr\/wp-json\/wp\/v2\/comments?post=1913"}],"version-history":[{"count":4,"href":"https:\/\/www.discusfood.com\/fr\/wp-json\/wp\/v2\/pages\/1913\/revisions"}],"predecessor-version":[{"id":2733,"href":"https:\/\/www.discusfood.com\/fr\/wp-json\/wp\/v2\/pages\/1913\/revisions\/2733"}],"up":[{"embeddable":true,"href":"https:\/\/www.discusfood.com\/fr\/wp-json\/wp\/v2\/pages\/1971"}],"wp:attachment":[{"href":"https:\/\/www.discusfood.com\/fr\/wp-json\/wp\/v2\/media?parent=1913"}],"curies":[{"name":"wp","href":"https:\/\/api.w.org\/{rel}","templated":true}]}}