{"id":1916,"date":"2023-04-11T09:59:03","date_gmt":"2023-04-11T07:59:03","guid":{"rendered":"https:\/\/www.discusfood.com\/de\/?page_id=1916"},"modified":"2025-01-14T12:10:52","modified_gmt":"2025-01-14T12:10:52","slug":"best-heart-flake-pro-breed-300-ml","status":"publish","type":"page","link":"https:\/\/www.discusfood.com\/fr\/nourriture-pour-poissons\/meilleurs-flocons-de-coeur\/best-heart-flake-pro-breed-300-ml","title":{"rendered":"Best Heart Flake Pro Breed 300 ml"},"content":{"rendered":"<p><img loading=\"lazy\" decoding=\"async\" class=\"alignleft wp-image-712 size-medium\" src=\"https:\/\/www.discusfood.com\/de\/wp-content\/uploads\/sites\/3\/2018\/10\/BHF-Pro-Breed-65g-e1686400124416-234x300.jpg\" alt=\"\" width=\"234\" height=\"300\" \/><\/p>\n<p><strong>Best Heart Flake Pro Breed 300 ml<\/strong><\/p>\n<p>La composition cibl\u00e9e de vitamines, de min\u00e9raux et de probiotiques de haute qualit\u00e9 permet \u00e0 l&#8217;\u00e9leveur de discus ambitieux de pr\u00e9parer ses prot\u00e9g\u00e9s de mani\u00e8re optimale \u00e0 la reproduction et de stimuler de mani\u00e8re cibl\u00e9e la disposition au frai des animaux s\u00e9lectionn\u00e9s. &#8222;Best Heart Flakes Pro Breed&#8220; est donc une nourriture hautement fonctionnelle, sp\u00e9cialement con\u00e7ue pour soutenir professionnellement tous les \u00e9leveurs de discus, qu&#8217;ils soient professionnels ou amateurs.<br \/>\nBien entendu, cette fonctionnalit\u00e9 suppose que &#8222;Best Heart Flakes Pro Breed&#8220; ne soit pas utilis\u00e9 comme aliment principal, mais principalement \u00e0 des fins de reproduction. La stimulation du frai dans les groupes et les bancs de discus qui ne sont pas destin\u00e9s \u00e0 l&#8217;\u00e9levage peut entra\u00eener un comportement territorial inutile et, par cons\u00e9quent, un stress \u00e9vitable au sein de la communaut\u00e9 de poissons. Veuillez donc suivre scrupuleusement les recommandations d&#8217;alimentation indiqu\u00e9es sur chaque bo\u00eete.<\/p>\n<p><strong>Composition<\/strong> : prot\u00e9ines de b\u0153uf, riz, krill certifi\u00e9 MSC, prot\u00e9ines d&#8217;insectes, huile de saumon, ail, farine de calmar, extraits de levure, spiruline, kelp, pr\u00e9biotiques, acides amin\u00e9s, pigment de poivron rouge.<br \/>\n<strong>Constituants analytiques<\/strong> : Prot\u00e9ines brutes 45,8 %, mati\u00e8res grasses brutes 8,3 %, cendres brutes 7,2 %, fibres brutes 1,8 %.<br \/>\n<strong>Additifs par kg<\/strong> : vitamines : A (3a672a) 424000 UI, C (3a300) 1180 mg, D3 (3a671) 2950 UI ; avec colorants ; oligo-\u00e9l\u00e9ments : Fe (E 1) 29 mg, Mn (3b502) 37 mg, Zn (3b603) 36 mg ; avec antioxydants.<br \/>\n<strong>Recommandation d&#8217;alimentation<\/strong> : aliment compl\u00e9mentaire, ne pas donner plus de 40% des besoins journaliers et seulement la quantit\u00e9 que les poissons mangent en 5 minutes.<\/p>\n<p><strong>Non destin\u00e9 \u00e0 la consommation humaine ! CONSERVER AU FRAIS ET AU SEC !<\/strong><\/p>\n<p><strong>Num\u00e9ro d&#8217;article<\/strong> : 20042<\/p>\n<p><strong>Acheter l\u2019article ici<\/strong> \u2013<a href=\"https:\/\/www.la-boutique-des-animaux.fr\" target=\"_blank\" rel=\"noopener\"> La Boutique Des Animaux<\/a><\/p>\n","protected":false},"excerpt":{"rendered":"<p>Best Heart Flake Pro Breed 300 ml La composition cibl\u00e9e de vitamines, de min\u00e9raux et de probiotiques de haute qualit\u00e9&hellip;<\/p>\n","protected":false},"author":2,"featured_media":0,"parent":1971,"menu_order":3,"comment_status":"closed","ping_status":"closed","template":"","meta":{"footnotes":""},"class_list":["post-1916","page","type-page","status-publish","hentry"],"_links":{"self":[{"href":"https:\/\/www.discusfood.com\/fr\/wp-json\/wp\/v2\/pages\/1916","targetHints":{"allow":["GET"]}}],"collection":[{"href":"https:\/\/www.discusfood.com\/fr\/wp-json\/wp\/v2\/pages"}],"about":[{"href":"https:\/\/www.discusfood.com\/fr\/wp-json\/wp\/v2\/types\/page"}],"author":[{"embeddable":true,"href":"https:\/\/www.discusfood.com\/fr\/wp-json\/wp\/v2\/users\/2"}],"replies":[{"embeddable":true,"href":"https:\/\/www.discusfood.com\/fr\/wp-json\/wp\/v2\/comments?post=1916"}],"version-history":[{"count":4,"href":"https:\/\/www.discusfood.com\/fr\/wp-json\/wp\/v2\/pages\/1916\/revisions"}],"predecessor-version":[{"id":2729,"href":"https:\/\/www.discusfood.com\/fr\/wp-json\/wp\/v2\/pages\/1916\/revisions\/2729"}],"up":[{"embeddable":true,"href":"https:\/\/www.discusfood.com\/fr\/wp-json\/wp\/v2\/pages\/1971"}],"wp:attachment":[{"href":"https:\/\/www.discusfood.com\/fr\/wp-json\/wp\/v2\/media?parent=1916"}],"curies":[{"name":"wp","href":"https:\/\/api.w.org\/{rel}","templated":true}]}}