{"id":1922,"date":"2023-04-11T10:08:31","date_gmt":"2023-04-11T08:08:31","guid":{"rendered":"https:\/\/www.discusfood.com\/de\/?page_id=1922"},"modified":"2025-05-14T09:31:48","modified_gmt":"2025-05-14T09:31:48","slug":"best-heart-flake-golden-dream-300-ml","status":"publish","type":"page","link":"https:\/\/www.discusfood.com\/fr\/nourriture-pour-poissons\/meilleurs-flocons-de-coeur\/best-heart-flake-golden-dream-300-ml","title":{"rendered":"Best Heart Flake Golden Dream 300 ml"},"content":{"rendered":"<p><img loading=\"lazy\" decoding=\"async\" class=\"alignleft wp-image-711 size-medium\" src=\"https:\/\/www.discusfood.com\/de\/wp-content\/uploads\/sites\/3\/2018\/10\/BHF-Golden-Dream-65g-e1686400071181-237x300.jpg\" alt=\"\" width=\"237\" height=\"300\" \/><\/p>\n<p><strong>Best Heart Flake Golden Dream 300 ml<\/strong><\/p>\n<p>La composition cibl\u00e9e des &#8222;Best Heart Flakes Golden Dream&#8220;, compos\u00e9e de vitamines de haute qualit\u00e9, de min\u00e9raux, de probiotiques et du Color Booster Gold, permet aux \u00e9leveurs de discus ambitieux de soutenir de mani\u00e8re optimale la pigmentation dor\u00e9e des animaux et de favoriser une coloration intense. Ce flocon est un aliment compl\u00e9mentaire, veuillez donc suivre scrupuleusement les recommandations d&#8217;alimentation indiqu\u00e9es sur chaque bo\u00eete.<\/p>\n<p><strong>Composition :<\/strong> prot\u00e9ines de b\u0153uf, riz, krill certifi\u00e9 MSC, prot\u00e9ines d&#8217;insectes, huile de saumon, ail, farine de calmar, extraits de levure, spiruline, kelp, pr\u00e9biotiques, acides amin\u00e9s, pigment de poivron rouge.<br \/>\n<strong>Constituants analytiques :<\/strong> Prot\u00e9ines brutes 45,8 %, mati\u00e8res grasses brutes 8,3 %, cendres brutes 7,2 %, fibres brutes 1,8 %.<br \/>\n<strong>Additifs par kg :<\/strong> vitamines : A (3a672a) 72000 UI, C (3a300) 1330 mg, D3 (3a671) 2950 UI ; avec colorants ; oligo-\u00e9l\u00e9ments : Fe (E 1) 80 mg, Mn (3b502) 47 mg, Zn (3b603) 50 mg ; avec antioxydants.<\/p>\n<p><strong>Recommandation d&#8217;alimentation :<\/strong> aliment compl\u00e9mentaire, ne pas donner plus de 40% des besoins journaliers et seulement la quantit\u00e9 que les poissons mangent en 5 minutes. Ne pas suralimenter les poissons !<\/p>\n<p><strong>Non destin\u00e9 \u00e0 la consommation humaine ! CONSERVER AU FRAIS ET AU SEC !<\/strong><\/p>\n<p><strong>Num\u00e9ro d&#8217;article :<\/strong> 20044<\/p>\n<p><strong>Acheter l\u2019article ici<\/strong>\u00a0\u2013\u00a0<a href=\"https:\/\/www.la-boutique-des-animaux.fr\/\" target=\"_blank\" rel=\"noopener\">La Boutique Des Animaux<\/a><\/p>\n","protected":false},"excerpt":{"rendered":"<p>Best Heart Flake Golden Dream 300 ml La composition cibl\u00e9e des &#8222;Best Heart Flakes Golden Dream&#8220;, compos\u00e9e de vitamines de&hellip;<\/p>\n","protected":false},"author":2,"featured_media":0,"parent":1971,"menu_order":2,"comment_status":"closed","ping_status":"closed","template":"","meta":{"footnotes":""},"class_list":["post-1922","page","type-page","status-publish","hentry"],"_links":{"self":[{"href":"https:\/\/www.discusfood.com\/fr\/wp-json\/wp\/v2\/pages\/1922","targetHints":{"allow":["GET"]}}],"collection":[{"href":"https:\/\/www.discusfood.com\/fr\/wp-json\/wp\/v2\/pages"}],"about":[{"href":"https:\/\/www.discusfood.com\/fr\/wp-json\/wp\/v2\/types\/page"}],"author":[{"embeddable":true,"href":"https:\/\/www.discusfood.com\/fr\/wp-json\/wp\/v2\/users\/2"}],"replies":[{"embeddable":true,"href":"https:\/\/www.discusfood.com\/fr\/wp-json\/wp\/v2\/comments?post=1922"}],"version-history":[{"count":3,"href":"https:\/\/www.discusfood.com\/fr\/wp-json\/wp\/v2\/pages\/1922\/revisions"}],"predecessor-version":[{"id":3043,"href":"https:\/\/www.discusfood.com\/fr\/wp-json\/wp\/v2\/pages\/1922\/revisions\/3043"}],"up":[{"embeddable":true,"href":"https:\/\/www.discusfood.com\/fr\/wp-json\/wp\/v2\/pages\/1971"}],"wp:attachment":[{"href":"https:\/\/www.discusfood.com\/fr\/wp-json\/wp\/v2\/media?parent=1922"}],"curies":[{"name":"wp","href":"https:\/\/api.w.org\/{rel}","templated":true}]}}