{"id":1987,"date":"2023-04-14T09:23:40","date_gmt":"2023-04-14T07:23:40","guid":{"rendered":"https:\/\/www.discusfood.com\/de\/?page_id=1987"},"modified":"2025-01-14T12:45:12","modified_gmt":"2025-01-14T12:45:12","slug":"american-cichlid-spirulina-pearls-soft-80g","status":"publish","type":"page","link":"https:\/\/www.discusfood.com\/fr\/nourriture-pour-poissons\/granules-pour-cichlides\/american-cichlid-spirulina-pearls-soft-80g","title":{"rendered":"American Cichlid Spirulina Pearls Soft 80g"},"content":{"rendered":"<p><img loading=\"lazy\" decoding=\"async\" class=\"size-medium wp-image-2264 alignleft\" src=\"\/fr\/wp-content\/uploads\/sites\/5\/2023\/05\/20076-2-v1-e1686401754573-172x300.jpg\" alt=\"\" width=\"172\" height=\"300\" \/><\/p>\n<p><strong>American Cichlid Spirulina Pearls Soft 80g<br \/>\n<\/strong>Granul\u00e9s mous adapt\u00e9s aux habitudes alimentaires sp\u00e9cifiques des cichlid\u00e9s am\u00e9ricains, avec une forte teneur en spirulina.<\/p>\n<p><strong>Composition<\/strong> : farine de poisson, gluten de bl\u00e9, huile de poisson, bl\u00e9, farine de krill, spiruline, complexe multivitamin\u00e9, colorants.<br \/>\nConstituants analytiques : Prot\u00e9ines brutes 44,5 %, mati\u00e8res grasses brutes 13,7 %, cendres brutes 8,2 %, fibres brutes 0,7 %.<br \/>\n<strong>Additifs par kg<\/strong> : vitamines : A (3a672a) 20000 UI, D3 (3a671) 2600 UI ; avec colorants ; oligo-\u00e9l\u00e9ments : Mn (3b503) 8 mg, Zn (3b605) 70 mg ; avec antioxydants.<br \/>\nAliment complet pour poissons d&#8217;ornement !<br \/>\n<strong>Conseil d&#8217;alimentation<\/strong> : donnez 2-3 fois par jour la quantit\u00e9 que les poissons mangent en 2-5 minutes. Ne pas suralimenter les poissons !<\/p>\n<p><strong>Non destin\u00e9 \u00e0 la consommation humaine ! CONSERVER AU FRAIS ET AU SEC !<\/strong><\/p>\n<p><strong>Num\u00e9ro d&#8217;article<\/strong> : 20076<\/p>\n<p><strong>Acheter l\u2019article ici<\/strong> \u2013 <a href=\"https:\/\/www.la-boutique-des-animaux.fr\" target=\"_blank\" rel=\"noopener\">La Boutique Des Animaux<\/a><\/p>\n","protected":false},"excerpt":{"rendered":"<p>American Cichlid Spirulina Pearls Soft 80g Granul\u00e9s mous adapt\u00e9s aux habitudes alimentaires sp\u00e9cifiques des cichlid\u00e9s am\u00e9ricains, avec une forte teneur&hellip;<\/p>\n","protected":false},"author":2,"featured_media":0,"parent":1973,"menu_order":4,"comment_status":"closed","ping_status":"closed","template":"","meta":{"footnotes":""},"class_list":["post-1987","page","type-page","status-publish","hentry"],"_links":{"self":[{"href":"https:\/\/www.discusfood.com\/fr\/wp-json\/wp\/v2\/pages\/1987","targetHints":{"allow":["GET"]}}],"collection":[{"href":"https:\/\/www.discusfood.com\/fr\/wp-json\/wp\/v2\/pages"}],"about":[{"href":"https:\/\/www.discusfood.com\/fr\/wp-json\/wp\/v2\/types\/page"}],"author":[{"embeddable":true,"href":"https:\/\/www.discusfood.com\/fr\/wp-json\/wp\/v2\/users\/2"}],"replies":[{"embeddable":true,"href":"https:\/\/www.discusfood.com\/fr\/wp-json\/wp\/v2\/comments?post=1987"}],"version-history":[{"count":5,"href":"https:\/\/www.discusfood.com\/fr\/wp-json\/wp\/v2\/pages\/1987\/revisions"}],"predecessor-version":[{"id":2897,"href":"https:\/\/www.discusfood.com\/fr\/wp-json\/wp\/v2\/pages\/1987\/revisions\/2897"}],"up":[{"embeddable":true,"href":"https:\/\/www.discusfood.com\/fr\/wp-json\/wp\/v2\/pages\/1973"}],"wp:attachment":[{"href":"https:\/\/www.discusfood.com\/fr\/wp-json\/wp\/v2\/media?parent=1987"}],"curies":[{"name":"wp","href":"https:\/\/api.w.org\/{rel}","templated":true}]}}