{"id":2002,"date":"2023-04-14T09:51:02","date_gmt":"2023-04-14T07:51:02","guid":{"rendered":"https:\/\/www.discusfood.com\/de\/?page_id=2002"},"modified":"2025-01-14T12:42:07","modified_gmt":"2025-01-14T12:42:07","slug":"african-cichlid-colour-pearls-soft-80g","status":"publish","type":"page","link":"https:\/\/www.discusfood.com\/fr\/nourriture-pour-poissons\/granules-pour-cichlides\/african-cichlid-colour-pearls-soft-80g","title":{"rendered":"African Cichlid Color Pearls Soft 80g"},"content":{"rendered":"<p><img loading=\"lazy\" decoding=\"async\" class=\"wp-image-2270 size-medium alignleft\" src=\"https:\/\/www.discusfood.com\/fr\/wp-content\/uploads\/sites\/5\/2023\/05\/20079-2-v1-e1686401626513-170x300.jpg\" alt=\"\" width=\"170\" height=\"300\" \/><\/p>\n<p><strong>African Cichlid Color Pearls Soft 80g<br \/>\n<\/strong>Granul\u00e9s mous adapt\u00e9s aux habitudes alimentaires sp\u00e9cifiques des cichlid\u00e9s africains, avec des ingr\u00e9dients qui renforcent la couleur.<\/p>\n<p><strong>Composition<\/strong> : farine de poisson, gluten de bl\u00e9, huile de poisson, bl\u00e9, farine de krill, complexe multivitamin\u00e9, colorants.<br \/>\n<strong>Constituants analytiques<\/strong> : Prot\u00e9ines brutes 42,5 %, mati\u00e8res grasses brutes 13,6 %, cendres brutes 8,2 %, fibres brutes 0,7 %.<br \/>\n<strong>Additifs par kg<\/strong> : vitamines : A (3a672a) 25000 UI, D3 (3a671) 2800 UI ; avec colorants ; oligo-\u00e9l\u00e9ments : Mn (3b503) 8 mg, Zn (3b605) 70 mg ; avec antioxydants.<br \/>\nAliment complet pour poissons d&#8217;ornement !<br \/>\n<strong>Conseil d&#8217;alimentation<\/strong> : donnez 2-3 fois par jour la quantit\u00e9 que les poissons mangent en 2-5 minutes. Ne pas suralimenter les poissons !<\/p>\n<p><strong>Non destin\u00e9 \u00e0 la consommation humaine ! CONSERVER AU FRAIS ET AU SEC !<\/strong><\/p>\n<p><strong>Num\u00e9ro d&#8217;article<\/strong> : 20079<\/p>\n<p><strong>Acheter l\u2019article ici<\/strong> \u2013 <a href=\"https:\/\/www.la-boutique-des-animaux.fr\" target=\"_blank\" rel=\"noopener\">La Boutique Des Animaux<\/a><\/p>\n","protected":false},"excerpt":{"rendered":"<p>African Cichlid Color Pearls Soft 80g Granul\u00e9s mous adapt\u00e9s aux habitudes alimentaires sp\u00e9cifiques des cichlid\u00e9s africains, avec des ingr\u00e9dients qui&hellip;<\/p>\n","protected":false},"author":2,"featured_media":0,"parent":1973,"menu_order":1,"comment_status":"closed","ping_status":"closed","template":"","meta":{"footnotes":""},"class_list":["post-2002","page","type-page","status-publish","hentry"],"_links":{"self":[{"href":"https:\/\/www.discusfood.com\/fr\/wp-json\/wp\/v2\/pages\/2002","targetHints":{"allow":["GET"]}}],"collection":[{"href":"https:\/\/www.discusfood.com\/fr\/wp-json\/wp\/v2\/pages"}],"about":[{"href":"https:\/\/www.discusfood.com\/fr\/wp-json\/wp\/v2\/types\/page"}],"author":[{"embeddable":true,"href":"https:\/\/www.discusfood.com\/fr\/wp-json\/wp\/v2\/users\/2"}],"replies":[{"embeddable":true,"href":"https:\/\/www.discusfood.com\/fr\/wp-json\/wp\/v2\/comments?post=2002"}],"version-history":[{"count":5,"href":"https:\/\/www.discusfood.com\/fr\/wp-json\/wp\/v2\/pages\/2002\/revisions"}],"predecessor-version":[{"id":2900,"href":"https:\/\/www.discusfood.com\/fr\/wp-json\/wp\/v2\/pages\/2002\/revisions\/2900"}],"up":[{"embeddable":true,"href":"https:\/\/www.discusfood.com\/fr\/wp-json\/wp\/v2\/pages\/1973"}],"wp:attachment":[{"href":"https:\/\/www.discusfood.com\/fr\/wp-json\/wp\/v2\/media?parent=2002"}],"curies":[{"name":"wp","href":"https:\/\/api.w.org\/{rel}","templated":true}]}}