{"id":2011,"date":"2023-04-14T10:22:22","date_gmt":"2023-04-14T08:22:22","guid":{"rendered":"https:\/\/www.discusfood.com\/de\/?page_id=2011"},"modified":"2026-03-31T12:49:12","modified_gmt":"2026-03-31T12:49:12","slug":"pleco-special-softgranulate-80g","status":"publish","type":"page","link":"https:\/\/www.discusfood.com\/fr\/nourriture-pour-poissons\/granules-divers\/pleco-special-softgranulate-80g","title":{"rendered":"Pleco Special Softgranulate"},"content":{"rendered":"<p><img loading=\"lazy\" decoding=\"async\" class=\"wp-image-2252 size-medium alignleft\" src=\"https:\/\/www.discusfood.com\/fr\/wp-content\/uploads\/sites\/5\/2023\/05\/20001-2-v1-e1686401497449-173x300.jpg\" alt=\"\" width=\"173\" height=\"300\" \/><\/p>\n<p><strong>Pleco Special Softgranulate<\/strong><\/p>\n<p>Pleco Special Softgranulat est un aliment complet de haute qualit\u00e9, sp\u00e9cialement d\u00e9velopp\u00e9 pour les silures et autres poissons d&#8217;ornement vivant au fond de l&#8217;eau. La recette contient des ingr\u00e9dients soigneusement s\u00e9lectionn\u00e9s tels que de la farine de poisson, du gluten de bl\u00e9, de l&#8217;huile de poisson, du bl\u00e9 et de la farine de krill, ainsi qu&#8217;un complexe multivitamin\u00e9. La structure granuleuse molle favorise l&#8217;acceptation et est facile \u00e0 dig\u00e9rer. La nourriture conserve sa forme dans l&#8217;eau et contribue \u00e0 r\u00e9duire la pollution de l&#8217;eau. Id\u00e9al pour l&#8217;alimentation quotidienne afin de favoriser la croissance et la sant\u00e9 de vos poissons.<\/p>\n<p><strong>Composition<\/strong> : farine de poisson, gluten de bl\u00e9, huile de poisson, bl\u00e9, farine de krill, complexe multivitamin\u00e9, colorants.<br \/>\n<strong>Constituants analytiques<\/strong> : Prot\u00e9ines brutes 49,8 %, mati\u00e8res grasses brutes 12,6 %, cendres brutes 8,3 %, fibres brutes 0,7 %.<br \/>\n<strong>Additifs par kg<\/strong> : vitamines : A (3a672a) 20000 UI, D3 (3a671) 2600 UI ; avec colorants ; oligo-\u00e9l\u00e9ments : Mn (3b503) 8 mg, Zn (3b605) 70 mg ; avec antioxydants.<br \/>\nAliment complet pour poissons d&#8217;ornement !<br \/>\n<strong>Conseil d&#8217;alimentation<\/strong> : donnez 2-3 fois par jour la quantit\u00e9 que les poissons mangent en 2-5 minutes. Ne pas suralimenter les poissons !<\/p>\n<p><strong>Non destin\u00e9 \u00e0 la consommation humaine ! CONSERVER AU FRAIS ET AU SEC !<\/strong><\/p>\n<p><strong><img loading=\"lazy\" decoding=\"async\" class=\"alignleft size-medium wp-image-2252\" src=\"\/fr\/wp-content\/uploads\/sites\/5\/2023\/05\/20001-2-v1-e1686401497449-173x300.jpg\" alt=\"Pleco Special Softgranulate 80g\" width=\"173\" height=\"300\" \/><br \/>\nPleco Special Softgranulate 80g<br \/>\nNum\u00e9ro d&#8217;article<\/strong> : 20001<\/p>\n<p>&nbsp;<\/p>\n<p>&nbsp;<\/p>\n<p>&nbsp;<\/p>\n<p><strong><img loading=\"lazy\" decoding=\"async\" class=\"alignleft size-medium wp-image-2918\" src=\"\/fr\/wp-content\/uploads\/sites\/5\/2024\/05\/20012-2-v1-222x300.jpg\" alt=\"Pleco Special Softgranulate 230g\" width=\"222\" height=\"300\" \/><br \/>\nPleco Special Softgranulate 230g<\/strong><br \/>\n<strong>Num\u00e9ro d&#8217;article :<\/strong> 20012<\/p>\n<p>&nbsp;<\/p>\n<p>&nbsp;<\/p>\n<p>&nbsp;<\/p>\n<p><img loading=\"lazy\" decoding=\"async\" class=\"alignleft size-medium wp-image-3122\" src=\"\/fr\/wp-content\/uploads\/sites\/5\/2026\/03\/20112-166x300.webp\" alt=\"20112 Pleco Special Softgranulate 1000ml\" width=\"166\" height=\"300\" \/><\/p>\n<p><strong>Pleco Special Softgranulate 550g<\/strong><br \/>\n<strong>Num\u00e9ro d&#8217;article<\/strong> : 20112<\/p>\n<p>&nbsp;<\/p>\n<p>&nbsp;<\/p>\n<p><strong><\/p>\n<p>Acheter l\u2019article ici<\/strong> \u2013 <a href=\"https:\/\/www.la-boutique-des-animaux.fr\" target=\"_blank\" rel=\"noopener\">La Boutique Des Animaux<\/a><\/p>\n","protected":false},"excerpt":{"rendered":"<p>Pleco Special Softgranulate Pleco Special Softgranulat est un aliment complet de haute qualit\u00e9, sp\u00e9cialement d\u00e9velopp\u00e9 pour les silures et autres&hellip;<\/p>\n","protected":false},"author":2,"featured_media":0,"parent":1978,"menu_order":10,"comment_status":"closed","ping_status":"closed","template":"","meta":{"footnotes":""},"class_list":["post-2011","page","type-page","status-publish","hentry"],"_links":{"self":[{"href":"https:\/\/www.discusfood.com\/fr\/wp-json\/wp\/v2\/pages\/2011","targetHints":{"allow":["GET"]}}],"collection":[{"href":"https:\/\/www.discusfood.com\/fr\/wp-json\/wp\/v2\/pages"}],"about":[{"href":"https:\/\/www.discusfood.com\/fr\/wp-json\/wp\/v2\/types\/page"}],"author":[{"embeddable":true,"href":"https:\/\/www.discusfood.com\/fr\/wp-json\/wp\/v2\/users\/2"}],"replies":[{"embeddable":true,"href":"https:\/\/www.discusfood.com\/fr\/wp-json\/wp\/v2\/comments?post=2011"}],"version-history":[{"count":7,"href":"https:\/\/www.discusfood.com\/fr\/wp-json\/wp\/v2\/pages\/2011\/revisions"}],"predecessor-version":[{"id":3133,"href":"https:\/\/www.discusfood.com\/fr\/wp-json\/wp\/v2\/pages\/2011\/revisions\/3133"}],"up":[{"embeddable":true,"href":"https:\/\/www.discusfood.com\/fr\/wp-json\/wp\/v2\/pages\/1978"}],"wp:attachment":[{"href":"https:\/\/www.discusfood.com\/fr\/wp-json\/wp\/v2\/media?parent=2011"}],"curies":[{"name":"wp","href":"https:\/\/api.w.org\/{rel}","templated":true}]}}