{"id":2019,"date":"2023-04-14T14:59:27","date_gmt":"2023-04-14T12:59:27","guid":{"rendered":"https:\/\/www.discusfood.com\/de\/?page_id=2019"},"modified":"2025-01-14T12:34:11","modified_gmt":"2025-01-14T12:34:11","slug":"buffet-di-insect-flatgranulate-65g","status":"publish","type":"page","link":"https:\/\/www.discusfood.com\/fr\/nourriture-pour-poissons\/granules-plats\/buffet-di-insect-flatgranulate-65g","title":{"rendered":"Buffet di Insect Flatgranulate 65g"},"content":{"rendered":"<p><img loading=\"lazy\" decoding=\"async\" class=\"alignleft wp-image-1585 size-medium\" src=\"https:\/\/www.discusfood.com\/de\/wp-content\/uploads\/sites\/3\/2021\/01\/20059a-1-1-e1686401263254-232x300.jpg\" alt=\"\" width=\"232\" height=\"300\" \/><\/p>\n<p><strong>Buffet di Insect Flatgranulate 65g<\/strong><\/p>\n<p>Aliment complet, complet et extrud\u00e9 pour toutes les esp\u00e8ces de poissons d&#8217;ornement n\u00e9cessitant une alimentation adapt\u00e9e avec des insectes. Les cichlid\u00e9s, les bettas, les t\u00e9tras et les poissons-chats, en particulier, appr\u00e9cient son go\u00fbt et sa composition unique. Il est tr\u00e8s digeste, doux, ne trouble pas l&#8217;eau et ne se d\u00e9sagr\u00e8ge pas. Sa teneur \u00e9quilibr\u00e9e en nutriments, vitamines et min\u00e9raux assure une croissance saine et un d\u00e9veloppement optimal des poissons.<\/p>\n<p><strong>Composition<\/strong> : prot\u00e9ines d&#8217;insectes, farine de bl\u00e9, gluten de bl\u00e9, farine d&#8217;herm\u00e8s, farine de krill, farine de crevettes, \u00e9pinards, ma\u00efs, tubifex, vers \u00e0 soie, extrait de larves de moustiques rouges, levure de bi\u00e8re, b\u00e9ta\u00efne, chou vert, huile de poisson, moringa, spiruline, ail, complexe multivitamin\u00e9.<br \/>\n<strong>Constituants analytiques<\/strong> : Prot\u00e9ines brutes 50 %, mati\u00e8res grasses brutes 6,5 %, cendres brutes 6,4 %, fibres brutes 2,9 %.<br \/>\n<strong>Additifs par kg<\/strong> : vitamines : A (3a672a) 24000 UI, C (3a300) 180 mg, D3 (3a671) 1800 UI ; avec colorants ; oligo-\u00e9l\u00e9ments : Fe (3b103) 29 mg, Mn (3b502) 37 mg, Zn (3b603) 36 mg ; avec antioxydants.<br \/>\n<strong>Dosage de la nourriture<\/strong> : nourrissez deux \u00e0 trois fois par jour autant que les poissons mangent en 3-5 minutes. Ne suralimentez pas les poissons !<br \/>\nSelon la taille de l&#8217;aliment et l&#8217;esp\u00e8ce de poisson, il est toujours possible de nourrir les alevins jusqu&#8217;aux poissons d&#8217;\u00e9levage.<\/p>\n<p><strong>Non destin\u00e9 \u00e0 la consommation humaine ! CONSERVER AU FRAIS ET AU SEC !<\/strong><\/p>\n<p><strong>Num\u00e9ro d&#8217;article<\/strong> : 20059<\/p>\n<p><strong>Acheter l\u2019article ici<\/strong> \u2013 <a href=\"https:\/\/www.la-boutique-des-animaux.fr\" target=\"_blank\" rel=\"noopener\">La Boutique Des Animaux<\/a><\/p>\n","protected":false},"excerpt":{"rendered":"<p>Buffet di Insect Flatgranulate 65g Aliment complet, complet et extrud\u00e9 pour toutes les esp\u00e8ces de poissons d&#8217;ornement n\u00e9cessitant une alimentation&hellip;<\/p>\n","protected":false},"author":2,"featured_media":0,"parent":2969,"menu_order":2,"comment_status":"closed","ping_status":"closed","template":"","meta":{"footnotes":""},"class_list":["post-2019","page","type-page","status-publish","hentry"],"_links":{"self":[{"href":"https:\/\/www.discusfood.com\/fr\/wp-json\/wp\/v2\/pages\/2019","targetHints":{"allow":["GET"]}}],"collection":[{"href":"https:\/\/www.discusfood.com\/fr\/wp-json\/wp\/v2\/pages"}],"about":[{"href":"https:\/\/www.discusfood.com\/fr\/wp-json\/wp\/v2\/types\/page"}],"author":[{"embeddable":true,"href":"https:\/\/www.discusfood.com\/fr\/wp-json\/wp\/v2\/users\/2"}],"replies":[{"embeddable":true,"href":"https:\/\/www.discusfood.com\/fr\/wp-json\/wp\/v2\/comments?post=2019"}],"version-history":[{"count":4,"href":"https:\/\/www.discusfood.com\/fr\/wp-json\/wp\/v2\/pages\/2019\/revisions"}],"predecessor-version":[{"id":2795,"href":"https:\/\/www.discusfood.com\/fr\/wp-json\/wp\/v2\/pages\/2019\/revisions\/2795"}],"up":[{"embeddable":true,"href":"https:\/\/www.discusfood.com\/fr\/wp-json\/wp\/v2\/pages\/2969"}],"wp:attachment":[{"href":"https:\/\/www.discusfood.com\/fr\/wp-json\/wp\/v2\/media?parent=2019"}],"curies":[{"name":"wp","href":"https:\/\/api.w.org\/{rel}","templated":true}]}}