{"id":2022,"date":"2023-04-14T15:15:02","date_gmt":"2023-04-14T13:15:02","guid":{"rendered":"https:\/\/www.discusfood.com\/de\/?page_id=2022"},"modified":"2025-01-14T12:00:08","modified_gmt":"2025-01-14T12:00:08","slug":"artemia-brine-shrimps-decapsulated-eggs-65g","status":"publish","type":"page","link":"https:\/\/www.discusfood.com\/fr\/nourriture-pour-poissons\/artemia-50-granulate\/artemia-brine-shrimps-decapsulated-eggs-65g","title":{"rendered":"Artemia\/Brine Shrimps Decapsulated Eggs 65g"},"content":{"rendered":"<p><img loading=\"lazy\" decoding=\"async\" class=\"size-medium wp-image-2024 alignleft\" src=\"https:\/\/www.discusfood.com\/de\/wp-content\/uploads\/sites\/3\/2023\/04\/20061_front-v1-300x176.jpg\" alt=\"\" width=\"300\" height=\"176\" \/><strong>Artemia\/Brine Shrimps Decapsulated Eggs 65g<\/strong><\/p>\n<p>\u0152ufs d&#8217;art\u00e9mias 100% d\u00e9capsul\u00e9s \u00e0 donner imm\u00e9diatement aux animaux. Excellent pour l&#8217;\u00e9levage de poissons et de crevettes. Ne donner que la quantit\u00e9 qui sera mang\u00e9e en quelques minutes. Conserver au sec et au frais.<\/p>\n<p><strong>Non destin\u00e9 \u00e0 la consommation humaine ! CONSERVER AU FRAIS ET AU SEC !<\/strong><\/p>\n<p><strong>Num\u00e9ro d&#8217;article:<\/strong> 20061<\/p>\n<p><strong>Acheter l\u2019article ic<\/strong>i \u2013 <a href=\"https:\/\/www.la-boutique-des-animaux.fr\" target=\"_blank\" rel=\"noopener\">La Boutique Des Animaux<\/a><\/p>\n","protected":false},"excerpt":{"rendered":"<p>Artemia\/Brine Shrimps Decapsulated Eggs 65g \u0152ufs d&#8217;art\u00e9mias 100% d\u00e9capsul\u00e9s \u00e0 donner imm\u00e9diatement aux animaux. Excellent pour l&#8217;\u00e9levage de poissons et&hellip;<\/p>\n","protected":false},"author":2,"featured_media":0,"parent":1969,"menu_order":1,"comment_status":"closed","ping_status":"closed","template":"","meta":{"footnotes":""},"class_list":["post-2022","page","type-page","status-publish","hentry"],"_links":{"self":[{"href":"https:\/\/www.discusfood.com\/fr\/wp-json\/wp\/v2\/pages\/2022","targetHints":{"allow":["GET"]}}],"collection":[{"href":"https:\/\/www.discusfood.com\/fr\/wp-json\/wp\/v2\/pages"}],"about":[{"href":"https:\/\/www.discusfood.com\/fr\/wp-json\/wp\/v2\/types\/page"}],"author":[{"embeddable":true,"href":"https:\/\/www.discusfood.com\/fr\/wp-json\/wp\/v2\/users\/2"}],"replies":[{"embeddable":true,"href":"https:\/\/www.discusfood.com\/fr\/wp-json\/wp\/v2\/comments?post=2022"}],"version-history":[{"count":4,"href":"https:\/\/www.discusfood.com\/fr\/wp-json\/wp\/v2\/pages\/2022\/revisions"}],"predecessor-version":[{"id":2715,"href":"https:\/\/www.discusfood.com\/fr\/wp-json\/wp\/v2\/pages\/2022\/revisions\/2715"}],"up":[{"embeddable":true,"href":"https:\/\/www.discusfood.com\/fr\/wp-json\/wp\/v2\/pages\/1969"}],"wp:attachment":[{"href":"https:\/\/www.discusfood.com\/fr\/wp-json\/wp\/v2\/media?parent=2022"}],"curies":[{"name":"wp","href":"https:\/\/api.w.org\/{rel}","templated":true}]}}