{"id":2032,"date":"2023-04-14T15:29:21","date_gmt":"2023-04-14T13:29:21","guid":{"rendered":"https:\/\/www.discusfood.com\/de\/?page_id=2032"},"modified":"2025-12-01T13:06:31","modified_gmt":"2025-12-01T13:06:31","slug":"day-by-day-granulate-80g","status":"publish","type":"page","link":"https:\/\/www.discusfood.com\/fr\/nourriture-pour-poissons\/granules-pour-discus\/day-by-day-granulate-80g","title":{"rendered":"Day by Day Granulate"},"content":{"rendered":"<p><img loading=\"lazy\" decoding=\"async\" class=\"wp-image-2256 size-medium alignleft\" src=\"https:\/\/www.discusfood.com\/fr\/wp-content\/uploads\/sites\/5\/2023\/05\/20064-2-v1-182x300.jpg\" alt=\"\" width=\"182\" height=\"300\" \/><\/p>\n<p><strong>Day by Day Granulat \u2013 Aliment complet pour discus<\/strong><\/p>\n<p>Il n&#8217;est pas n\u00e9cessaire d&#8217;exploiter toutes les possibilit\u00e9s pour donner des couleurs \u00e0 ses animaux. Il suffit d&#8217;une alimentation quotidienne solide et \u00e9quilibr\u00e9e qui offre tout ce dont le discus a besoin, mais qui renonce en outre aux additifs pour une croissance &#8218;particuli\u00e8rement&#8216; rapide et autres. Les granul\u00e9s &#8222;Day by Day&#8220; vous offrent exactement cette possibilit\u00e9. Toutes les vitamines, tous les min\u00e9raux, toutes les prot\u00e9ines, toutes les mati\u00e8res grasses et toutes les fibres essentielles sont pr\u00e9sents et assurent un apport nutritif parfaitement suffisant.<br \/>\nLa r\u00e9duction de la pollution de l&#8217;eau garantit \u00e9galement une alimentation quotidienne sans crainte.<br \/>\nComme pour tous nos granul\u00e9s pour discus, Discusfood a bien s\u00fbr accord\u00e9 une attention particuli\u00e8re \u00e0 la digestibilit\u00e9 de la nourriture &#8222;Day by Day&#8220;. Comme son nom l&#8217;indique, &#8222;Day by Day&#8220; est une nourriture principale compl\u00e8te qui peut aussi bien couvrir les besoins journaliers que n&#8217;\u00eatre donn\u00e9e qu&#8217;en compl\u00e9ment.<\/p>\n<p><strong>Composition<\/strong> : farine de poisson, gluten de bl\u00e9, farine de krill, bl\u00e9, huile de poisson.<br \/>\n<strong>Constituants analytiques<\/strong> : Prot\u00e9ines brutes 59%, mati\u00e8res grasses brutes 14,5%, cendres brutes 12,4%, fibres brutes 0,7%.<br \/>\n<strong>Additifs par kg<\/strong> : vitamines : A (3a672a) 20000 IE, D3 (3a671) 2000 IE ; avec colorants ; oligo-\u00e9l\u00e9ments : Mn (3b503) 12 mg, Zn (3b605) 30 mg ; avec antioxydants.<br \/>\n<strong>Recommandation d&#8217;alimentation<\/strong> : nourrir 2-3 fois par jour autant que les poissons mangent en 2-5 minutes. Ne pas suralimenter les poissons !<br \/>\nAliment complet pour poissons d&#8217;ornement !<\/p>\n<p><strong>Non destin\u00e9 \u00e0 la consommation humaine ! CONSERVER AU FRAIS ET AU SEC !<\/strong><\/p>\n<p><strong><img loading=\"lazy\" decoding=\"async\" class=\"alignleft size-medium wp-image-2256\" src=\"\/fr\/wp-content\/uploads\/sites\/5\/2023\/05\/20064-2-v1-182x300.jpg\" alt=\"Day by Day Granulat 80g\" width=\"182\" height=\"300\" \/><\/strong><\/p>\n<p><strong><br \/>\nDay by Day Granulat 80g<br \/>\nNum\u00e9ro d&#8217;article<\/strong> : 20064<\/p>\n<p>&nbsp;<\/p>\n<p>&nbsp;<\/p>\n<p>&nbsp;<\/p>\n<p><strong><br \/>\n<img loading=\"lazy\" decoding=\"async\" class=\"alignleft size-medium wp-image-2278\" src=\"\/fr\/wp-content\/uploads\/sites\/5\/2023\/05\/20642-2-v1-225x300.jpg\" alt=\"Day by Day Granulate 230g\" width=\"225\" height=\"300\" \/><br \/>\nDay by Day Granulat 230g<\/strong><br \/>\n<strong>Num\u00e9ro d&#8217;article :<\/strong> 20642<\/p>\n<p>&nbsp;<\/p>\n<p>&nbsp;<\/p>\n<p>&nbsp;<\/p>\n<p><strong><br \/>\n<img loading=\"lazy\" decoding=\"async\" class=\"alignleft size-medium wp-image-2078\" src=\"\/fr\/wp-content\/uploads\/sites\/5\/2023\/04\/20645-v1-e1686402019771-300x270.jpg\" alt=\"Day by Day Granulat 2800g\n\" width=\"300\" height=\"270\" \/><br \/>\nDay by Day Granulat 2800g<\/strong><br \/>\n<strong>Num\u00e9ro d&#8217;article<\/strong> : 20645<\/p>\n<p>&nbsp;<\/p>\n<p>&nbsp;<\/p>\n<p>&nbsp;<\/p>\n<p><strong>Acheter l\u2019article ici<\/strong> \u2013 <a href=\"https:\/\/www.la-boutique-des-animaux.fr\" target=\"_blank\" rel=\"noopener\">La Boutique Des Animaux<\/a><\/p>\n","protected":false},"excerpt":{"rendered":"<p>Day by Day Granulat \u2013 Aliment complet pour discus Il n&#8217;est pas n\u00e9cessaire d&#8217;exploiter toutes les possibilit\u00e9s pour donner des&hellip;<\/p>\n","protected":false},"author":2,"featured_media":0,"parent":1976,"menu_order":6,"comment_status":"closed","ping_status":"closed","template":"","meta":{"footnotes":""},"class_list":["post-2032","page","type-page","status-publish","hentry"],"_links":{"self":[{"href":"https:\/\/www.discusfood.com\/fr\/wp-json\/wp\/v2\/pages\/2032","targetHints":{"allow":["GET"]}}],"collection":[{"href":"https:\/\/www.discusfood.com\/fr\/wp-json\/wp\/v2\/pages"}],"about":[{"href":"https:\/\/www.discusfood.com\/fr\/wp-json\/wp\/v2\/types\/page"}],"author":[{"embeddable":true,"href":"https:\/\/www.discusfood.com\/fr\/wp-json\/wp\/v2\/users\/2"}],"replies":[{"embeddable":true,"href":"https:\/\/www.discusfood.com\/fr\/wp-json\/wp\/v2\/comments?post=2032"}],"version-history":[{"count":7,"href":"https:\/\/www.discusfood.com\/fr\/wp-json\/wp\/v2\/pages\/2032\/revisions"}],"predecessor-version":[{"id":3088,"href":"https:\/\/www.discusfood.com\/fr\/wp-json\/wp\/v2\/pages\/2032\/revisions\/3088"}],"up":[{"embeddable":true,"href":"https:\/\/www.discusfood.com\/fr\/wp-json\/wp\/v2\/pages\/1976"}],"wp:attachment":[{"href":"https:\/\/www.discusfood.com\/fr\/wp-json\/wp\/v2\/media?parent=2032"}],"curies":[{"name":"wp","href":"https:\/\/api.w.org\/{rel}","templated":true}]}}