{"id":2036,"date":"2023-04-14T15:31:27","date_gmt":"2023-04-14T13:31:27","guid":{"rendered":"https:\/\/www.discusfood.com\/de\/?page_id=2036"},"modified":"2025-12-01T13:15:16","modified_gmt":"2025-12-01T13:15:16","slug":"turkey-heart-soft-granulate-80g","status":"publish","type":"page","link":"https:\/\/www.discusfood.com\/fr\/nourriture-pour-poissons\/granules-pour-discus\/turkey-heart-soft-granulate-80g","title":{"rendered":"Turkey Heart Soft Granulate"},"content":{"rendered":"<p><img loading=\"lazy\" decoding=\"async\" class=\"wp-image-2258 size-medium alignleft\" src=\"https:\/\/www.discusfood.com\/fr\/wp-content\/uploads\/sites\/5\/2023\/05\/20070-2-v1-184x300.jpg\" alt=\"\" width=\"184\" height=\"300\" \/><\/p>\n<p><strong>Turkey Heart Softgranulat &#8211; Aliment complet pour tous les discus<\/strong><\/p>\n<p>L&#8217;alternative pour tous ceux qui veulent bien donner des prot\u00e9ines animales, mais pas de b\u0153uf. Non, les discus ne mangent pas non plus de dinde dans la nature&#8230; mais, comme pour le c\u0153ur de b\u0153uf, il ne s&#8217;agit pas de cr\u00e9er pour les animaux des conditions aussi proches que possible de la nature, mais de leur fournir au moins la meilleure nourriture possible afin de ne pas les exposer \u00e0 la pression de la s\u00e9lection naturelle.<br \/>\nTout comme pour les prot\u00e9ines bovines, seules les parties que le discus peut r\u00e9ellement dig\u00e9rer sont trait\u00e9es dans le cas des prot\u00e9ines de dinde, car les collag\u00e8nes, par exemple, ne peuvent pas \u00eatre d\u00e9compos\u00e9s. Ceux-ci peuvent m\u00eame nuire aux poissons s&#8217;ils sont donn\u00e9s en grande quantit\u00e9, par exemple parce que les collag\u00e8nes se d\u00e9posent en couches sur la paroi intestinale et cr\u00e9ent ainsi un environnement parfait pour la prolif\u00e9ration de parasites ind\u00e9sirables. La pollution de l&#8217;eau par les &#8222;Turkey Heart Soft Granulate&#8220; est plusieurs fois inf\u00e9rieure \u00e0 celle que l&#8217;on peut obtenir en nourrissant les poissons avec des prot\u00e9ines d&#8217;aliments congel\u00e9s. A cela s&#8217;ajoutent les avantages du stockage, du dosage et de la dur\u00e9e de conservation plus longue par rapport \u00e0 la nourriture congel\u00e9e.<br \/>\nL&#8217;acidification des granul\u00e9s est une particularit\u00e9 qui augmente encore l&#8217;acceptation et la digestibilit\u00e9 de la nourriture.<\/p>\n<p><strong>Composition<\/strong> : farine de poisson, gluten de bl\u00e9, huile de poisson, bl\u00e9, viande et sous-produits animaux, farine de krill, complexe multivitamin\u00e9, colorants.<br \/>\n<strong>Constituants analytiques<\/strong> : Prot\u00e9ines brutes 48,3 %, mati\u00e8res grasses brutes 13,6 %, cendres brutes 8,3 %, fibres brutes 0,7 %.<br \/>\n<strong>Additifs par kg<\/strong> : vitamines : A (3a672a) 20000 UI, D3 (3a671) 2600 UI ; avec colorants ; oligo-\u00e9l\u00e9ments : Mn (3b503) 8 mg, Zn (3b605) 70 mg ; avec antioxydants.<br \/>\n<strong>Recommandation d&#8217;alimentation<\/strong> : nourrir 2-3 fois par jour autant que les poissons mangent en 2-5 minutes. Ne pas suralimenter les poissons !<\/p>\n<p><strong>Non destin\u00e9 \u00e0 la consommation humaine ! CONSERVER AU FRAIS ET AU SEC !<\/strong><\/p>\n<p><strong><img loading=\"lazy\" decoding=\"async\" class=\"alignleft size-medium wp-image-2258\" src=\"\/fr\/wp-content\/uploads\/sites\/5\/2023\/05\/20070-2-v1-184x300.jpg\" alt=\"Turkey Heart Softgranulat 80g\" width=\"184\" height=\"300\" \/><br \/>\nTurkey Heart Softgranulat 80g<br \/>\nNum\u00e9ro d&#8217;article<\/strong> : 20070<\/p>\n<p>&nbsp;<\/p>\n<p>&nbsp;<\/p>\n<p>&nbsp;<\/p>\n<p><strong><br \/>\n<img loading=\"lazy\" decoding=\"async\" class=\"alignleft size-medium wp-image-2926\" src=\"\/fr\/wp-content\/uploads\/sites\/5\/2024\/05\/20702-2-v1-215x300.jpg\" alt=\"Turkey Heart Softgranulat 230g\" width=\"215\" height=\"300\" \/><br \/>\nTurkey Heart Softgranulat 230g<\/strong><br \/>\n<strong>Num\u00e9ro d&#8217;article<\/strong> : 20702<\/p>\n<p>&nbsp;<\/p>\n<p>&nbsp;<\/p>\n<p>&nbsp;<\/p>\n<p><strong>Acheter l\u2019article ici<\/strong> \u2013<a href=\"https:\/\/www.la-boutique-des-animaux.fr\" target=\"_blank\" rel=\"noopener\"> La Boutique Des Animaux<\/a><\/p>\n","protected":false},"excerpt":{"rendered":"<p>Turkey Heart Softgranulat &#8211; Aliment complet pour tous les discus L&#8217;alternative pour tous ceux qui veulent bien donner des prot\u00e9ines&hellip;<\/p>\n","protected":false},"author":2,"featured_media":0,"parent":1976,"menu_order":11,"comment_status":"closed","ping_status":"closed","template":"","meta":{"footnotes":""},"class_list":["post-2036","page","type-page","status-publish","hentry"],"_links":{"self":[{"href":"https:\/\/www.discusfood.com\/fr\/wp-json\/wp\/v2\/pages\/2036","targetHints":{"allow":["GET"]}}],"collection":[{"href":"https:\/\/www.discusfood.com\/fr\/wp-json\/wp\/v2\/pages"}],"about":[{"href":"https:\/\/www.discusfood.com\/fr\/wp-json\/wp\/v2\/types\/page"}],"author":[{"embeddable":true,"href":"https:\/\/www.discusfood.com\/fr\/wp-json\/wp\/v2\/users\/2"}],"replies":[{"embeddable":true,"href":"https:\/\/www.discusfood.com\/fr\/wp-json\/wp\/v2\/comments?post=2036"}],"version-history":[{"count":6,"href":"https:\/\/www.discusfood.com\/fr\/wp-json\/wp\/v2\/pages\/2036\/revisions"}],"predecessor-version":[{"id":3092,"href":"https:\/\/www.discusfood.com\/fr\/wp-json\/wp\/v2\/pages\/2036\/revisions\/3092"}],"up":[{"embeddable":true,"href":"https:\/\/www.discusfood.com\/fr\/wp-json\/wp\/v2\/pages\/1976"}],"wp:attachment":[{"href":"https:\/\/www.discusfood.com\/fr\/wp-json\/wp\/v2\/media?parent=2036"}],"curies":[{"name":"wp","href":"https:\/\/api.w.org\/{rel}","templated":true}]}}