{"id":2053,"date":"2023-04-14T16:18:07","date_gmt":"2023-04-14T14:18:07","guid":{"rendered":"https:\/\/www.discusfood.com\/de\/?page_id=2053"},"modified":"2025-01-14T12:52:22","modified_gmt":"2025-01-14T12:52:22","slug":"breeder-starter-food-i-softgranulate-500g","status":"publish","type":"page","link":"https:\/\/www.discusfood.com\/fr\/nourriture-pour-poissons\/granules-pour-discus\/breeder-starter-food-i-softgranulate-500g","title":{"rendered":"Breeder Starter Food I Softgranulate 500g"},"content":{"rendered":"<p><img loading=\"lazy\" decoding=\"async\" class=\"size-medium wp-image-2055 alignleft\" src=\"https:\/\/www.discusfood.com\/de\/wp-content\/uploads\/sites\/3\/2023\/04\/20083_vorne-v1-205x300.jpg\" alt=\"\" width=\"205\" height=\"300\" \/><\/p>\n<p><strong>Breeder Starter Food I Soft-Granulat 500 g pour poissons de 1 \u00e0 3 cm<\/strong><\/p>\n<p>D\u00e8s que les jeunes discus sont capables de prendre leur nourriture au sol, &#8222;Breeder Starter Food 1&#8220; est l&#8217;aliment principal id\u00e9al pour l&#8217;\u00e9levage. En pratique, des nauplius d&#8217;art\u00e9mias vivants sont propos\u00e9s \u00e0 partir du cinqui\u00e8me jour de nage libre, en plus du mucus nutritif des parents. Quelques jours plus tard, les jeunes animaux mangent \u00e9galement les nauplius tomb\u00e9s sur le sol. A partir de ce moment, vous pouvez commencer \u00e0 leur offrir cette nourriture de haute qualit\u00e9 pour stimuler leur croissance de mani\u00e8re optimale. A partir d&#8217;une taille d&#8217;environ 3 cm, il convient de proposer aux jeunes discus la nourriture &#8222;Breeder Starter Food 2&#8220;, un peu plus grande, comme nourriture de suite. Convient \u00e9galement pour l&#8217;\u00e9levage d&#8217;autres esp\u00e8ces ! Nourrissez vos jeunes poissons 5 \u00e0 8 fois par jour !<\/p>\n<p><strong>Composition<\/strong> : farine de poisson, gluten de bl\u00e9, farine de krill, sous-produits d&#8217;origine v\u00e9g\u00e9tale, bl\u00e9, l\u00e9cithine, huile de poisson, complexe multivitamin\u00e9, colorants.<br \/>\n<strong>Constituants analytiques<\/strong> : Prot\u00e9ines brutes 51,2 %, mati\u00e8res grasses brutes 6,5 %, cendres brutes 9,6 %, fibres brutes 0,8 %.<br \/>\n<strong>Additifs par kg<\/strong> : vitamines : A (3a672a) 20000 IE, D3 (3a671) 2000 IE ; avec colorants ; oligo-\u00e9l\u00e9ments : Mn (3b503) 10 mg, Zn (3b605) 24 mg ; avec antioxydants.<br \/>\nAliment complet pour poissons d&#8217;ornement !<br \/>\n<strong>Conseil d&#8217;alimentation<\/strong> : donnez 2-3 fois par jour la quantit\u00e9 que les poissons mangent en 2-5 minutes. Ne pas suralimenter les poissons !<\/p>\n<p><strong>Non destin\u00e9 \u00e0 la consommation humaine ! CONSERVER AU FRAIS ET AU SEC !<\/strong><\/p>\n<p><strong>Num\u00e9ro d&#8217;article<\/strong> : 20083<\/p>\n<p><strong>Acheter l\u2019article ici<\/strong> \u2013 <a href=\"https:\/\/www.la-boutique-des-animaux.fr\" target=\"_blank\" rel=\"noopener\">La Boutique Des Animaux<\/a><\/p>\n","protected":false},"excerpt":{"rendered":"<p>Breeder Starter Food I Soft-Granulat 500 g pour poissons de 1 \u00e0 3 cm D\u00e8s que les jeunes discus sont&hellip;<\/p>\n","protected":false},"author":2,"featured_media":0,"parent":1976,"menu_order":4,"comment_status":"closed","ping_status":"closed","template":"","meta":{"footnotes":""},"class_list":["post-2053","page","type-page","status-publish","hentry"],"_links":{"self":[{"href":"https:\/\/www.discusfood.com\/fr\/wp-json\/wp\/v2\/pages\/2053","targetHints":{"allow":["GET"]}}],"collection":[{"href":"https:\/\/www.discusfood.com\/fr\/wp-json\/wp\/v2\/pages"}],"about":[{"href":"https:\/\/www.discusfood.com\/fr\/wp-json\/wp\/v2\/types\/page"}],"author":[{"embeddable":true,"href":"https:\/\/www.discusfood.com\/fr\/wp-json\/wp\/v2\/users\/2"}],"replies":[{"embeddable":true,"href":"https:\/\/www.discusfood.com\/fr\/wp-json\/wp\/v2\/comments?post=2053"}],"version-history":[{"count":4,"href":"https:\/\/www.discusfood.com\/fr\/wp-json\/wp\/v2\/pages\/2053\/revisions"}],"predecessor-version":[{"id":2778,"href":"https:\/\/www.discusfood.com\/fr\/wp-json\/wp\/v2\/pages\/2053\/revisions\/2778"}],"up":[{"embeddable":true,"href":"https:\/\/www.discusfood.com\/fr\/wp-json\/wp\/v2\/pages\/1976"}],"wp:attachment":[{"href":"https:\/\/www.discusfood.com\/fr\/wp-json\/wp\/v2\/media?parent=2053"}],"curies":[{"name":"wp","href":"https:\/\/api.w.org\/{rel}","templated":true}]}}