{"id":2057,"date":"2023-04-14T16:25:41","date_gmt":"2023-04-14T14:25:41","guid":{"rendered":"https:\/\/www.discusfood.com\/de\/?page_id=2057"},"modified":"2025-01-14T12:53:25","modified_gmt":"2025-01-14T12:53:25","slug":"breeder-starter-food-ii-softgranulate-500g","status":"publish","type":"page","link":"https:\/\/www.discusfood.com\/fr\/nourriture-pour-poissons\/granules-pour-discus\/breeder-starter-food-ii-softgranulate-500g","title":{"rendered":"Breeder Starter Food II Softgranulate 500g"},"content":{"rendered":"<p><img loading=\"lazy\" decoding=\"async\" class=\"size-medium wp-image-2059 alignleft\" src=\"https:\/\/www.discusfood.com\/de\/wp-content\/uploads\/sites\/3\/2023\/04\/20084_vorne-v1-198x300.jpg\" alt=\"\" width=\"198\" height=\"300\" \/><\/p>\n<p><strong>Breeder Starter Food II Softgranulat 500 g pour poissons de 3 \u00e0 8 cm<\/strong><\/p>\n<p>A la suite de l&#8217;aliment d&#8217;\u00e9levage Breeder 1 :<br \/>\nA partir d&#8217;une taille d&#8217;environ 3 cm, il convient de proposer aux jeunes discus le &#8222;Breeder Starter Food 2&#8220;, un peu plus grand, comme aliment de suivi. Convient \u00e9galement pour l&#8217;\u00e9levage d&#8217;autres esp\u00e8ces !<br \/>\nNourrissez vos jeunes poissons 5 \u00e0 8 fois par jour.<\/p>\n<p><strong>Composition<\/strong> : farine de poisson, gluten de bl\u00e9, glyc\u00e9rine, huile de poisson, bl\u00e9, farine de krill.<br \/>\n<strong>Constituants analytiques<\/strong> : Prot\u00e9ines brutes 49%, mati\u00e8res grasses brutes 12,2%, cendres brutes 10,2%, fibres brutes 0,6%.<br \/>\n<strong>Additifs par kg<\/strong> : vitamines : A (3a672a) 20000 UI, D3 (3a671) 2600 UI ; avec colorants ; oligo-\u00e9l\u00e9ments : Mn (3b503) 12 mg, Zn (3b605) 30 mg ; avec antioxydants.<br \/>\nAliment complet pour poissons d&#8217;ornement !<br \/>\n<strong>Conseil d&#8217;alimentation<\/strong> : donnez 2-3 fois par jour la quantit\u00e9 que les poissons mangent en 2-5 minutes. Ne pas suralimenter les poissons !<\/p>\n<p><strong>Non destin\u00e9 \u00e0 la consommation humaine ! CONSERVER AU FRAIS ET AU SEC !<\/strong><\/p>\n<p><strong>Num\u00e9ro d&#8217;article<\/strong> : 20084<\/p>\n<p><strong>Acheter l\u2019article ici<\/strong> \u2013 <a href=\"https:\/\/www.la-boutique-des-animaux.fr\" target=\"_blank\" rel=\"noopener\">La Boutique Des Animaux<\/a><\/p>\n","protected":false},"excerpt":{"rendered":"<p>Breeder Starter Food II Softgranulat 500 g pour poissons de 3 \u00e0 8 cm A la suite de l&#8217;aliment d&#8217;\u00e9levage&hellip;<\/p>\n","protected":false},"author":2,"featured_media":0,"parent":1976,"menu_order":5,"comment_status":"closed","ping_status":"closed","template":"","meta":{"footnotes":""},"class_list":["post-2057","page","type-page","status-publish","hentry"],"_links":{"self":[{"href":"https:\/\/www.discusfood.com\/fr\/wp-json\/wp\/v2\/pages\/2057","targetHints":{"allow":["GET"]}}],"collection":[{"href":"https:\/\/www.discusfood.com\/fr\/wp-json\/wp\/v2\/pages"}],"about":[{"href":"https:\/\/www.discusfood.com\/fr\/wp-json\/wp\/v2\/types\/page"}],"author":[{"embeddable":true,"href":"https:\/\/www.discusfood.com\/fr\/wp-json\/wp\/v2\/users\/2"}],"replies":[{"embeddable":true,"href":"https:\/\/www.discusfood.com\/fr\/wp-json\/wp\/v2\/comments?post=2057"}],"version-history":[{"count":4,"href":"https:\/\/www.discusfood.com\/fr\/wp-json\/wp\/v2\/pages\/2057\/revisions"}],"predecessor-version":[{"id":2780,"href":"https:\/\/www.discusfood.com\/fr\/wp-json\/wp\/v2\/pages\/2057\/revisions\/2780"}],"up":[{"embeddable":true,"href":"https:\/\/www.discusfood.com\/fr\/wp-json\/wp\/v2\/pages\/1976"}],"wp:attachment":[{"href":"https:\/\/www.discusfood.com\/fr\/wp-json\/wp\/v2\/media?parent=2057"}],"curies":[{"name":"wp","href":"https:\/\/api.w.org\/{rel}","templated":true}]}}