{"id":2089,"date":"2023-04-19T11:26:15","date_gmt":"2023-04-19T09:26:15","guid":{"rendered":"https:\/\/www.discusfood.com\/de\/?page_id=2089"},"modified":"2026-03-31T12:46:35","modified_gmt":"2026-03-31T12:46:35","slug":"pleco-catfish-algae-wafers-50g","status":"publish","type":"page","link":"https:\/\/www.discusfood.com\/fr\/nourriture-pour-poissons\/granules-divers\/pleco-catfish-algae-wafers-50g","title":{"rendered":"Pleco &amp; Catfish Algae Wafers"},"content":{"rendered":"<p><img loading=\"lazy\" decoding=\"async\" class=\"alignleft wp-image-2282 size-medium\" src=\"https:\/\/www.discusfood.com\/de\/wp-content\/uploads\/sites\/3\/2023\/05\/23001-3-v1-e1690376380221-171x300.jpg\" alt=\"\" width=\"171\" height=\"300\" \/><\/p>\n<p><strong>Pleco &amp; Catfish Algae Wafers &#8211; Aliment complet pour poissons d&#8217;ornement<br \/>\n<\/strong>Des chips alimentaires adapt\u00e9es aux habitudes alimentaires sp\u00e9cifiques des silures herbivores.<\/p>\n<p>La plupart des loricariid\u00e9s et de nombreux autres poissons mangent de la croissance. La croissance est un conglom\u00e9rat d&#8217;organismes v\u00e9g\u00e9taux et animaux qui forment un film vivant sur les pierres, les rochers, le bois, les racines et tout autre substrat. Il s&#8217;agit d&#8217;une communaut\u00e9 d&#8217;esp\u00e8ces compos\u00e9e d&#8217;algues, de bact\u00e9ries, de crustac\u00e9s, de vers, de larves d&#8217;insectes et de divers micro-organismes. Cette communaut\u00e9 vivante est une nourriture pour de nombreux poissons.<br \/>\nDiscusfood a d\u00e9velopp\u00e9 un nouveau type d&#8217;aliment pour poissons sp\u00e9cialement con\u00e7u pour les silures L et autres poissons de fond. Son nom est &#8222;Pleco &amp; Catfish Algae Wafers&#8220;. Les ingr\u00e9dients de Pleco &amp; Catfish Algae Wafers imitent la composition nutritive des algues. Les galettes ne sont pas compress\u00e9es \u00e0 partir de poudre de d\u00e9chets d&#8217;autres productions d&#8217;aliments pour animaux. Elles sont produites de la m\u00eame mani\u00e8re que les granul\u00e9s, mais form\u00e9es en petites chips. Les granul\u00e9s de haute qualit\u00e9 sont produits par un proc\u00e9d\u00e9 d&#8217;extrusion. C&#8217;est la meilleure fa\u00e7on de produire des aliments secs de haute qualit\u00e9. Ce type de production d&#8217;aliments ne n\u00e9cessite pas de chaleur. Tous les nutriments et vitamines pr\u00e9cieux sont pr\u00e9serv\u00e9s.<\/p>\n<p><strong>Ingr\u00e9dients<\/strong> : prot\u00e9ines brutes 39,4%, mati\u00e8res grasses brutes 4,2%, fibres brutes 5,3%, cendres brutes 9,6%.<br \/>\n<strong>Vitamines par kg<\/strong> : A 20000 IE, D3 1500 IE, E 150 mg, K3 5 mg, C 150 mg, B1 7,5 mg, B2 10 mg, B3 50 mg, B6 6 mg, B12 0,025 mg, biotine 0,25 mg, acide folique 2,5 mg, chlorure de choline 300 mg, inositol 250 mg, acide pantoth\u00e9nique 25 mg<br \/>\n<strong>Oligo\u00e9l\u00e9ments<\/strong> : E1 &#8211; sulfate de fer monohydrat\u00e9 24 mg, E2 &#8211; iodure de potassium 0,3 mg, E4 &#8211; sulfate de cuivre pentahydrat\u00e9 3 mg, E5 &#8211; oxyde de mangan\u00e8se 31 mg, E6 &#8211; oxyde de zinc 30 mg, E8 &#8211; s\u00e9l\u00e9nite de sodium 0,1 mg<br \/>\n<strong>Composition<\/strong> : prot\u00e9ines bact\u00e9riennes de Corynebacterium glutamicum, algues (10% Kelp et 8% Spirulina), c\u00e9r\u00e9ales, l\u00e9gumes, extraits de prot\u00e9ines v\u00e9g\u00e9tales, insectes (10%), krill (certifi\u00e9 MSC, 5%), substances min\u00e9rales, extraits d&#8217;herbes.<br \/>\n<strong>Conseils d&#8217;alimentation<\/strong> : Aliment complet pour poissons d&#8217;ornement. Donnez cette nourriture quotidiennement en petites portions.<\/p>\n<p><strong>Non destin\u00e9 \u00e0 la consommation humaine ! CONSERVER AU FRAIS ET AU SEC !<\/strong><\/p>\n<p><strong><img loading=\"lazy\" decoding=\"async\" class=\"alignleft size-medium wp-image-2091\" src=\"\/fr\/wp-content\/uploads\/sites\/5\/2023\/04\/23001-3-v1-e1716385497506-168x300.jpg\" alt=\"Pleco &amp; Catfish Algae Wafers 50g\" width=\"168\" height=\"300\" \/>Pleco &amp; Catfish Algae Wafers 50g<br \/>\nNum\u00e9ro d&#8217;article<\/strong> : 23001<\/p>\n<p>&nbsp;<\/p>\n<p>&nbsp;<\/p>\n<p>&nbsp;<\/p>\n<p>&nbsp;<\/p>\n<p><strong><img loading=\"lazy\" decoding=\"async\" class=\"alignleft size-medium wp-image-2099\" src=\"\/fr\/wp-content\/uploads\/sites\/5\/2023\/04\/23012-2-V1-218x300.jpg\" alt=\"Pleco &amp; Catfish Algae Wafers 150g\" width=\"218\" height=\"300\" \/><br \/>\nPleco &amp; Catfish Algae Wafers 150g<\/strong><br \/>\n<strong>Num\u00e9ro d&#8217;article<\/strong> : 23012<\/p>\n<p>&nbsp;<\/p>\n<p>&nbsp;<\/p>\n<p>&nbsp;<\/p>\n<p><img loading=\"lazy\" decoding=\"async\" class=\"alignleft size-medium wp-image-3125\" src=\"\/fr\/wp-content\/uploads\/sites\/5\/2026\/03\/23112-166x300.webp\" alt=\"23112 Pleco &amp; Catfish Algae Wafers 1000ml\" width=\"166\" height=\"300\" \/><br \/>\n<strong>Pleco &amp; Catfish Algae Wafers 480g<\/strong><br \/>\n<strong>Num\u00e9ro d&#8217;article<\/strong> : 23112<\/p>\n<p>&nbsp;<\/p>\n<p>&nbsp;<\/p>\n<p>&nbsp;<\/p>\n<p><strong><br \/>\nAcheter l\u2019article ici<\/strong> \u2013 <a href=\"https:\/\/www.la-boutique-des-animaux.fr\" target=\"_blank\" rel=\"noopener\">La Boutique Des Animaux<\/a><\/p>\n","protected":false},"excerpt":{"rendered":"<p>Pleco &amp; Catfish Algae Wafers &#8211; Aliment complet pour poissons d&#8217;ornement Des chips alimentaires adapt\u00e9es aux habitudes alimentaires sp\u00e9cifiques des&hellip;<\/p>\n","protected":false},"author":2,"featured_media":0,"parent":1978,"menu_order":6,"comment_status":"closed","ping_status":"closed","template":"","meta":{"footnotes":""},"class_list":["post-2089","page","type-page","status-publish","hentry"],"_links":{"self":[{"href":"https:\/\/www.discusfood.com\/fr\/wp-json\/wp\/v2\/pages\/2089","targetHints":{"allow":["GET"]}}],"collection":[{"href":"https:\/\/www.discusfood.com\/fr\/wp-json\/wp\/v2\/pages"}],"about":[{"href":"https:\/\/www.discusfood.com\/fr\/wp-json\/wp\/v2\/types\/page"}],"author":[{"embeddable":true,"href":"https:\/\/www.discusfood.com\/fr\/wp-json\/wp\/v2\/users\/2"}],"replies":[{"embeddable":true,"href":"https:\/\/www.discusfood.com\/fr\/wp-json\/wp\/v2\/comments?post=2089"}],"version-history":[{"count":6,"href":"https:\/\/www.discusfood.com\/fr\/wp-json\/wp\/v2\/pages\/2089\/revisions"}],"predecessor-version":[{"id":3131,"href":"https:\/\/www.discusfood.com\/fr\/wp-json\/wp\/v2\/pages\/2089\/revisions\/3131"}],"up":[{"embeddable":true,"href":"https:\/\/www.discusfood.com\/fr\/wp-json\/wp\/v2\/pages\/1978"}],"wp:attachment":[{"href":"https:\/\/www.discusfood.com\/fr\/wp-json\/wp\/v2\/media?parent=2089"}],"curies":[{"name":"wp","href":"https:\/\/api.w.org\/{rel}","templated":true}]}}