{"id":2093,"date":"2023-04-19T11:33:55","date_gmt":"2023-04-19T09:33:55","guid":{"rendered":"https:\/\/www.discusfood.com\/de\/?page_id=2093"},"modified":"2026-03-31T12:47:55","modified_gmt":"2026-03-31T12:47:55","slug":"pleco-catfish-carni-wafers-50g","status":"publish","type":"page","link":"https:\/\/www.discusfood.com\/fr\/nourriture-pour-poissons\/granules-divers\/pleco-catfish-carni-wafers-50g","title":{"rendered":"Pleco &amp; Catfish Carni Wafers"},"content":{"rendered":"<p><img loading=\"lazy\" decoding=\"async\" class=\"alignleft wp-image-2284 size-medium\" src=\"https:\/\/www.discusfood.com\/de\/wp-content\/uploads\/sites\/3\/2023\/05\/23002-3-v1-e1690376434920-167x300.jpg\" alt=\"\" width=\"167\" height=\"300\" \/><\/p>\n<p><strong>Pleco &amp; Catfish Carni Wafers<br \/>\n<\/strong>Des chips alimentaires adapt\u00e9es aux habitudes alimentaires sp\u00e9cifiques des poissons-chats carnivores.<\/p>\n<p>La plupart des loricariid\u00e9s et de nombreux autres poissons mangent de la croissance. La croissance est un conglom\u00e9rat d&#8217;organismes v\u00e9g\u00e9taux et animaux qui forment un film vivant sur les pierres, les rochers, le bois, les racines et tout autre substrat. Il s&#8217;agit d&#8217;une communaut\u00e9 d&#8217;esp\u00e8ces compos\u00e9e d&#8217;algues, de bact\u00e9ries, de crustac\u00e9s, de vers, de larves d&#8217;insectes et de divers micro-organismes. Cette communaut\u00e9 vivante est une nourriture pour de nombreux poissons.<br \/>\nDiscusfood a d\u00e9velopp\u00e9 un nouveau type d&#8217;aliment pour poissons sp\u00e9cialement con\u00e7u pour les silures L et autres poissons de fond. Son nom est &#8222;Pleco &amp; Catfish Carni Wafers&#8220;. Les ingr\u00e9dients de Pleco &amp; Catfish Carni Wafers imitent la composition nutritive des algues. Les galettes ne sont pas compress\u00e9es \u00e0 partir de poudre de d\u00e9chets d&#8217;autres productions d&#8217;aliments pour animaux. Elles sont produites de la m\u00eame mani\u00e8re que les granul\u00e9s, mais form\u00e9es en petites chips. Les granul\u00e9s de haute qualit\u00e9 sont produits par un proc\u00e9d\u00e9 d&#8217;extrusion. C&#8217;est la meilleure fa\u00e7on de produire des aliments secs de haute qualit\u00e9. Ce type de production d&#8217;aliments ne n\u00e9cessite pas de chaleur. Tous les nutriments et vitamines pr\u00e9cieux sont pr\u00e9serv\u00e9s.<\/p>\n<p><strong>Ingr\u00e9dients<\/strong> : prot\u00e9ines brutes 41%, mati\u00e8res grasses brutes 4,8%, fibres brutes 4,8%, cendres brutes 11,5%.<br \/>\n<strong>Vitamines par kg<\/strong> : A 20000 IE, D3 1500 IE, E150 mg, C 150 mg, B1 7,5 mg, B2 10 mg, B3 50 mg, B6 6 mg, B12 0,025 mg, biotine 0,25 mg, acide folique 2,5 mg, chlorure de choline 300 mg, inosi\u00actol 250 mg, acide pantoth\u00e9nique 25 mg.<br \/>\n<strong>Oligo\u00e9l\u00e9ments<\/strong> : E1 (sulfate de fer, monohydrat\u00e9) 24 mg, E2 (iodure de potassium) 0,3 mg, E4 (sulfate de cuivre, pentahydrat\u00e9) 3 mg, E5 (oxyde de mangan\u00e8se) 31 mg, E6 (oxyde de zinc) 30 mg, E8 (s\u00e9l\u00e9nite de sodium) 0,1 mg.<br \/>\n<strong>Composition<\/strong> : prot\u00e9ines bact\u00e9riennes de Corynebacterium glutamicum, c\u00e9r\u00e9ales, prot\u00e9ines de bl\u00e9, l\u00e9gumes, insectes 10%, krill 10% (certifi\u00e9 MSC), algues, daphnies, art\u00e9mias, substances min\u00e9rales, huile de saumon rouge.<br \/>\n<strong>Conseils d&#8217;alimentation<\/strong> : Aliment complet pour poissons d&#8217;ornement. Nourrir quotidiennement en petites portions.<\/p>\n<p><strong>Non destin\u00e9 \u00e0 la consommation humaine ! CONSERVER AU FRAIS ET AU SEC !<\/strong><\/p>\n<p><strong><img loading=\"lazy\" decoding=\"async\" class=\"alignleft size-medium wp-image-2095\" src=\"\/fr\/wp-content\/uploads\/sites\/5\/2023\/04\/23002-3-v1-178x300.jpg\" alt=\"Pleco &amp; Catfish Carni Wafers 50g\" width=\"178\" height=\"300\" \/><br \/>\nPleco &amp; Catfish Carni Wafers 50g<br \/>\nNum\u00e9ro d&#8217;article<\/strong> : 23002<\/p>\n<p>&nbsp;<\/p>\n<p>&nbsp;<\/p>\n<p>&nbsp;<\/p>\n<p><strong><br \/>\n<img loading=\"lazy\" decoding=\"async\" class=\"alignleft size-medium wp-image-2103\" src=\"\/fr\/wp-content\/uploads\/sites\/5\/2023\/04\/61QyjOW86eL._AC_SL1500_-184x300.jpg\" alt=\"Pleco &amp; Catfish Carni Wafers 150g\" width=\"184\" height=\"300\" \/><br \/>\nPleco &amp; Catfish Carni Wafers 150g<br \/>\nNum\u00e9ro d&#8217;article : 23022<\/strong><\/p>\n<p>&nbsp;<\/p>\n<p>&nbsp;<\/p>\n<p>&nbsp;<\/p>\n<p><img loading=\"lazy\" decoding=\"async\" class=\"alignleft size-medium wp-image-3126\" src=\"\/fr\/wp-content\/uploads\/sites\/5\/2026\/03\/23122-160x300.webp\" alt=\"23122 Pleco &amp; Catfish Carni Wafers 1000ml\" width=\"160\" height=\"300\" \/><\/p>\n<p><strong>Pleco &amp; Catfish Carni Wafers 500g<\/strong><br \/>\n<strong>Num\u00e9ro d&#8217;article<\/strong> : 23122<\/p>\n<p>&nbsp;<\/p>\n<p>&nbsp;<\/p>\n<p><strong><\/p>\n<p>Acheter l\u2019article ici<\/strong> \u2013<a href=\"https:\/\/www.la-boutique-des-animaux.fr\" target=\"_blank\" rel=\"noopener\"> La Boutique Des Animaux<\/a><\/p>\n","protected":false},"excerpt":{"rendered":"<p>Pleco &amp; Catfish Carni Wafers Des chips alimentaires adapt\u00e9es aux habitudes alimentaires sp\u00e9cifiques des poissons-chats carnivores. La plupart des loricariid\u00e9s&hellip;<\/p>\n","protected":false},"author":2,"featured_media":0,"parent":1978,"menu_order":8,"comment_status":"closed","ping_status":"closed","template":"","meta":{"footnotes":""},"class_list":["post-2093","page","type-page","status-publish","hentry"],"_links":{"self":[{"href":"https:\/\/www.discusfood.com\/fr\/wp-json\/wp\/v2\/pages\/2093","targetHints":{"allow":["GET"]}}],"collection":[{"href":"https:\/\/www.discusfood.com\/fr\/wp-json\/wp\/v2\/pages"}],"about":[{"href":"https:\/\/www.discusfood.com\/fr\/wp-json\/wp\/v2\/types\/page"}],"author":[{"embeddable":true,"href":"https:\/\/www.discusfood.com\/fr\/wp-json\/wp\/v2\/users\/2"}],"replies":[{"embeddable":true,"href":"https:\/\/www.discusfood.com\/fr\/wp-json\/wp\/v2\/comments?post=2093"}],"version-history":[{"count":6,"href":"https:\/\/www.discusfood.com\/fr\/wp-json\/wp\/v2\/pages\/2093\/revisions"}],"predecessor-version":[{"id":3132,"href":"https:\/\/www.discusfood.com\/fr\/wp-json\/wp\/v2\/pages\/2093\/revisions\/3132"}],"up":[{"embeddable":true,"href":"https:\/\/www.discusfood.com\/fr\/wp-json\/wp\/v2\/pages\/1978"}],"wp:attachment":[{"href":"https:\/\/www.discusfood.com\/fr\/wp-json\/wp\/v2\/media?parent=2093"}],"curies":[{"name":"wp","href":"https:\/\/api.w.org\/{rel}","templated":true}]}}