{"id":2105,"date":"2023-04-24T15:35:19","date_gmt":"2023-04-24T13:35:19","guid":{"rendered":"https:\/\/www.discusfood.com\/de\/?page_id=2105"},"modified":"2025-01-14T13:16:27","modified_gmt":"2025-01-14T13:16:27","slug":"guppy-super-color-80g","status":"publish","type":"page","link":"https:\/\/www.discusfood.com\/fr\/nourriture-pour-poissons\/granules-divers\/guppy-super-color-80g","title":{"rendered":"Guppy Super Color 80g"},"content":{"rendered":"<p><img loading=\"lazy\" decoding=\"async\" class=\"wp-image-2287 size-medium alignleft\" src=\"https:\/\/www.discusfood.com\/fr\/wp-content\/uploads\/sites\/5\/2023\/05\/27475-2-v1-e1686401369748-172x300.jpg\" alt=\"\" width=\"172\" height=\"300\" \/><\/p>\n<p><strong>Guppy Super Color 80g<br \/>\n<\/strong>Granul\u00e9s souples adapt\u00e9s aux habitudes alimentaires sp\u00e9cifiques des guppys d&#8217;\u00e9levage avec des ingr\u00e9dients qui renforcent les couleurs.<\/p>\n<p><strong>Composition<\/strong> : farine de poisson, gluten de bl\u00e9, farine de krill, sous-produits d&#8217;origine v\u00e9g\u00e9tale, bl\u00e9, l\u00e9cithine, huile de poisson, complexe multivitamin\u00e9, colorants.<br \/>\n<strong>Constituants analytiques<\/strong> : Prot\u00e9ines brutes 51,2 %, mati\u00e8res grasses brutes 6,5 %, cendres brutes 9,6 %, fibres brutes 0,8 %.<br \/>\n<strong>Additifs par kg<\/strong> : vitamines : A (3a672a) 20000 IE, D3 (3a671) 2000 IE ; avec colorants ; oligo-\u00e9l\u00e9ments : Mn (3b503) 10 mg, Zn (3b605) 24 mg ; avec antioxydants.<br \/>\nAliment complet pour poissons d&#8217;ornement !<br \/>\n<strong>Conseil d&#8217;alimentation<\/strong> : donnez 2-3 fois par jour la quantit\u00e9 que les poissons mangent en 2-5 minutes. Ne pas suralimenter les poissons !<\/p>\n<p><strong>Non destin\u00e9 \u00e0 la consommation humaine ! CONSERVER AU FRAIS ET AU SEC !<\/strong><\/p>\n<p><strong>Num\u00e9ro d&#8217;article<\/strong> : 27475<\/p>\n<p><strong>Acheter l\u2019article ici<\/strong> \u2013 <a href=\"https:\/\/www.la-boutique-des-animaux.fr\" target=\"_blank\" rel=\"noopener\">La Boutique Des Animaux<\/a><\/p>\n","protected":false},"excerpt":{"rendered":"<p>Guppy Super Color 80g Granul\u00e9s souples adapt\u00e9s aux habitudes alimentaires sp\u00e9cifiques des guppys d&#8217;\u00e9levage avec des ingr\u00e9dients qui renforcent les&hellip;<\/p>\n","protected":false},"author":2,"featured_media":0,"parent":1978,"menu_order":4,"comment_status":"closed","ping_status":"closed","template":"","meta":{"footnotes":""},"class_list":["post-2105","page","type-page","status-publish","hentry"],"_links":{"self":[{"href":"https:\/\/www.discusfood.com\/fr\/wp-json\/wp\/v2\/pages\/2105","targetHints":{"allow":["GET"]}}],"collection":[{"href":"https:\/\/www.discusfood.com\/fr\/wp-json\/wp\/v2\/pages"}],"about":[{"href":"https:\/\/www.discusfood.com\/fr\/wp-json\/wp\/v2\/types\/page"}],"author":[{"embeddable":true,"href":"https:\/\/www.discusfood.com\/fr\/wp-json\/wp\/v2\/users\/2"}],"replies":[{"embeddable":true,"href":"https:\/\/www.discusfood.com\/fr\/wp-json\/wp\/v2\/comments?post=2105"}],"version-history":[{"count":5,"href":"https:\/\/www.discusfood.com\/fr\/wp-json\/wp\/v2\/pages\/2105\/revisions"}],"predecessor-version":[{"id":2905,"href":"https:\/\/www.discusfood.com\/fr\/wp-json\/wp\/v2\/pages\/2105\/revisions\/2905"}],"up":[{"embeddable":true,"href":"https:\/\/www.discusfood.com\/fr\/wp-json\/wp\/v2\/pages\/1978"}],"wp:attachment":[{"href":"https:\/\/www.discusfood.com\/fr\/wp-json\/wp\/v2\/media?parent=2105"}],"curies":[{"name":"wp","href":"https:\/\/api.w.org\/{rel}","templated":true}]}}