{"id":2115,"date":"2023-04-24T15:55:43","date_gmt":"2023-04-24T13:55:43","guid":{"rendered":"https:\/\/www.discusfood.com\/de\/?page_id=2115"},"modified":"2025-12-19T17:51:03","modified_gmt":"2025-12-19T17:51:03","slug":"natural-humin-500-ml","status":"publish","type":"page","link":"https:\/\/www.discusfood.com\/fr\/entretien-de-leau\/preparateur-deau\/natural-humin-500-ml","title":{"rendered":"Natural Humin"},"content":{"rendered":"<p><img loading=\"lazy\" decoding=\"async\" class=\"size-medium wp-image-473 alignleft\" src=\"https:\/\/www.discusfood.com\/de\/wp-content\/uploads\/sites\/3\/2017\/10\/natural_humin_500ml-1-113x300.jpg\" alt=\"\" width=\"113\" height=\"300\" \/><\/p>\n<h2><strong>Natural Humin \u2013 <\/strong>L&#8217;humine naturelle la plus pure<\/h2>\n<p>Natural Humin contient des humines tr\u00e8s pures, fabriqu\u00e9es pour l&#8217;aquariophilie et les bassins. Les produits bruts sont agr\u00e9\u00e9s sur le plan pharmaceutique.<br \/>\nNatural Humin lie les substances nocives, notamment les m\u00e9taux lourds dans l&#8217;eau.<br \/>\nL&#8217;effet l\u00e9g\u00e8rement tannant offre une protection optimale des muqueuses.<br \/>\nLa mycose du frai est \u00e9vit\u00e9e.<br \/>\nLe processus de gu\u00e9rison en cas de l\u00e9sions et de blessures est soutenu.<br \/>\nNatural Humin inhibe la croissance des parasites, des algues et des champignons, r\u00e9duit la pression infectieuse.<br \/>\nLes acides humiques naturels provoquent une coloration jaune\/brune. Il en r\u00e9sulte un effet d&#8217;eau noire.<br \/>\nNatural Humin a un pH neutre.<br \/>\nNatural Humin a \u00e9t\u00e9 d\u00e9velopp\u00e9 et optimis\u00e9 pour les animaux vivant dans des biotopes d&#8217;eau noire, comme le Rio Negro.<\/p>\n<p><strong>Application<\/strong> : Natural Humin est s\u00fbr et facile \u00e0 utiliser.<br \/>\n<strong>Dosage recommand\u00e9 pour les nouveaux aquariums<\/strong> : 10 ml pour 100 l, en fonction de la coloration souhait\u00e9e. En cas de besoin ou si la coloration diminue, il convient de rajouter 6 ml pour 100 l chaque semaine.<\/p>\n<h3><strong>Non destin\u00e9 \u00e0 la consommation humaine ! CONSERVER AU FRAIS ET AU SEC !<\/strong><\/h3>\n<p><strong><img loading=\"lazy\" decoding=\"async\" class=\"alignleft size-medium wp-image-473\" src=\"\/fr\/wp-content\/uploads\/sites\/5\/2017\/10\/natural_humin_500ml-1-e1686402906881-92x300.jpg\" alt=\"Natural Humin 500 ml\" width=\"92\" height=\"300\" \/><br \/>\nNatural Humin 500 ml<br \/>\nNum\u00e9ro d&#8217;article<\/strong> : 25105<\/p>\n<p>&nbsp;<\/p>\n<p>&nbsp;<\/p>\n<p>&nbsp;<\/p>\n<p><strong><img loading=\"lazy\" decoding=\"async\" class=\"alignleft size-medium wp-image-2120\" src=\"\/fr\/wp-content\/uploads\/sites\/5\/2023\/04\/25150-1_1600x1200-e1686402978279-211x300.jpg\" alt=\"Natural Humin 5000 ml\" width=\"211\" height=\"300\" \/><br \/>\nNatural Humin 5000 ml<\/strong><br \/>\n<strong>Num\u00e9ro d&#8217;article<\/strong> : 25150<\/p>\n<p>&nbsp;<\/p>\n<p>&nbsp;<\/p>\n<p>&nbsp;<\/p>\n<h2><a href=\"https:\/\/www.discusfood.com\/fr\/wp-content\/uploads\/sites\/5\/2023\/12\/Sicherheitsdatenblatt_Natural-Humin_03.02.2022-fr.pdf\" target=\"_blank\" rel=\"noopener\">Fiche de donn\u00e9es de s\u00e9curit\u00e9<\/a><\/h2>\n<p><strong>Acheter l\u2019article ici<\/strong> \u2013<a href=\"https:\/\/www.la-boutique-des-animaux.fr\" target=\"_blank\" rel=\"noopener\"> La Boutique Des Animaux<\/a><\/p>\n<p><iframe loading=\"lazy\" title=\"Discusfood Natuarl Humin\" width=\"500\" height=\"281\" src=\"https:\/\/www.youtube.com\/embed\/2iXeUx1lLRs?feature=oembed\" frameborder=\"0\" allow=\"accelerometer; autoplay; clipboard-write; encrypted-media; gyroscope; picture-in-picture; web-share\" referrerpolicy=\"strict-origin-when-cross-origin\" allowfullscreen><\/iframe><\/p>\n","protected":false},"excerpt":{"rendered":"<p>Natural Humin \u2013 L&#8217;humine naturelle la plus pure Natural Humin contient des humines tr\u00e8s pures, fabriqu\u00e9es pour l&#8217;aquariophilie et les&hellip;<\/p>\n","protected":false},"author":2,"featured_media":0,"parent":2109,"menu_order":10,"comment_status":"closed","ping_status":"closed","template":"","meta":{"footnotes":""},"class_list":["post-2115","page","type-page","status-publish","hentry"],"_links":{"self":[{"href":"https:\/\/www.discusfood.com\/fr\/wp-json\/wp\/v2\/pages\/2115","targetHints":{"allow":["GET"]}}],"collection":[{"href":"https:\/\/www.discusfood.com\/fr\/wp-json\/wp\/v2\/pages"}],"about":[{"href":"https:\/\/www.discusfood.com\/fr\/wp-json\/wp\/v2\/types\/page"}],"author":[{"embeddable":true,"href":"https:\/\/www.discusfood.com\/fr\/wp-json\/wp\/v2\/users\/2"}],"replies":[{"embeddable":true,"href":"https:\/\/www.discusfood.com\/fr\/wp-json\/wp\/v2\/comments?post=2115"}],"version-history":[{"count":8,"href":"https:\/\/www.discusfood.com\/fr\/wp-json\/wp\/v2\/pages\/2115\/revisions"}],"predecessor-version":[{"id":3116,"href":"https:\/\/www.discusfood.com\/fr\/wp-json\/wp\/v2\/pages\/2115\/revisions\/3116"}],"up":[{"embeddable":true,"href":"https:\/\/www.discusfood.com\/fr\/wp-json\/wp\/v2\/pages\/2109"}],"wp:attachment":[{"href":"https:\/\/www.discusfood.com\/fr\/wp-json\/wp\/v2\/media?parent=2115"}],"curies":[{"name":"wp","href":"https:\/\/api.w.org\/{rel}","templated":true}]}}