{"id":2145,"date":"2023-04-25T10:42:00","date_gmt":"2023-04-25T08:42:00","guid":{"rendered":"https:\/\/www.discusfood.com\/de\/?page_id=2145"},"modified":"2025-12-19T17:49:58","modified_gmt":"2025-12-19T17:49:58","slug":"anti-tox-500-ml","status":"publish","type":"page","link":"https:\/\/www.discusfood.com\/fr\/entretien-de-leau\/preparateur-deau\/anti-tox-500-ml","title":{"rendered":"Anti Tox"},"content":{"rendered":"<p><img loading=\"lazy\" decoding=\"async\" class=\"alignleft wp-image-2143 size-medium\" src=\"https:\/\/www.discusfood.com\/de\/wp-content\/uploads\/sites\/3\/2023\/04\/Flasche500-ANTI-TOX-01-e1686402700625-87x300.jpg\" alt=\"\" width=\"87\" height=\"300\" \/><\/p>\n<h2><strong>Anti Tox \u2013 <\/strong>Milieu de filtration liquide<\/h2>\n<p>Anti Tox contient des z\u00e9olithes de haute qualit\u00e9 et tr\u00e8s actives. Elles conviennent parfaitement \u00e0 l&#8217;\u00e9limination rapide de la pollution toxique de l&#8217;eau, en cas de panne de l&#8217;installation de filtration et, tout \u00e0 fait fondamentalement, au traitement de l&#8217;eau fra\u00eeche.<br \/>\nAnti Tox lie les m\u00e9taux lourds tels que le cuivre, le zinc et le cadmium, ainsi que l&#8217;ammonium, le chlore et d&#8217;autres substances nocives. Il agit entre autres comme tonique d&#8217;entretien, conditionneur d&#8217;eau, protection pr\u00e9ventive, stimulateur d&#8217;app\u00e9tit, stimulateur de croissance et clarificateur d&#8217;eau.<br \/>\nSoutient la performance du biofiltre<br \/>\nNe contient pas de produits chimiques ou de bact\u00e9ries, 100 % naturel.<\/p>\n<p>Anti Tox est une suspension. En cas de stockage prolong\u00e9, les fines z\u00e9olithes tr\u00e8s efficaces se d\u00e9posent au fond de la bouteille. Pour une bonne r\u00e9partition dans la bouteille, <strong>VEUILLEZ INSERER 40 SECONDES<\/strong> ! Apr\u00e8s l&#8217;ajout dans l&#8217;aquarium, un l\u00e9ger trouble laiteux appara\u00eet. Ce ph\u00e9nom\u00e8ne est voulu et indique une r\u00e9partition homog\u00e8ne des substances actives dans la masse d&#8217;eau. Un surdosage n&#8217;est pas \u00e0 craindre si le produit est utilis\u00e9 correctement.<br \/>\nLors de chaque changement d&#8217;eau, ajouter 10 ml d&#8217;Anti Tox pour 100 l d&#8217;eau fra\u00eeche. Entre les changements d&#8217;eau, le dosage optimal est de 5 ml pour une faible population, de 10 ml pour une population normale et de 20 ml pour une forte densit\u00e9 de population pour 100 l d&#8217;eau d&#8217;aquarium.<br \/>\nLa fr\u00e9quence d&#8217;utilisation d\u00e9pend uniquement de la qualit\u00e9 de l&#8217;eau.<\/p>\n<h3><strong>Non destin\u00e9 \u00e0 la consommation humaine ! CONSERVER AU FRAIS ET AU SEC !<\/strong><\/h3>\n<p><strong><img loading=\"lazy\" decoding=\"async\" class=\"alignleft size-medium wp-image-2143\" src=\"\/fr\/wp-content\/uploads\/sites\/5\/2023\/04\/Flasche500-ANTI-TOX-01-e1686402700625-87x300.jpg\" alt=\"Anti Tox 500 ml\" width=\"87\" height=\"300\" \/><br \/>\nAnti Tox 500 ml<br \/>\nNum\u00e9ro d&#8217;article<\/strong> : 25405<\/p>\n<p>&nbsp;<\/p>\n<p>&nbsp;<\/p>\n<p>&nbsp;<\/p>\n<p><strong><br \/>\n<img loading=\"lazy\" decoding=\"async\" class=\"alignleft size-medium wp-image-2150\" src=\"\/fr\/wp-content\/uploads\/sites\/5\/2023\/04\/3171_Product-e1686402792453-220x300.jpg\" alt=\"Anti Tox 5000 ml\" width=\"220\" height=\"300\" \/><br \/>\nAnti Tox 5000 ml<\/strong><br \/>\n<strong>Num\u00e9ro d&#8217;article<\/strong> : 25450<\/p>\n<p>&nbsp;<\/p>\n<p>&nbsp;<\/p>\n<p>&nbsp;<\/p>\n<h2><a href=\"https:\/\/www.discusfood.com\/fr\/wp-content\/uploads\/sites\/5\/2023\/12\/Sicherheitsdatenblatt_Anti-Tox_21.01.2021-fr.pdf\" target=\"_blank\" rel=\"noopener\">Fiche de donn\u00e9es de s\u00e9curit\u00e9<\/a><\/h2>\n<p><strong>Acheter l\u2019article ici<\/strong> \u2013<a href=\"https:\/\/www.la-boutique-des-animaux.fr\" target=\"_blank\" rel=\"noopener\"> La Boutique Des Animaux<\/a><\/p>\n","protected":false},"excerpt":{"rendered":"<p>Anti Tox \u2013 Milieu de filtration liquide Anti Tox contient des z\u00e9olithes de haute qualit\u00e9 et tr\u00e8s actives. Elles conviennent&hellip;<\/p>\n","protected":false},"author":2,"featured_media":0,"parent":2109,"menu_order":5,"comment_status":"closed","ping_status":"closed","template":"","meta":{"footnotes":""},"class_list":["post-2145","page","type-page","status-publish","hentry"],"_links":{"self":[{"href":"https:\/\/www.discusfood.com\/fr\/wp-json\/wp\/v2\/pages\/2145","targetHints":{"allow":["GET"]}}],"collection":[{"href":"https:\/\/www.discusfood.com\/fr\/wp-json\/wp\/v2\/pages"}],"about":[{"href":"https:\/\/www.discusfood.com\/fr\/wp-json\/wp\/v2\/types\/page"}],"author":[{"embeddable":true,"href":"https:\/\/www.discusfood.com\/fr\/wp-json\/wp\/v2\/users\/2"}],"replies":[{"embeddable":true,"href":"https:\/\/www.discusfood.com\/fr\/wp-json\/wp\/v2\/comments?post=2145"}],"version-history":[{"count":8,"href":"https:\/\/www.discusfood.com\/fr\/wp-json\/wp\/v2\/pages\/2145\/revisions"}],"predecessor-version":[{"id":3114,"href":"https:\/\/www.discusfood.com\/fr\/wp-json\/wp\/v2\/pages\/2145\/revisions\/3114"}],"up":[{"embeddable":true,"href":"https:\/\/www.discusfood.com\/fr\/wp-json\/wp\/v2\/pages\/2109"}],"wp:attachment":[{"href":"https:\/\/www.discusfood.com\/fr\/wp-json\/wp\/v2\/media?parent=2145"}],"curies":[{"name":"wp","href":"https:\/\/api.w.org\/{rel}","templated":true}]}}