{"id":2154,"date":"2023-04-25T11:00:51","date_gmt":"2023-04-25T09:00:51","guid":{"rendered":"https:\/\/www.discusfood.com\/de\/?page_id=2154"},"modified":"2025-12-19T17:50:27","modified_gmt":"2025-12-19T17:50:27","slug":"catappa-royal-500-ml","status":"publish","type":"page","link":"https:\/\/www.discusfood.com\/fr\/entretien-de-leau\/preparateur-deau\/catappa-royal-500-ml","title":{"rendered":"Catappa Royal 500 ml"},"content":{"rendered":"<h2><img loading=\"lazy\" decoding=\"async\" class=\"alignleft wp-image-1601 size-medium\" src=\"https:\/\/www.discusfood.com\/de\/wp-content\/uploads\/sites\/3\/2021\/01\/25505_a_1600x1200-2-111x300.jpg\" alt=\"\" width=\"111\" height=\"300\" \/><strong>Catappa Royal<\/strong><\/h2>\n<p>Il soutient et renforce le syst\u00e8me immunitaire de vos poissons. Il peut am\u00e9liorer consid\u00e9rablement la qualit\u00e9 de l&#8217;eau des poissons en r\u00e9duisant les germes. Le frai est mieux prot\u00e9g\u00e9 contre les attaques fongiques. Les poissons qui souffrent de pourriture des nageoires et d&#8217;inflammations peuvent se r\u00e9tablir plus rapidement. Tous ces facteurs ont un effet positif dans la lutte contre les maladies des poissons telles que la maladie des points chez les salmonid\u00e9s, la maladie dite des yeux globuleux et la maladie des trous chez les discus.<br \/>\nLes muqueuses sont prot\u00e9g\u00e9es de mani\u00e8re particuli\u00e8rement durable.<br \/>\nLe concentr\u00e9 premium \u00e9conomique est particuli\u00e8rement adapt\u00e9 \u00e0 l&#8217;installation d&#8217;un nouvel aquarium, ainsi qu&#8217;\u00e0 l&#8217;am\u00e9nagement d&#8217;un bac d&#8217;\u00e9levage, \u00e0 la maintenance d&#8217;esp\u00e8ces de poissons sensibles, au transport d&#8217;un poisson dans un nouvel aquarium, \u00e0 une maladie bact\u00e9rienne du poisson ou \u00e0 la phase de frai chez les discus et autres esp\u00e8ces. Cr\u00e9ez une eau adapt\u00e9e aux poissons avec un produit 100 % naturel.<\/p>\n<p><strong>Dosage<\/strong> : chaque semaine &amp; apr\u00e8s chaque changement d&#8217;eau, ajoutez 10 ml de concentr\u00e9 \u00e0 100 l d&#8217;eau d&#8217;aquarium. En cas de traitement de maladies ou d&#8217;attaque de champignons, le dosage peut \u00eatre augment\u00e9 sans probl\u00e8me \u00e0 20ml ou 30ml.<\/p>\n<h3><strong>Non destin\u00e9 \u00e0 la consommation humaine ! CONSERVER AU FRAIS ET AU SEC !<\/strong><\/h3>\n<p><strong>Num\u00e9ro d&#8217;article<\/strong> : 25505<\/p>\n<h2><a href=\"https:\/\/www.discusfood.com\/fr\/wp-content\/uploads\/sites\/5\/2023\/12\/Sicherheitsdatenblatt_Royal-Catappa_21.01.2021-fr.pdf\" target=\"_blank\" rel=\"noopener\">Fiche de donn\u00e9es de s\u00e9curit\u00e9<\/a><\/h2>\n<p><strong>Acheter l\u2019article ici<\/strong> \u2013 <a href=\"https:\/\/www.la-boutique-des-animaux.fr\" target=\"_blank\" rel=\"noopener\">La Boutique Des Animaux<\/a><\/p>\n","protected":false},"excerpt":{"rendered":"<p>Catappa Royal Il soutient et renforce le syst\u00e8me immunitaire de vos poissons. Il peut am\u00e9liorer consid\u00e9rablement la qualit\u00e9 de l&#8217;eau&hellip;<\/p>\n","protected":false},"author":2,"featured_media":0,"parent":2109,"menu_order":7,"comment_status":"closed","ping_status":"closed","template":"","meta":{"footnotes":""},"class_list":["post-2154","page","type-page","status-publish","hentry"],"_links":{"self":[{"href":"https:\/\/www.discusfood.com\/fr\/wp-json\/wp\/v2\/pages\/2154","targetHints":{"allow":["GET"]}}],"collection":[{"href":"https:\/\/www.discusfood.com\/fr\/wp-json\/wp\/v2\/pages"}],"about":[{"href":"https:\/\/www.discusfood.com\/fr\/wp-json\/wp\/v2\/types\/page"}],"author":[{"embeddable":true,"href":"https:\/\/www.discusfood.com\/fr\/wp-json\/wp\/v2\/users\/2"}],"replies":[{"embeddable":true,"href":"https:\/\/www.discusfood.com\/fr\/wp-json\/wp\/v2\/comments?post=2154"}],"version-history":[{"count":6,"href":"https:\/\/www.discusfood.com\/fr\/wp-json\/wp\/v2\/pages\/2154\/revisions"}],"predecessor-version":[{"id":3115,"href":"https:\/\/www.discusfood.com\/fr\/wp-json\/wp\/v2\/pages\/2154\/revisions\/3115"}],"up":[{"embeddable":true,"href":"https:\/\/www.discusfood.com\/fr\/wp-json\/wp\/v2\/pages\/2109"}],"wp:attachment":[{"href":"https:\/\/www.discusfood.com\/fr\/wp-json\/wp\/v2\/media?parent=2154"}],"curies":[{"name":"wp","href":"https:\/\/api.w.org\/{rel}","templated":true}]}}