{"id":2163,"date":"2023-04-25T11:12:37","date_gmt":"2023-04-25T09:12:37","guid":{"rendered":"https:\/\/www.discusfood.com\/de\/?page_id=2163"},"modified":"2025-12-01T13:48:04","modified_gmt":"2025-12-01T13:48:04","slug":"discus-minerals-300g","status":"publish","type":"page","link":"https:\/\/www.discusfood.com\/fr\/entretien-de-leau\/discus-minerals-300g","title":{"rendered":"Discus Minerals"},"content":{"rendered":"<p><img loading=\"lazy\" decoding=\"async\" class=\"alignleft wp-image-574 size-medium\" src=\"https:\/\/www.discusfood.com\/de\/wp-content\/uploads\/sites\/3\/2018\/05\/minerals_300g-e1686402574424-236x300.jpg\" alt=\"\" width=\"236\" height=\"300\" \/><\/p>\n<p><strong>Discus Minerals \u2013 Min\u00e9raux et oligo-\u00e9l\u00e9ments pour discus<\/strong><\/p>\n<p>L&#8217;eau pure (H2O) est un espace hostile \u00e0 la vie. Seuls les min\u00e9raux dissous, les oligo-\u00e9l\u00e9ments et les substances humiques assurent un environnement sain. Discus Minerals de Discusfood contient un m\u00e9lange \u00e9quilibr\u00e9 de min\u00e9raux et d&#8217;oligo-\u00e9l\u00e9ments, tels qu&#8217;ils sont dissous dans les eaux naturelles. Pour les aquariums d&#8217;eau douce, on utilise de l&#8217;eau d\u00e9min\u00e9ralis\u00e9e (par exemple par osmose). Elle ne contient aucun ingr\u00e9dient naturel. Discus Minerals permet de compenser le manque de min\u00e9raux et d&#8217;oligo-\u00e9l\u00e9ments. L&#8217;eau est min\u00e9ralis\u00e9e. Discus Minerals est sp\u00e9cialement optimis\u00e9 pour les biotopes d&#8217;eau douce.<\/p>\n<p>Discus Minerals agit contre les dommages caus\u00e9s par la pauvret\u00e9 en min\u00e9raux et garantit une eau d&#8217;aquarium saine. Discus Minerals ne contient pas de NaCl (sel de cuisine) et n&#8217;augmente pas la duret\u00e9 carbonat\u00e9e.<\/p>\n<p><strong>Utilisation<\/strong> : 15 g de Discus Minerals pour 100 litres d&#8217;eau osmos\u00e9e ou 10 g pour 100 litres d&#8217;eau pauvre en min\u00e9raux. Discus Minerals est tr\u00e8s facilement soluble. Dissoudre le m\u00e9lange de min\u00e9raux dans un r\u00e9cipient s\u00e9par\u00e9 avec de l&#8217;eau, puis l&#8217;ajouter lentement \u00e0 l&#8217;aquarium. 1 g pour 10 litres augmente la duret\u00e9 totale d&#8217;environ 3\u00b0 GH et la conductivit\u00e9 d&#8217;environ 150 \u00b5S\/cm.<\/p>\n<p><strong>Non destin\u00e9 \u00e0 la consommation humaine ! CONSERVER AU FRAIS ET AU SEC !<\/strong><\/p>\n<p><strong><img loading=\"lazy\" decoding=\"async\" class=\"alignleft size-medium wp-image-574\" src=\"\/fr\/wp-content\/uploads\/sites\/5\/2018\/05\/minerals_300g-e1686402574424-236x300.jpg\" alt=\"Discus Minerals 300g\" width=\"236\" height=\"300\" \/><br \/>\nDiscus Minerals 300g<br \/>\nNum\u00e9ro d&#8217;article<\/strong> : 33020<\/p>\n<p>&nbsp;<\/p>\n<p>&nbsp;<\/p>\n<p>&nbsp;<\/p>\n<p><strong><img loading=\"lazy\" decoding=\"async\" class=\"alignleft size-medium wp-image-2168\" src=\"\/fr\/wp-content\/uploads\/sites\/5\/2023\/04\/61lpkgqFIL._AC_SL1125_-168x300.jpg\" alt=\"Discus Minerals 1000g\" width=\"168\" height=\"300\" \/><br \/>\nDiscus Minerals 1000g<\/strong><br \/>\n<strong>Num\u00e9ro d&#8217;article<\/strong> : 33050<\/p>\n<p>&nbsp;<\/p>\n<p>&nbsp;<\/p>\n<p>&nbsp;<\/p>\n<p><strong><br \/>\nAcheter l\u2019article ici<\/strong> \u2013<a href=\"https:\/\/www.la-boutique-des-animaux.fr\" target=\"_blank\" rel=\"noopener\"> La Boutique Des Animaux<\/a><\/p>\n","protected":false},"excerpt":{"rendered":"<p>Discus Minerals \u2013 Min\u00e9raux et oligo-\u00e9l\u00e9ments pour discus L&#8217;eau pure (H2O) est un espace hostile \u00e0 la vie. Seuls les&hellip;<\/p>\n","protected":false},"author":2,"featured_media":0,"parent":18,"menu_order":1,"comment_status":"closed","ping_status":"closed","template":"","meta":{"footnotes":""},"class_list":["post-2163","page","type-page","status-publish","hentry"],"_links":{"self":[{"href":"https:\/\/www.discusfood.com\/fr\/wp-json\/wp\/v2\/pages\/2163","targetHints":{"allow":["GET"]}}],"collection":[{"href":"https:\/\/www.discusfood.com\/fr\/wp-json\/wp\/v2\/pages"}],"about":[{"href":"https:\/\/www.discusfood.com\/fr\/wp-json\/wp\/v2\/types\/page"}],"author":[{"embeddable":true,"href":"https:\/\/www.discusfood.com\/fr\/wp-json\/wp\/v2\/users\/2"}],"replies":[{"embeddable":true,"href":"https:\/\/www.discusfood.com\/fr\/wp-json\/wp\/v2\/comments?post=2163"}],"version-history":[{"count":5,"href":"https:\/\/www.discusfood.com\/fr\/wp-json\/wp\/v2\/pages\/2163\/revisions"}],"predecessor-version":[{"id":3107,"href":"https:\/\/www.discusfood.com\/fr\/wp-json\/wp\/v2\/pages\/2163\/revisions\/3107"}],"up":[{"embeddable":true,"href":"https:\/\/www.discusfood.com\/fr\/wp-json\/wp\/v2\/pages\/18"}],"wp:attachment":[{"href":"https:\/\/www.discusfood.com\/fr\/wp-json\/wp\/v2\/media?parent=2163"}],"curies":[{"name":"wp","href":"https:\/\/api.w.org\/{rel}","templated":true}]}}