{"id":2244,"date":"2023-05-03T15:59:35","date_gmt":"2023-05-03T13:59:35","guid":{"rendered":"https:\/\/www.discusfood.com\/de\/?page_id=2244"},"modified":"2025-10-13T14:17:13","modified_gmt":"2025-10-13T14:17:13","slug":"freshwater-crab-50-xl-granulate-soft-150g","status":"publish","type":"page","link":"https:\/\/www.discusfood.com\/fr\/nourriture-pour-poissons\/freshwater-crab\/freshwater-crab-50-xl-granulate-soft-150g","title":{"rendered":"Freshwater Crab 50% XL Softgranulate 150g"},"content":{"rendered":"<p><strong><img loading=\"lazy\" decoding=\"async\" class=\"alignleft wp-image-3068 size-medium\" src=\"https:\/\/www.discusfood.com\/fr\/wp-content\/uploads\/sites\/5\/2025\/10\/22063_1-1-207x300.jpg\" alt=\"Freshwater Crab 50% XL \" width=\"207\" height=\"300\" \/>\u00a0Crabes d&#8217;eau douce 50 % XL Granul\u00e9s mous 150 g<br \/>\n<\/strong><\/p>\n<p>Des \u00e9crevisses d&#8217;eau douce s\u00e9ch\u00e9es avec soin sont broy\u00e9es enti\u00e8res et utilis\u00e9es pour la production de granul\u00e9s. Comme les carapaces des animaux sont \u00e9galement trait\u00e9es, le produit final se distingue par une teneur particuli\u00e8rement \u00e9lev\u00e9e en fibres alimentaires favorisant la digestion ainsi qu&#8217;en xanthines et carot\u00e9no\u00efdes, qui font naturellement resplendir les couleurs de vos poissons d&#8217;ornement. Des vitamines, des min\u00e9raux, des acides gras om\u00e9ga 3 et 6 am\u00e9liorent le syst\u00e8me immunitaire et le bien-\u00eatre des poissons.<br \/>\n50% d&#8217;\u00e9crevisses d&#8217;eau douce est une nourriture de premi\u00e8re qualit\u00e9 pour tous les habitants d&#8217;aquarium omnivores et carnivores.<\/p>\n<p><strong>Composition<\/strong> : 50% d&#8217;\u00e9crevisses d&#8217;eau douce, prot\u00e9ines v\u00e9g\u00e9tales, farine de riz, huile de saumon, ail 4%, levure de bi\u00e8re, Kelp, acides amin\u00e9s, substances min\u00e9rales, pr\u00e9biotiques et probiotiques.<br \/>\n<strong>Constituants analytiques<\/strong> : Prot\u00e9ines brutes 33,5%, mati\u00e8res grasses brutes 6,7%, cendres brutes 10%, fibres brutes 2,7%.<br \/>\n<strong>Additifs par kg<\/strong> : vitamines : A (3a672a) 28000 UI, C (3a300) 210 mg, D3 (3a671) 2100 UI ; avec colorants ; oligo-\u00e9l\u00e9ments : Fe (3b103) 33 mg, Mn (3b502) 43 mg, Zn (3b603) 42 mg ; avec antioxydants.<br \/>\n<strong>Recommandation d&#8217;alimentation<\/strong> : Aliment complet ! Donnez 2-3 fois par jour la quantit\u00e9 que les poissons mangent en 2-5 minutes. Ne pas suralimenter les poissons !<\/p>\n<p><strong>Non destin\u00e9 \u00e0 la consommation humaine ! CONSERVER AU FRAIS ET AU SEC !<\/strong><\/p>\n<p><strong>Num\u00e9ro d&#8217;article<\/strong> : 22063<\/p>\n<p><strong>Acheter l\u2019article ici<\/strong> \u2013 <a href=\"https:\/\/www.la-boutique-des-animaux.fr\" target=\"_blank\" rel=\"noopener\">La Boutique Des Animaux<\/a><\/p>\n","protected":false},"excerpt":{"rendered":"<p>\u00a0Crabes d&#8217;eau douce 50 % XL Granul\u00e9s mous 150 g Des \u00e9crevisses d&#8217;eau douce s\u00e9ch\u00e9es avec soin sont broy\u00e9es enti\u00e8res&hellip;<\/p>\n","protected":false},"author":2,"featured_media":0,"parent":1965,"menu_order":5,"comment_status":"closed","ping_status":"closed","template":"","meta":{"footnotes":""},"class_list":["post-2244","page","type-page","status-publish","hentry"],"_links":{"self":[{"href":"https:\/\/www.discusfood.com\/fr\/wp-json\/wp\/v2\/pages\/2244","targetHints":{"allow":["GET"]}}],"collection":[{"href":"https:\/\/www.discusfood.com\/fr\/wp-json\/wp\/v2\/pages"}],"about":[{"href":"https:\/\/www.discusfood.com\/fr\/wp-json\/wp\/v2\/types\/page"}],"author":[{"embeddable":true,"href":"https:\/\/www.discusfood.com\/fr\/wp-json\/wp\/v2\/users\/2"}],"replies":[{"embeddable":true,"href":"https:\/\/www.discusfood.com\/fr\/wp-json\/wp\/v2\/comments?post=2244"}],"version-history":[{"count":6,"href":"https:\/\/www.discusfood.com\/fr\/wp-json\/wp\/v2\/pages\/2244\/revisions"}],"predecessor-version":[{"id":3069,"href":"https:\/\/www.discusfood.com\/fr\/wp-json\/wp\/v2\/pages\/2244\/revisions\/3069"}],"up":[{"embeddable":true,"href":"https:\/\/www.discusfood.com\/fr\/wp-json\/wp\/v2\/pages\/1965"}],"wp:attachment":[{"href":"https:\/\/www.discusfood.com\/fr\/wp-json\/wp\/v2\/media?parent=2244"}],"curies":[{"name":"wp","href":"https:\/\/api.w.org\/{rel}","templated":true}]}}