{"id":3023,"date":"2025-02-24T08:13:47","date_gmt":"2025-02-24T08:13:47","guid":{"rendered":"https:\/\/www.discusfood.com\/fr\/?page_id=3023"},"modified":"2025-02-24T08:26:37","modified_gmt":"2025-02-24T08:26:37","slug":"le-developpement-du-flocon-de-granules-extrudes","status":"publish","type":"page","link":"https:\/\/www.discusfood.com\/fr\/blog\/le-developpement-du-flocon-de-granules-extrudes","title":{"rendered":"Le d\u00e9veloppement du \u00ab flocon de granul\u00e9s extrud\u00e9s \u00bb."},"content":{"rendered":"<p><img loading=\"lazy\" decoding=\"async\" class=\"size-medium wp-image-3018 alignleft\" src=\"\/fr\/wp-content\/uploads\/sites\/5\/2025\/02\/df_flachgranulat-229x300.jpg\" alt=\"Discusfood Flachgranulat\" width=\"229\" height=\"300\" \/><\/p>\n<p><strong>Le d\u00e9veloppement du \u00ab flocon granul\u00e9 enti\u00e8rement extrud\u00e9 \u00bb par Discusfood<\/strong><\/p>\n<p>L&#8217;article suivant explique le contexte qui a conduit au d\u00e9veloppement des flocons de granul\u00e9s enti\u00e8rement extrud\u00e9s par Discusfood.<br \/>\nIl s&#8217;agit ensuite de donner un aper\u00e7u de l&#8217;\u00e9volution historique des aliments secs pour poissons d&#8217;ornement ainsi que des flocons pour poissons d&#8217;ornement.<\/p>\n<p><strong>1954<\/strong><\/p>\n<p>L&#8217;invention des flocons en tant qu&#8217;anc\u00eatre des aliments secs pour poissons d&#8217;aquarium est attribu\u00e9e au Dr Ulrich Baensch, fondateur de la soci\u00e9t\u00e9 Tetra GmbH. En 1954, le d\u00e9veloppeur a r\u00e9ussi une perc\u00e9e en fabriquant un aliment en flocons qui se distinguait de tous les produits de ce type connus jusqu&#8217;alors. Son objectif \u00e9tait de cr\u00e9er une nourriture pour poissons facile \u00e0 administrer et de longue conservation afin de simplifier l&#8217;\u00e9levage des poissons d&#8217;aquarium. Il convient en outre de noter que l&#8217;utilisation d&#8217;aliments vivants ou congel\u00e9s doit permettre d&#8217;\u00e9viter l&#8217;introduction de bact\u00e9ries, de germes ou m\u00eame de parasites.<\/p>\n<p><strong>Production<\/strong><\/p>\n<p>La production de flocons s&#8217;effectue selon un processus identique dans presque toutes les entreprises. Une bouillie d&#8217;aliments est d&#8217;abord m\u00e9lang\u00e9e, puis elle est cuite sur des cylindres chauds pour obtenir un flocon tr\u00e8s fin.<\/p>\n<p><strong>Comment est n\u00e9e l&#8217;id\u00e9e des flocons granul\u00e9s ?<\/strong><\/p>\n<p>Discusfood s&#8217;est fait un nom en tant que producteur de granul\u00e9s de haute qualit\u00e9. R\u00e9cemment, l&#8217;entreprise a \u00e9t\u00e9 confront\u00e9e \u00e0 un nombre croissant de demandes de flocons de haute qualit\u00e9.<br \/>\nMais nous voulions quelque chose de nouveau, pas une production de flocons vieille de 70 ans, alors nous nous sommes demand\u00e9s pourquoi l&#8217;aquaculture n&#8217;utilisait pas du tout de flocons. R\u00e9ponse simple des producteurs : une biodisponibilit\u00e9 trop faible. En clair : peu de valeur nutritive. Alors que pouvions-nous faire ? C&#8217;est ainsi qu&#8217;est venue l&#8217;id\u00e9e de m\u00e9langer des microgranul\u00e9s enti\u00e8rement extrud\u00e9s sous forme de p\u00e2te alimentaire et de les comprimer en flocons \u00e0 l&#8217;aide d&#8217;une presse \u00e0 rouleaux dans une ligne de s\u00e9chage sans laminage \u00e0 chaud.<\/p>\n<p><strong>Les premiers tests nous avaient convaincus.<\/strong><\/p>\n<p>L&#8217;intention de ne pas se contenter de presser de simples granul\u00e9s en flocons, mais d&#8217;obtenir une d\u00e9cantation des ingr\u00e9dients, a conduit au d\u00e9veloppement de nos deux premiers flocons de granul\u00e9s. Ceux-ci posent de nouveaux jalons, tant au niveau du proc\u00e9d\u00e9 de fabrication que de la composition. Une analyse des ingr\u00e9dients montre que B\u00fcffet di Insekt et Frutti di mare sont des compositions uniques. L&#8217;acceptation de la nourriture par les esp\u00e8ces de poissons a \u00e9t\u00e9 syst\u00e9matiquement positive. M\u00eame les poissons r\u00e9put\u00e9s difficiles \u00e0 manipuler ont montr\u00e9 une absorption rapide et efficace des aliments secs de haute qualit\u00e9. Nous sommes particuli\u00e8rement heureux d&#8217;\u00eatre appr\u00e9ci\u00e9s par les sp\u00e9cialistes de la sc\u00e8ne marine en tant que fournisseur de Frutti di mare.<\/p>\n<p><img loading=\"lazy\" decoding=\"async\" class=\"aligncenter size-full wp-image-3021\" src=\"\/fr\/wp-content\/uploads\/sites\/5\/2025\/02\/Folie-3-1-Frutti-FR.png\" alt=\"Discusfood Frutti di mare FR\" width=\"1526\" height=\"858\" \/><\/p>\n<p><img loading=\"lazy\" decoding=\"async\" class=\"aligncenter size-full wp-image-3022\" src=\"\/fr\/wp-content\/uploads\/sites\/5\/2025\/02\/Folie2-Buffet-FR.png\" alt=\"Discusfood Buffet di Insect\" width=\"1527\" height=\"858\" \/><\/p>\n","protected":false},"excerpt":{"rendered":"<p>Le d\u00e9veloppement du \u00ab flocon granul\u00e9 enti\u00e8rement extrud\u00e9 \u00bb par Discusfood L&#8217;article suivant explique le contexte qui a conduit au&hellip;<\/p>\n","protected":false},"author":2,"featured_media":0,"parent":2975,"menu_order":0,"comment_status":"closed","ping_status":"closed","template":"","meta":{"footnotes":""},"class_list":["post-3023","page","type-page","status-publish","hentry"],"_links":{"self":[{"href":"https:\/\/www.discusfood.com\/fr\/wp-json\/wp\/v2\/pages\/3023","targetHints":{"allow":["GET"]}}],"collection":[{"href":"https:\/\/www.discusfood.com\/fr\/wp-json\/wp\/v2\/pages"}],"about":[{"href":"https:\/\/www.discusfood.com\/fr\/wp-json\/wp\/v2\/types\/page"}],"author":[{"embeddable":true,"href":"https:\/\/www.discusfood.com\/fr\/wp-json\/wp\/v2\/users\/2"}],"replies":[{"embeddable":true,"href":"https:\/\/www.discusfood.com\/fr\/wp-json\/wp\/v2\/comments?post=3023"}],"version-history":[{"count":2,"href":"https:\/\/www.discusfood.com\/fr\/wp-json\/wp\/v2\/pages\/3023\/revisions"}],"predecessor-version":[{"id":3025,"href":"https:\/\/www.discusfood.com\/fr\/wp-json\/wp\/v2\/pages\/3023\/revisions\/3025"}],"up":[{"embeddable":true,"href":"https:\/\/www.discusfood.com\/fr\/wp-json\/wp\/v2\/pages\/2975"}],"wp:attachment":[{"href":"https:\/\/www.discusfood.com\/fr\/wp-json\/wp\/v2\/media?parent=3023"}],"curies":[{"name":"wp","href":"https:\/\/api.w.org\/{rel}","templated":true}]}}