{"id":3053,"date":"2025-07-07T13:13:45","date_gmt":"2025-07-07T13:13:45","guid":{"rendered":"https:\/\/www.discusfood.com\/fr\/?page_id=3053"},"modified":"2025-07-07T13:57:28","modified_gmt":"2025-07-07T13:57:28","slug":"discusfood-herbal-flatgranulat-30-g","status":"publish","type":"page","link":"https:\/\/www.discusfood.com\/fr\/nourriture-pour-poissons\/granules-plats\/discusfood-herbal-flatgranulat-30-g","title":{"rendered":"Discusfood Herbal Flatgranulate 30 g"},"content":{"rendered":"<p><img loading=\"lazy\" decoding=\"async\" class=\"alignleft size-medium wp-image-3055\" src=\"\/fr\/wp-content\/uploads\/sites\/5\/2025\/07\/Heikreuterfutter-300x259.png\" alt=\"Herbal Flatgranu\u016fate 30g\" width=\"300\" height=\"259\" \/><\/p>\n<h2>Discusfood Herbal Flatgranulate 30 g<\/h2>\n<p>est un aliment innovant en flocons sp\u00e9cialement d\u00e9velopp\u00e9 pour les besoins des poissons d&#8217;ornement sensibles tels que les discus, les t\u00e9tras n\u00e9ons ou les scalars. Il est compos\u00e9 de microgranul\u00e9s qui sont transform\u00e9s en flocons gr\u00e2ce \u00e0 un proc\u00e9d\u00e9 d&#8217;extrusion sp\u00e9cial, ce qui le rend particuli\u00e8rement digeste et lui permet de couler lentement.<br \/>\nCet aliment a \u00e9t\u00e9 test\u00e9 pendant 18 mois dans une installation professionnelle d\u00e9di\u00e9e aux discus, dans des conditions r\u00e9elles, avec d&#8217;excellents r\u00e9sultats, en particulier dans des situations de stress telles que l&#8217;importation, la quarantaine ou la convalescence apr\u00e8s un traitement m\u00e9dicamenteux.<br \/>\nGr\u00e2ce \u00e0 ses ingr\u00e9dients de haute qualit\u00e9 tels que les prot\u00e9ines d&#8217;insectes, les ingr\u00e9dients marins, un m\u00e9lange d&#8217;herbes m\u00e9dicinales ainsi que des probiotiques et des pr\u00e9biotiques, cet aliment soutient activement la flore intestinale, renforce le syst\u00e8me immunitaire et peut aider \u00e0 \u00e9liminer les germes pathog\u00e8nes et les parasites dans l&#8217;intestin.<br \/>\nId\u00e9al pour tous les aquariophiles qui souhaitent avoir des poissons sains, actifs et color\u00e9s.<\/p>\n<p><strong>Composition<\/strong> : prot\u00e9ines d&#8217;insectes, riz, m\u00e9lange d&#8217;herbes m\u00e9dicinales, farine de calmar, krill, seigle, avoine, farine de crevettes, pois, levure de bi\u00e8re, algues s\u00e9ch\u00e9es spiruline, chlorella, huile de saumon, huiles v\u00e9g\u00e9tales, pr\u00e9biotiques, probiotiques.<br \/>\n<strong>Composants analytiques<\/strong> : prot\u00e9ines 38 %, teneur en mati\u00e8res grasses 6,7 %, substances inorganiques 7 %, fibres brutes 4,3 %.<br \/>\n<strong>Additifs par kg<\/strong> : vitamines : A (3a672a) 28 000 UI, C (3a300) 210 mg, D3 (3a671) 2 100 UI ; oligo-\u00e9l\u00e9ments : Fe (3b103) 34 mg, Mn (3b502) 43 mg, Zn (3b603) 42 mg ; avec antioxydants.<\/p>\n<p><strong>Dosage<\/strong> : distribuez 1 \u00e0 2 fois par jour une quantit\u00e9 que les poissons peuvent consommer en 30 minutes environ.<br \/>\n<strong>Ne suralimentez pas les poissons.<br \/>\n<\/strong>En fonction de la taille des aliments et de l&#8217;esp\u00e8ce de poisson, vous pouvez nourrir les alevins comme les poissons d&#8217;\u00e9levage.<br \/>\n<strong>Ne convient pas \u00e0 la consommation humaine. Conserver dans un endroit frais et sec.<\/strong><\/p>\n<p><strong>Num\u00e9ro d\u2019article<\/strong> : 20057<\/p>\n<p><strong>Acheter l\u2019article ici\u00a0<\/strong> &#8211; Prochainement<\/p>\n","protected":false},"excerpt":{"rendered":"<p>Discusfood Herbal Flatgranulate 30 g est un aliment innovant en flocons sp\u00e9cialement d\u00e9velopp\u00e9 pour les besoins des poissons d&#8217;ornement sensibles&hellip;<\/p>\n","protected":false},"author":2,"featured_media":0,"parent":2969,"menu_order":0,"comment_status":"closed","ping_status":"closed","template":"","meta":{"footnotes":""},"class_list":["post-3053","page","type-page","status-publish","hentry"],"_links":{"self":[{"href":"https:\/\/www.discusfood.com\/fr\/wp-json\/wp\/v2\/pages\/3053","targetHints":{"allow":["GET"]}}],"collection":[{"href":"https:\/\/www.discusfood.com\/fr\/wp-json\/wp\/v2\/pages"}],"about":[{"href":"https:\/\/www.discusfood.com\/fr\/wp-json\/wp\/v2\/types\/page"}],"author":[{"embeddable":true,"href":"https:\/\/www.discusfood.com\/fr\/wp-json\/wp\/v2\/users\/2"}],"replies":[{"embeddable":true,"href":"https:\/\/www.discusfood.com\/fr\/wp-json\/wp\/v2\/comments?post=3053"}],"version-history":[{"count":4,"href":"https:\/\/www.discusfood.com\/fr\/wp-json\/wp\/v2\/pages\/3053\/revisions"}],"predecessor-version":[{"id":3061,"href":"https:\/\/www.discusfood.com\/fr\/wp-json\/wp\/v2\/pages\/3053\/revisions\/3061"}],"up":[{"embeddable":true,"href":"https:\/\/www.discusfood.com\/fr\/wp-json\/wp\/v2\/pages\/2969"}],"wp:attachment":[{"href":"https:\/\/www.discusfood.com\/fr\/wp-json\/wp\/v2\/media?parent=3053"}],"curies":[{"name":"wp","href":"https:\/\/api.w.org\/{rel}","templated":true}]}}