{"id":1906,"date":"2023-04-11T09:40:24","date_gmt":"2023-04-11T07:40:24","guid":{"rendered":"https:\/\/www.discusfood.com\/de\/?page_id=1906"},"modified":"2025-01-21T14:26:46","modified_gmt":"2025-01-21T14:26:46","slug":"artemia-brine-shrimps-microgranulate-50","status":"publish","type":"page","link":"https:\/\/www.discusfood.com\/it\/alimenti-per-pesci\/artemia-50-granulate\/artemia-brine-shrimps-microgranulate-50","title":{"rendered":"Artemia\/ Brine Shrimps Microgranulate 50%"},"content":{"rendered":"<p><img loading=\"lazy\" decoding=\"async\" class=\"alignleft wp-image-762 size-medium\" src=\"https:\/\/www.discusfood.com\/de\/wp-content\/uploads\/sites\/3\/2018\/10\/Microgranulate_Soft-e1686399871976-300x270.jpg\" alt=\"\" width=\"300\" height=\"270\" \/><\/p>\n<p><strong>Artemia 50% Microgranulat Soft<\/strong><\/p>\n<p>L&#8217;ammorbidimento impedisce ai granuli di gonfiarsi nell&#8217;acqua dell&#8217;acquario o nel tratto digestivo dei pesci e, allo stesso tempo, aumenta l&#8217;accettazione del cibo. Con una dimensione dei granuli di circa 0,1 mm, questo mangime completo \u00e8 ideale per l&#8217;allevamento efficiente di larve di pesci e giovani animali e pu\u00f2 aiutare anche i rappresentanti pi\u00f9 piccoli, come le larve di Betta o Corydoras, a crescere &#8222;grandi e forti&#8220;. Poich\u00e9 i granuli fini sono distribuiti quasi uniformemente in tutta la vasca, \u00e8 garantito l&#8217;approvvigionamento del maggior numero possibile di giovani animali.<\/p>\n<p><strong>Composizione:<\/strong> Artemia 50%, proteine vegetali, farina di riso, olio di salmone, aglio 4%, lievito di birra, kelp, aminoacidi, minerali, prebiotici e probiotici.<br \/>\n<strong>Componenti analitici:<\/strong> Proteina grezza 49,3%, grassi grezzi 7%, ceneri grezze 2,4%, fibra grezza 0,7%.<br \/>\n<strong>Additivi per kg:<\/strong> Vitamine: A (3a672a) 20000 UI, C (3a300) 150 mg, D3 (3a671) 1500 UI; con coloranti; oligoelementi: Fe (E 1) 24 mg, Mn (3b502) 31 mg, Zn (3b603) 30 mg; con antiossidanti.<\/p>\n<p>Consigli per l&#8217;alimentazione: somministrare 2-3 volte al giorno la quantit\u00e0 di cibo che i pesci possono mangiare in 2-5 minuti. Non sovralimentare i pesci!<\/p>\n<p><strong>Non destinato al consumo umano! CONSERVARE IN LUOGO FRESCO E ASCIUTTO!<\/strong><\/p>\n<p><strong>Articolo n.:<\/strong> 20052<\/p>\n<p><strong>Acquista qui<\/strong> &#8211;\u00a0<a href=\"https:\/\/www.aquariatech.com\" target=\"_blank\" rel=\"noopener\">Aquariatech<\/a><\/p>\n","protected":false},"excerpt":{"rendered":"<p>Artemia 50% Microgranulat Soft L&#8217;ammorbidimento impedisce ai granuli di gonfiarsi nell&#8217;acqua dell&#8217;acquario o nel tratto digestivo dei pesci e, allo&hellip;<\/p>\n","protected":false},"author":2,"featured_media":0,"parent":1969,"menu_order":4,"comment_status":"closed","ping_status":"closed","template":"","meta":{"footnotes":""},"class_list":["post-1906","page","type-page","status-publish","hentry"],"_links":{"self":[{"href":"https:\/\/www.discusfood.com\/it\/wp-json\/wp\/v2\/pages\/1906","targetHints":{"allow":["GET"]}}],"collection":[{"href":"https:\/\/www.discusfood.com\/it\/wp-json\/wp\/v2\/pages"}],"about":[{"href":"https:\/\/www.discusfood.com\/it\/wp-json\/wp\/v2\/types\/page"}],"author":[{"embeddable":true,"href":"https:\/\/www.discusfood.com\/it\/wp-json\/wp\/v2\/users\/2"}],"replies":[{"embeddable":true,"href":"https:\/\/www.discusfood.com\/it\/wp-json\/wp\/v2\/comments?post=1906"}],"version-history":[{"count":5,"href":"https:\/\/www.discusfood.com\/it\/wp-json\/wp\/v2\/pages\/1906\/revisions"}],"predecessor-version":[{"id":2987,"href":"https:\/\/www.discusfood.com\/it\/wp-json\/wp\/v2\/pages\/1906\/revisions\/2987"}],"up":[{"embeddable":true,"href":"https:\/\/www.discusfood.com\/it\/wp-json\/wp\/v2\/pages\/1969"}],"wp:attachment":[{"href":"https:\/\/www.discusfood.com\/it\/wp-json\/wp\/v2\/media?parent=1906"}],"curies":[{"name":"wp","href":"https:\/\/api.w.org\/{rel}","templated":true}]}}