{"id":2032,"date":"2023-04-14T15:29:21","date_gmt":"2023-04-14T13:29:21","guid":{"rendered":"https:\/\/www.discusfood.com\/de\/?page_id=2032"},"modified":"2025-12-17T14:07:56","modified_gmt":"2025-12-17T14:07:56","slug":"day-by-day-granulate-80g","status":"publish","type":"page","link":"https:\/\/www.discusfood.com\/it\/alimenti-per-pesci\/granuli-per-discus\/day-by-day-granulate-80g","title":{"rendered":"Day by Day Granulate"},"content":{"rendered":"<p><img loading=\"lazy\" decoding=\"async\" class=\"wp-image-2256 size-medium alignleft\" src=\"https:\/\/www.discusfood.com\/it\/wp-content\/uploads\/sites\/6\/2023\/05\/20064-2-v1-182x300.jpg\" alt=\"\" width=\"182\" height=\"300\" \/><\/p>\n<p><strong>Day by Day Granulat \u2013 Mangime completo per pesci discus<\/strong><\/p>\n<p>Non \u00e8 necessario esaurire tutte le possibilit\u00e0 per dare ai vostri animali una spinta cromatica, tra le altre cose. \u00c8 sufficiente anche una dieta giornaliera solida ed equilibrata che offra tutto ci\u00f2 di cui il discus ha bisogno, ma senza additivi per una crescita &#8222;particolarmente&#8220; rapida e simili. I granuli &#8222;Day by Day&#8220; offrono esattamente questa possibilit\u00e0. Tutte le vitamine, i minerali, le proteine, i grassi e le fibre pi\u00f9 importanti sono inclusi e garantiscono un apporto di sostanze nutritive assolutamente adeguato.<br \/>\nLa riduzione dell&#8217;inquinamento dell&#8217;acqua garantisce inoltre la possibilit\u00e0 di alimentare i pesci ogni giorno senza esitazioni.<br \/>\nCome per tutti i nostri granuli per discus, noi di Discusfood abbiamo naturalmente prestato particolare attenzione alla buona digeribilit\u00e0 del cibo in &#8222;Day by Day&#8220;. Come suggerisce il nome, &#8222;Day by Day&#8220; \u00e8 un alimento di base completo che pu\u00f2 coprire il fabbisogno giornaliero o essere somministrato come integratore.<\/p>\n<p><strong>Composizione:<\/strong> Farina di pesce, glutine di grano, farina di krill, grano, olio di pesce.<br \/>\n<strong>Componenti analitici:<\/strong> Proteina grezza 59%, grassi grezzi 14,5%, ceneri grezze 12,4%, fibra grezza 0,7%.<br \/>\n<strong>Additivi per kg:<\/strong> Vitamine: A (3a672a) 20000 UI, D3 (3a671) 2000 UI; con coloranti; oligoelementi: Mn (3b503) 12 mg, Zn (3b605) 30 mg; con antiossidanti.<br \/>\nAlimento completo per pesci ornamentali!<br \/>\n<strong>Raccomandazioni per l&#8217;alimentazione:<\/strong> somministrare 2-3 volte al giorno la quantit\u00e0 di cibo che i pesci possono mangiare in 2-5 minuti. Non sovralimentare i pesci!<\/p>\n<p><strong>Non destinato al consumo umano! CONSERVARE IN LUOGO FRESCO E ASCIUTTO!<\/strong><\/p>\n<p><strong><img loading=\"lazy\" decoding=\"async\" class=\"alignleft size-medium wp-image-2256\" src=\"\/it\/wp-content\/uploads\/sites\/6\/2023\/05\/20064-2-v1-182x300.jpg\" alt=\"Day by Day Granulate 80g\" width=\"182\" height=\"300\" \/><br \/>\nDay by Day Granulate 80g<br \/>\nArticolo n.:<\/strong> 20064<\/p>\n<p>&nbsp;<\/p>\n<p>&nbsp;<\/p>\n<p>&nbsp;<\/p>\n<p><strong><br \/>\n<img loading=\"lazy\" decoding=\"async\" class=\"alignleft size-medium wp-image-2278\" src=\"\/it\/wp-content\/uploads\/sites\/6\/2023\/05\/20642-2-v1-225x300.jpg\" alt=\"Day by Day Granulate 230g\" width=\"225\" height=\"300\" \/><br \/>\nDay by Day Granulate 230g<\/strong><br \/>\n<strong>Articolo n.:<\/strong>\u00a020642<\/p>\n<p>&nbsp;<\/p>\n<p>&nbsp;<\/p>\n<p>&nbsp;<\/p>\n<p>&nbsp;<\/p>\n<p><strong><img loading=\"lazy\" decoding=\"async\" class=\"alignleft size-medium wp-image-2078\" src=\"\/it\/wp-content\/uploads\/sites\/6\/2023\/04\/20645-v1-e1686402019771-300x270.jpg\" alt=\"Day by Day Granulate 2800g\" width=\"300\" height=\"270\" \/><br \/>\nDay by Day Granulate 2800g<\/strong><br \/>\n<strong>Articolo n.:\u00a0<\/strong>20645<\/p>\n<p>&nbsp;<\/p>\n<p>&nbsp;<\/p>\n<p>&nbsp;<\/p>\n<p><strong>Acquista qui<\/strong> &#8211; <a href=\"https:\/\/www.aquariatech.com\" target=\"_blank\" rel=\"noopener\">Aquariatech<\/a><\/p>\n","protected":false},"excerpt":{"rendered":"<p>Day by Day Granulat \u2013 Mangime completo per pesci discus Non \u00e8 necessario esaurire tutte le possibilit\u00e0 per dare ai&hellip;<\/p>\n","protected":false},"author":2,"featured_media":0,"parent":1976,"menu_order":6,"comment_status":"closed","ping_status":"closed","template":"","meta":{"footnotes":""},"class_list":["post-2032","page","type-page","status-publish","hentry"],"_links":{"self":[{"href":"https:\/\/www.discusfood.com\/it\/wp-json\/wp\/v2\/pages\/2032","targetHints":{"allow":["GET"]}}],"collection":[{"href":"https:\/\/www.discusfood.com\/it\/wp-json\/wp\/v2\/pages"}],"about":[{"href":"https:\/\/www.discusfood.com\/it\/wp-json\/wp\/v2\/types\/page"}],"author":[{"embeddable":true,"href":"https:\/\/www.discusfood.com\/it\/wp-json\/wp\/v2\/users\/2"}],"replies":[{"embeddable":true,"href":"https:\/\/www.discusfood.com\/it\/wp-json\/wp\/v2\/comments?post=2032"}],"version-history":[{"count":7,"href":"https:\/\/www.discusfood.com\/it\/wp-json\/wp\/v2\/pages\/2032\/revisions"}],"predecessor-version":[{"id":3222,"href":"https:\/\/www.discusfood.com\/it\/wp-json\/wp\/v2\/pages\/2032\/revisions\/3222"}],"up":[{"embeddable":true,"href":"https:\/\/www.discusfood.com\/it\/wp-json\/wp\/v2\/pages\/1976"}],"wp:attachment":[{"href":"https:\/\/www.discusfood.com\/it\/wp-json\/wp\/v2\/media?parent=2032"}],"curies":[{"name":"wp","href":"https:\/\/api.w.org\/{rel}","templated":true}]}}