{"id":2036,"date":"2023-04-14T15:31:27","date_gmt":"2023-04-14T13:31:27","guid":{"rendered":"https:\/\/www.discusfood.com\/de\/?page_id=2036"},"modified":"2025-12-17T14:16:41","modified_gmt":"2025-12-17T14:16:41","slug":"turkey-heart-soft-granulate-80g","status":"publish","type":"page","link":"https:\/\/www.discusfood.com\/it\/alimenti-per-pesci\/granuli-per-discus\/turkey-heart-soft-granulate-80g","title":{"rendered":"Turkey Heart Soft Granulate"},"content":{"rendered":"<p><img loading=\"lazy\" decoding=\"async\" class=\"wp-image-2258 size-medium alignleft\" src=\"https:\/\/www.discusfood.com\/it\/wp-content\/uploads\/sites\/6\/2023\/05\/20070-2-v1-184x300.jpg\" alt=\"\" width=\"184\" height=\"300\" \/><\/p>\n<p><strong>Turkey Heart Softgranulat<br \/>\n<\/strong>Mangime completo per tutti i pesci discus<\/p>\n<p>L&#8217;alternativa per tutti coloro che vogliono somministrare proteine animali ma non carne di manzo. No, i discus non mangiano nemmeno i tacchini in natura&#8230;, ma come nel caso del cuore di manzo, l&#8217;obiettivo non \u00e8 quello di creare condizioni il pi\u00f9 possibile simili alla natura per gli animali, ma almeno di fornire loro la migliore alimentazione possibile in modo che non siano esposti alla pressione della selezione naturale.<br \/>\nCome nel caso delle proteine di manzo, anche nel caso delle proteine di tacchino vengono trasformate solo le parti che i discus possono effettivamente digerire, perch\u00e9, ad esempio, i collageni non possono essere scomposti. Se somministrate in grandi quantit\u00e0, possono addirittura danneggiare i pesci, ad esempio accumulando i collageni in strati sulla parete intestinale e creando cos\u00ec un ambiente perfetto per la riproduzione di parassiti indesiderati. La contaminazione dell&#8217;acqua con i &#8222;Granuli morbidi di cuore di tacchino&#8220; \u00e8 di gran lunga inferiore rispetto a quella che si verifica con la somministrazione di proteine alimentari congelate. A ci\u00f2 si aggiungono i vantaggi della conservazione, del dosaggio e della maggiore durata di conservazione rispetto agli alimenti congelati.<br \/>\nL&#8217;ammorbidimento dei granuli \u00e8 una caratteristica speciale che aumenta ulteriormente l&#8217;accettabilit\u00e0 e la digeribilit\u00e0 dell&#8217;alimento.<\/p>\n<p><strong>Composizione:<\/strong> Farina di pesce, glutine di frumento, olio di pesce, frumento, carne e sottoprodotti animali, farina di krill, complesso multivitaminico, coloranti.<br \/>\n<strong>Componenti analitici:<\/strong> Proteina grezza 48,3%, grassi grezzi 13,6%, ceneri grezze 8,3%, fibra grezza 0,7%.<br \/>\n<strong>Additivi per kg:<\/strong> Vitamine: A (3a672a) 20000 UI, D3 (3a671) 2600 UI; con coloranti; oligoelementi: Mn (3b503) 8 mg, Zn (3b605) 70 mg; con antiossidanti.<br \/>\n<strong>Consigli per l&#8217;alimentazione:<\/strong> somministrare 2-3 volte al giorno la quantit\u00e0 di cibo che i pesci possono mangiare in 2-5 minuti. Non sovralimentare i pesci!<\/p>\n<p><strong>Non destinato al consumo umano! CONSERVARE IN LUOGO FRESCO E ASCIUTTO!<\/strong><\/p>\n<p><strong><img loading=\"lazy\" decoding=\"async\" class=\"alignleft size-medium wp-image-2258\" src=\"\/it\/wp-content\/uploads\/sites\/6\/2023\/05\/20070-2-v1-184x300.jpg\" alt=\"Turkey Heart Soft Granulate 80g\" width=\"184\" height=\"300\" \/><br \/>\nTurkey Heart Soft Granulate 80g<br \/>\nArticolo n.:<\/strong> 20070<\/p>\n<p>&nbsp;<\/p>\n<p>&nbsp;<\/p>\n<p>&nbsp;<\/p>\n<p><strong><br \/>\n<img loading=\"lazy\" decoding=\"async\" class=\"alignleft size-medium wp-image-3065\" src=\"\/it\/wp-content\/uploads\/sites\/6\/2024\/05\/20702-2-v1-215x300.jpg\" alt=\"Turkey Heart Soft Granulate 230g\" width=\"215\" height=\"300\" \/><br \/>\nTurkey Heart Soft Granulate 230g<\/strong><br \/>\n<strong>Articolo n.<\/strong>:\u00a020702<\/p>\n<p>&nbsp;<\/p>\n<p>&nbsp;<\/p>\n<p>&nbsp;<\/p>\n<p><strong><br \/>\nAcquista qui<\/strong> &#8211; <a href=\"https:\/\/www.aquariatech.com\" target=\"_blank\" rel=\"noopener\">Aquariatech<\/a><\/p>\n","protected":false},"excerpt":{"rendered":"<p>Turkey Heart Softgranulat Mangime completo per tutti i pesci discus L&#8217;alternativa per tutti coloro che vogliono somministrare proteine animali ma&hellip;<\/p>\n","protected":false},"author":2,"featured_media":0,"parent":1976,"menu_order":11,"comment_status":"closed","ping_status":"closed","template":"","meta":{"footnotes":""},"class_list":["post-2036","page","type-page","status-publish","hentry"],"_links":{"self":[{"href":"https:\/\/www.discusfood.com\/it\/wp-json\/wp\/v2\/pages\/2036","targetHints":{"allow":["GET"]}}],"collection":[{"href":"https:\/\/www.discusfood.com\/it\/wp-json\/wp\/v2\/pages"}],"about":[{"href":"https:\/\/www.discusfood.com\/it\/wp-json\/wp\/v2\/types\/page"}],"author":[{"embeddable":true,"href":"https:\/\/www.discusfood.com\/it\/wp-json\/wp\/v2\/users\/2"}],"replies":[{"embeddable":true,"href":"https:\/\/www.discusfood.com\/it\/wp-json\/wp\/v2\/comments?post=2036"}],"version-history":[{"count":7,"href":"https:\/\/www.discusfood.com\/it\/wp-json\/wp\/v2\/pages\/2036\/revisions"}],"predecessor-version":[{"id":3226,"href":"https:\/\/www.discusfood.com\/it\/wp-json\/wp\/v2\/pages\/2036\/revisions\/3226"}],"up":[{"embeddable":true,"href":"https:\/\/www.discusfood.com\/it\/wp-json\/wp\/v2\/pages\/1976"}],"wp:attachment":[{"href":"https:\/\/www.discusfood.com\/it\/wp-json\/wp\/v2\/media?parent=2036"}],"curies":[{"name":"wp","href":"https:\/\/api.w.org\/{rel}","templated":true}]}}