{"id":2089,"date":"2023-04-19T11:26:15","date_gmt":"2023-04-19T09:26:15","guid":{"rendered":"https:\/\/www.discusfood.com\/de\/?page_id=2089"},"modified":"2026-03-31T13:02:51","modified_gmt":"2026-03-31T13:02:51","slug":"pleco-catfish-algae-wafers-50g","status":"publish","type":"page","link":"https:\/\/www.discusfood.com\/it\/alimenti-per-pesci\/granulati-vari\/pleco-catfish-algae-wafers-50g","title":{"rendered":"Pleco &amp; Catfish Algae Wafers"},"content":{"rendered":"<p><img loading=\"lazy\" decoding=\"async\" class=\"alignleft wp-image-2282 size-medium\" src=\"https:\/\/www.discusfood.com\/de\/wp-content\/uploads\/sites\/3\/2023\/05\/23001-3-v1-e1690376380221-171x300.jpg\" alt=\"\" width=\"171\" height=\"300\" \/><\/p>\n<p><strong>Pleco &amp; Catfish Algae Wafers<br \/>\n<\/strong>Mangime completo per pesci ornamentali<br \/>\nPatatine alimentari adatte alle particolari abitudini alimentari dei pesci gatto erbivori.<\/p>\n<p>La maggior parte dei loricari e molti altri pesci si nutrono di crescita. L&#8217;accrescimento descrive un conglomerato di organismi vegetali e animali che formano una pellicola vivente su pietre, rocce, legno, radici e qualsiasi substrato. Si tratta di una comunit\u00e0 di alghe, batteri, crostacei, vermi, larve di insetti e vari microrganismi. Questa comunit\u00e0 vivente \u00e8 cibo per molti pesci.<br \/>\nDiscusfood ha sviluppato un nuovo tipo di mangime per pesci specialmente per i pesci gatto L e altri pesci che vivono sul fondo. Il suo nome \u00e8 &#8222;Pleco &amp; Catfish Algae Wafers&#8220;. Gli ingredienti dei Pleco &amp; Catfish Algae Wafers imitano la composizione nutrizionale degli aufwuchs. I wafer non sono pressati da polveri di scarto di altri mangimi. Vengono prodotti come granuli, solo modellati in piccole scaglie. I granuli di alta qualit\u00e0 sono prodotti con un processo di estrusione. Questo \u00e8 il modo migliore per produrre alimenti secchi di alta qualit\u00e0. Questo tipo di produzione di mangimi non richiede calore. Tutti i preziosi nutrienti e le vitamine vengono conservati.<\/p>\n<p><strong>Ingredienti:<\/strong> proteine grezze 39,4%, grassi grezzi 4,2%, fibre grezze 5,3%, ceneri grezze 9,6%.<br \/>\n<strong>Vitamine per kg:<\/strong> A 20000 UI, D3 1500 UI, E 150 mg, K3 5 mg, C 150 mg, B1 7,5 mg, B2 10 mg, B3 50 mg, B6 6 mg, B12 0,025 mg, biotina 0,25 mg, acido folico 2,5 mg, cloruro di colina 300 mg, inositolo 250 mg, acido pantotenico 25 mg<br \/>\n<strong>Oligoelementi:<\/strong> E1 &#8211; solfato ferroso monoidrato 24 mg, E2 &#8211; ioduro di potassio 0,3 mg, E4 &#8211; solfato di rame pentaidrato 3 mg, E5 &#8211; ossido di manganese 31 mg, E6 &#8211; ossido di zinco 30 mg, E8 &#8211; selenito di sodio 0,1 mg<br \/>\n<strong>Composizione:<\/strong> proteine batteriche di Corynebacterium glutamicum, alghe (10% kelp e 8% spirulina), cereali, verdure, estratti di proteine vegetali, insetti (10%), krill (certificato MSC, 5%), minerali, estratti di erbe.<br \/>\n<strong>Istruzioni per l&#8217;alimentazione:<\/strong> Alimento completo per pesci ornamentali. Somministrare questo alimento quotidianamente in piccole porzioni.<\/p>\n<p><strong>Non destinato al consumo umano! CONSERVARE IN LUOGO FRESCO E ASCIUTTO!<\/strong><\/p>\n<p><strong><img loading=\"lazy\" decoding=\"async\" class=\"alignleft size-medium wp-image-2091\" src=\"\/it\/wp-content\/uploads\/sites\/6\/2023\/04\/23001-3-v1-e1716553481381-170x300.jpg\" alt=\"Pleco &amp; Catfish Algae Wafers 50g\" width=\"170\" height=\"300\" \/><br \/>\nPleco &amp; Catfish Algae Wafers 50g<br \/>\nArticolo n.:<\/strong> 23001<\/p>\n<p>&nbsp;<\/p>\n<p>&nbsp;<\/p>\n<p>&nbsp;<\/p>\n<p><strong><br \/>\n<img loading=\"lazy\" decoding=\"async\" class=\"alignleft size-medium wp-image-2099\" src=\"\/it\/wp-content\/uploads\/sites\/6\/2023\/04\/23012-2-V1-218x300.jpg\" alt=\"Pleco &amp; Catfish Algae Wafers 150g\" width=\"218\" height=\"300\" \/><br \/>\nPleco &amp; Catfish Algae Wafers 150g<\/strong><br \/>\n<strong>Articolo n.<\/strong>: 23012<\/p>\n<p>&nbsp;<\/p>\n<p>&nbsp;<\/p>\n<p>&nbsp;<\/p>\n<p><img loading=\"lazy\" decoding=\"async\" class=\"alignleft size-medium wp-image-3256\" src=\"\/it\/wp-content\/uploads\/sites\/6\/2026\/03\/23112-166x300.webp\" alt=\"23112 Pleco &amp; Catfish Algae Wafers 1000ml\" width=\"166\" height=\"300\" \/><br \/>\n<strong>Pleco &amp; Catfish Algae Wafers 480g<\/strong><br \/>\n<strong>Articolo n.<\/strong>: 23112<\/p>\n<p>&nbsp;<\/p>\n<p>&nbsp;<\/p>\n<p>&nbsp;<\/p>\n<p><strong><br \/>\nAcquista qui<\/strong> &#8211; <a href=\"https:\/\/www.aquariatech.com\" target=\"_blank\" rel=\"noopener\">Aquariatech<\/a><\/p>\n","protected":false},"excerpt":{"rendered":"<p>Pleco &amp; Catfish Algae Wafers Mangime completo per pesci ornamentali Patatine alimentari adatte alle particolari abitudini alimentari dei pesci gatto&hellip;<\/p>\n","protected":false},"author":2,"featured_media":0,"parent":1978,"menu_order":6,"comment_status":"closed","ping_status":"closed","template":"","meta":{"footnotes":""},"class_list":["post-2089","page","type-page","status-publish","hentry"],"_links":{"self":[{"href":"https:\/\/www.discusfood.com\/it\/wp-json\/wp\/v2\/pages\/2089","targetHints":{"allow":["GET"]}}],"collection":[{"href":"https:\/\/www.discusfood.com\/it\/wp-json\/wp\/v2\/pages"}],"about":[{"href":"https:\/\/www.discusfood.com\/it\/wp-json\/wp\/v2\/types\/page"}],"author":[{"embeddable":true,"href":"https:\/\/www.discusfood.com\/it\/wp-json\/wp\/v2\/users\/2"}],"replies":[{"embeddable":true,"href":"https:\/\/www.discusfood.com\/it\/wp-json\/wp\/v2\/comments?post=2089"}],"version-history":[{"count":8,"href":"https:\/\/www.discusfood.com\/it\/wp-json\/wp\/v2\/pages\/2089\/revisions"}],"predecessor-version":[{"id":3263,"href":"https:\/\/www.discusfood.com\/it\/wp-json\/wp\/v2\/pages\/2089\/revisions\/3263"}],"up":[{"embeddable":true,"href":"https:\/\/www.discusfood.com\/it\/wp-json\/wp\/v2\/pages\/1978"}],"wp:attachment":[{"href":"https:\/\/www.discusfood.com\/it\/wp-json\/wp\/v2\/media?parent=2089"}],"curies":[{"name":"wp","href":"https:\/\/api.w.org\/{rel}","templated":true}]}}