{"id":2093,"date":"2023-04-19T11:33:55","date_gmt":"2023-04-19T09:33:55","guid":{"rendered":"https:\/\/www.discusfood.com\/de\/?page_id=2093"},"modified":"2026-03-31T13:04:32","modified_gmt":"2026-03-31T13:04:32","slug":"pleco-catfish-carni-wafers-50g","status":"publish","type":"page","link":"https:\/\/www.discusfood.com\/it\/alimenti-per-pesci\/granulati-vari\/pleco-catfish-carni-wafers-50g","title":{"rendered":"Pleco &amp; Catfish Carni Wafers"},"content":{"rendered":"<p><img loading=\"lazy\" decoding=\"async\" class=\"alignleft wp-image-2284 size-medium\" src=\"https:\/\/www.discusfood.com\/de\/wp-content\/uploads\/sites\/3\/2023\/05\/23002-3-v1-e1690376434920-167x300.jpg\" alt=\"\" width=\"167\" height=\"300\" \/><\/p>\n<p><strong>Pleco &amp; Catfish Carni Wafers<br \/>\n<\/strong>Patatine alimentari adatte alle particolari abitudini alimentari dei pesci gatto carnivori.<\/p>\n<p>La maggior parte dei loricariidi e molti altri pesci si nutrono di crescita. L&#8217;accrescimento descrive un conglomerato di organismi vegetali e animali che formano una pellicola vivente su pietre, rocce, legno, radici e qualsiasi substrato. Si tratta di una comunit\u00e0 di alghe, batteri, crostacei, vermi, larve di insetti e vari microrganismi. Questa comunit\u00e0 vivente \u00e8 cibo per molti pesci.<br \/>\nDiscusfood ha sviluppato un nuovo tipo di mangime per pesci specialmente per i pesci gatto L e altri pesci che vivono sul fondo. Il suo nome \u00e8 &#8222;Pleco &amp; Catfish Carni Wafers&#8220;. Gli ingredienti dei Pleco &amp; Catfish Carni Wafers imitano la composizione nutrizionale degli aufwuchs. I wafer non sono pressati da polveri di scarto di altri mangimi. Vengono prodotti come granuli, solo modellati in piccole scaglie. I granuli di alta qualit\u00e0 sono prodotti con un processo di estrusione. Questo \u00e8 il modo migliore per produrre alimenti secchi di alta qualit\u00e0. Questo tipo di produzione di mangimi non richiede calore. Tutti i preziosi nutrienti e le vitamine vengono conservati.<\/p>\n<p><strong>Ingredienti:<\/strong> proteina grezza 41%, grassi grezzi 4,8%, fibra grezza 4,8%, ceneri grezze 11,5%. Vitamine per kg: A 20000 UI, D3 1500 UI, E150 mg, C 150 mg, B1 7,5 mg, B2 10 mg, B3 50 mg, B6 6 mg, B12 0,025 mg, biotina 0,25 mg, acido folico 2,5 mg, cloruro di colina 300 mg, inositolo 250 mg, acido pantotenico 25 mg.<br \/>\n<strong>Oligoelementi:<\/strong> E1 (solfato ferroso, monoidrato) 24 mg, E2 (ioduro di potassio) 0,3 mg, E4 (solfato di rame, pentaidrato) 3 mg, E5 (ossido di manganese) 31 mg, E6 (ossido di zinco) 30 mg, E8 (selenito di sodio) 0,1 mg.<br \/>\n<strong>Composizione:<\/strong> proteine batteriche di Corynebacterium glutamicum, cereali, proteine del grano, verdure, insetti 10%, krill 10% (certificato MSC), alghe, dafnie, artemie, minerali, olio di salmone rosso.<br \/>\n<strong>Istruzioni per l&#8217;alimentazione:<\/strong> Alimento completo per pesci ornamentali. Somministrare quotidianamente in piccole porzioni.<\/p>\n<p><strong>Non destinato al consumo umano! CONSERVARE IN LUOGO FRESCO E ASCIUTTO!<\/strong><\/p>\n<p><strong><img loading=\"lazy\" decoding=\"async\" class=\"alignleft size-medium wp-image-2284\" src=\"\/it\/wp-content\/uploads\/sites\/6\/2023\/05\/23002-3-v1-e1690376434920-167x300.jpg\" alt=\"Pleco &amp; Catfish Carni Wafers 50g\" width=\"167\" height=\"300\" \/><br \/>\nPleco &amp; Catfish Carni Wafers 50g<br \/>\nArticolo n.:<\/strong> 23002<\/p>\n<p>&nbsp;<\/p>\n<p>&nbsp;<\/p>\n<p>&nbsp;<\/p>\n<p><strong><br \/>\n<img loading=\"lazy\" decoding=\"async\" class=\"alignleft size-medium wp-image-2103\" src=\"\/it\/wp-content\/uploads\/sites\/6\/2023\/04\/61QyjOW86eL._AC_SL1500_-184x300.jpg\" alt=\"Pleco &amp; Catfish Carni Wafers 150g\" width=\"184\" height=\"300\" \/><br \/>\nPleco &amp; Catfish Carni Wafers 150g<\/strong><br \/>\n<strong>Articolo n.<\/strong>: 23022<\/p>\n<p>&nbsp;<\/p>\n<p>&nbsp;<\/p>\n<p>&nbsp;<\/p>\n<p><strong><br \/>\n<img loading=\"lazy\" decoding=\"async\" class=\"alignleft size-medium wp-image-3257\" src=\"\/it\/wp-content\/uploads\/sites\/6\/2026\/03\/23122-160x300.webp\" alt=\"23122 Pleco &amp; Catfish Carni Wafers 1000ml\" width=\"160\" height=\"300\" \/><br \/>\nPleco &amp; Catfish Carni Wafers 500g<br \/>\nArticolo n.:<\/strong> 23122<\/p>\n<p>&nbsp;<\/p>\n<p>&nbsp;<\/p>\n<p>&nbsp;<\/p>\n<p><strong><br \/>\nAcquista qui<\/strong> &#8211;\u00a0<a href=\"https:\/\/www.aquariatech.com\" target=\"_blank\" rel=\"noopener\">Aquariatech<\/a><\/p>\n","protected":false},"excerpt":{"rendered":"<p>Pleco &amp; Catfish Carni Wafers Patatine alimentari adatte alle particolari abitudini alimentari dei pesci gatto carnivori. La maggior parte dei&hellip;<\/p>\n","protected":false},"author":2,"featured_media":0,"parent":1978,"menu_order":8,"comment_status":"closed","ping_status":"closed","template":"","meta":{"footnotes":""},"class_list":["post-2093","page","type-page","status-publish","hentry"],"_links":{"self":[{"href":"https:\/\/www.discusfood.com\/it\/wp-json\/wp\/v2\/pages\/2093","targetHints":{"allow":["GET"]}}],"collection":[{"href":"https:\/\/www.discusfood.com\/it\/wp-json\/wp\/v2\/pages"}],"about":[{"href":"https:\/\/www.discusfood.com\/it\/wp-json\/wp\/v2\/types\/page"}],"author":[{"embeddable":true,"href":"https:\/\/www.discusfood.com\/it\/wp-json\/wp\/v2\/users\/2"}],"replies":[{"embeddable":true,"href":"https:\/\/www.discusfood.com\/it\/wp-json\/wp\/v2\/comments?post=2093"}],"version-history":[{"count":7,"href":"https:\/\/www.discusfood.com\/it\/wp-json\/wp\/v2\/pages\/2093\/revisions"}],"predecessor-version":[{"id":3264,"href":"https:\/\/www.discusfood.com\/it\/wp-json\/wp\/v2\/pages\/2093\/revisions\/3264"}],"up":[{"embeddable":true,"href":"https:\/\/www.discusfood.com\/it\/wp-json\/wp\/v2\/pages\/1978"}],"wp:attachment":[{"href":"https:\/\/www.discusfood.com\/it\/wp-json\/wp\/v2\/media?parent=2093"}],"curies":[{"name":"wp","href":"https:\/\/api.w.org\/{rel}","templated":true}]}}