{"id":2163,"date":"2023-04-25T11:12:37","date_gmt":"2023-04-25T09:12:37","guid":{"rendered":"https:\/\/www.discusfood.com\/de\/?page_id=2163"},"modified":"2025-12-17T14:20:52","modified_gmt":"2025-12-17T14:20:52","slug":"discus-minerals-300g","status":"publish","type":"page","link":"https:\/\/www.discusfood.com\/it\/cura-dellacqua\/discus-minerals-300g","title":{"rendered":"Discus Minerals"},"content":{"rendered":"<p><img loading=\"lazy\" decoding=\"async\" class=\"alignleft wp-image-574 size-medium\" src=\"https:\/\/www.discusfood.com\/de\/wp-content\/uploads\/sites\/3\/2018\/05\/minerals_300g-e1686402574424-236x300.jpg\" alt=\"\" width=\"236\" height=\"300\" \/><\/p>\n<p><strong>Discus Minerals \u2013 Minerali e oligoelementi per i discus<\/strong><\/p>\n<p>L&#8217;acqua pura (H2O) \u00e8 un ambiente ostile. Solo i minerali disciolti, gli oligoelementi e le sostanze umiche garantiscono un ambiente sano. Discus Minerals di Discusfood contiene una miscela bilanciata di minerali e oligoelementi cos\u00ec come sono disciolti nell&#8217;acqua naturale. L&#8217;acqua demineralizzata (ad esempio per osmosi) viene utilizzata per gli acquari di acqua dolce. Non contiene ingredienti naturali. Per compensare la mancanza di minerali e oligoelementi si pu\u00f2 utilizzare Discus Minerals. L&#8217;acqua \u00e8 mineralizzata. Discus Minerals \u00e8 appositamente ottimizzato per i biotopi di acqua dolce.<\/p>\n<p>Discus Minerals contrasta i danni causati dalla carenza di minerali e garantisce la salute dell&#8217;acqua dell&#8217;acquario. Discus Minerals non contiene NaCl (sale da cucina) e non aumenta la durezza carbonatica.<\/p>\n<p><strong>Applicazione:<\/strong> 15 g di Discus Minerals in 100 litri di acqua di osmosi o 10 g in 100 litri di acqua a basso contenuto di minerali. Discus Minerals \u00e8 molto facilmente solubile. Sciogliere la miscela di minerali in un contenitore d&#8217;acqua separato e poi aggiungerla lentamente all&#8217;acquario. 1 g per 10 litri aumenta la durezza totale di circa 3\u00b0 GH e la conducibilit\u00e0 di circa 150 \u00b5S\/cm.<\/p>\n<p><strong>Non destinato al consumo umano! CONSERVARE IN LUOGO FRESCO E ASCIUTTO!<\/strong><\/p>\n<p><strong><img loading=\"lazy\" decoding=\"async\" class=\"alignleft size-medium wp-image-574\" src=\"\/it\/wp-content\/uploads\/sites\/6\/2018\/05\/minerals_300g-e1686402574424-236x300.jpg\" alt=\"Discus Minerals 300g\" width=\"236\" height=\"300\" \/><br \/>\nDiscus Minerals 300g<br \/>\nArticolo n.:<\/strong> 33020<\/p>\n<p>&nbsp;<\/p>\n<p>&nbsp;<\/p>\n<p>&nbsp;<\/p>\n<p>&nbsp;<\/p>\n<p><strong><img loading=\"lazy\" decoding=\"async\" class=\"alignleft size-medium wp-image-2168\" src=\"\/it\/wp-content\/uploads\/sites\/6\/2023\/04\/61lpkgqFIL._AC_SL1125_-168x300.jpg\" alt=\"Discus Minerals 1000g\" width=\"168\" height=\"300\" \/><br \/>\nDiscus Minerals 1000g<\/strong><br \/>\n<strong>Articolo n.<\/strong>:\u00a033050<\/p>\n<p>&nbsp;<\/p>\n<p>&nbsp;<\/p>\n<p>&nbsp;<\/p>\n<p><strong><br \/>\nAcquista qui<\/strong> &#8211;\u00a0<a href=\"https:\/\/www.aquariatech.com\" target=\"_blank\" rel=\"noopener\">Aquariatech<\/a><\/p>\n","protected":false},"excerpt":{"rendered":"<p>Discus Minerals \u2013 Minerali e oligoelementi per i discus L&#8217;acqua pura (H2O) \u00e8 un ambiente ostile. Solo i minerali disciolti,&hellip;<\/p>\n","protected":false},"author":2,"featured_media":0,"parent":18,"menu_order":1,"comment_status":"closed","ping_status":"closed","template":"","meta":{"footnotes":""},"class_list":["post-2163","page","type-page","status-publish","hentry"],"_links":{"self":[{"href":"https:\/\/www.discusfood.com\/it\/wp-json\/wp\/v2\/pages\/2163","targetHints":{"allow":["GET"]}}],"collection":[{"href":"https:\/\/www.discusfood.com\/it\/wp-json\/wp\/v2\/pages"}],"about":[{"href":"https:\/\/www.discusfood.com\/it\/wp-json\/wp\/v2\/types\/page"}],"author":[{"embeddable":true,"href":"https:\/\/www.discusfood.com\/it\/wp-json\/wp\/v2\/users\/2"}],"replies":[{"embeddable":true,"href":"https:\/\/www.discusfood.com\/it\/wp-json\/wp\/v2\/comments?post=2163"}],"version-history":[{"count":6,"href":"https:\/\/www.discusfood.com\/it\/wp-json\/wp\/v2\/pages\/2163\/revisions"}],"predecessor-version":[{"id":3228,"href":"https:\/\/www.discusfood.com\/it\/wp-json\/wp\/v2\/pages\/2163\/revisions\/3228"}],"up":[{"embeddable":true,"href":"https:\/\/www.discusfood.com\/it\/wp-json\/wp\/v2\/pages\/18"}],"wp:attachment":[{"href":"https:\/\/www.discusfood.com\/it\/wp-json\/wp\/v2\/media?parent=2163"}],"curies":[{"name":"wp","href":"https:\/\/api.w.org\/{rel}","templated":true}]}}