{"id":3122,"date":"2024-10-07T08:55:55","date_gmt":"2024-10-07T08:55:55","guid":{"rendered":"https:\/\/www.discusfood.com\/it\/?page_id=3122"},"modified":"2025-01-21T13:39:57","modified_gmt":"2025-01-21T13:39:57","slug":"discusfood-sponsor-principale-dei-trofei-del-5-campionato-europeo-disco-2024","status":"publish","type":"page","link":"https:\/\/www.discusfood.com\/it\/blog\/discusfood-sponsor-principale-dei-trofei-del-5-campionato-europeo-disco-2024","title":{"rendered":"Discusfood, sponsor principale dei trofei del 5\u00b0 Campionato Europeo Discus 2024"},"content":{"rendered":"<p>&#8211; presenta qui l&#8217;idea, la realizzazione e la produzione dei trofei. L&#8217;idea \u00e8 stata di Udo Thr\u00e4n, Amministratore delegato della manifattura Discusfood. Il logo doveva essere il Discus, che \u00e8 incluso nel marchio registrato del logo. Ecco come \u00e8 nata l&#8217;idea, che ora doveva essere realizzata. \u00c8 qui che \u00e8 intervenuto il mio amico e socio Michael an Haack, che \u00e8 un designer e ha ridisegnato il nostro logo per creare i trofei. Per lui \u00e8 stata una cosa semplice, dato che normalmente progetta apparecchi di illuminazione ad alta tecnologia. Dopo la costruzione, \u00e8 entrata in gioco mia figlia Sofie, che ha realizzato questo progetto con la nostra azienda in Cina e li ha tagliati al laser da lastre e poi li ha galvanizzati. Dopo 4 settimane abbiamo potuto finalmente tenerli tra le mani e il progetto, durato 5 mesi, si \u00e8 concluso.<\/p>\n<p><img loading=\"lazy\" decoding=\"async\" class=\"aligncenter size-full wp-image-3119\" src=\"\/it\/wp-content\/uploads\/sites\/6\/2024\/10\/Entwurf-Best-in-Show.jpg\" alt=\"Entwurf Best in Show\" width=\"1280\" height=\"720\" \/><\/p>\n<p><img loading=\"lazy\" decoding=\"async\" class=\"aligncenter size-full wp-image-3120\" src=\"\/it\/wp-content\/uploads\/sites\/6\/2024\/10\/entwuerfe-Pokale-1.jpg\" alt=\"Entwu\u0308rfe Pokale 1\" width=\"1280\" height=\"720\" \/><\/p>\n<p><img loading=\"lazy\" decoding=\"async\" class=\"aligncenter size-full wp-image-3121\" src=\"\/it\/wp-content\/uploads\/sites\/6\/2024\/10\/Best-in-show1.jpg\" alt=\"Best in show1\" width=\"1132\" height=\"2000\" \/><\/p>\n<p><img loading=\"lazy\" decoding=\"async\" class=\"aligncenter size-full wp-image-3117\" src=\"\/it\/wp-content\/uploads\/sites\/6\/2024\/10\/Public-choice.jpg\" alt=\"Public choice\" width=\"2208\" height=\"2740\" \/><\/p>\n","protected":false},"excerpt":{"rendered":"<p>&#8211; presenta qui l&#8217;idea, la realizzazione e la produzione dei trofei. L&#8217;idea \u00e8 stata di Udo Thr\u00e4n, Amministratore delegato della&hellip;<\/p>\n","protected":false},"author":2,"featured_media":0,"parent":3115,"menu_order":0,"comment_status":"closed","ping_status":"closed","template":"","meta":{"footnotes":""},"class_list":["post-3122","page","type-page","status-publish","hentry"],"_links":{"self":[{"href":"https:\/\/www.discusfood.com\/it\/wp-json\/wp\/v2\/pages\/3122","targetHints":{"allow":["GET"]}}],"collection":[{"href":"https:\/\/www.discusfood.com\/it\/wp-json\/wp\/v2\/pages"}],"about":[{"href":"https:\/\/www.discusfood.com\/it\/wp-json\/wp\/v2\/types\/page"}],"author":[{"embeddable":true,"href":"https:\/\/www.discusfood.com\/it\/wp-json\/wp\/v2\/users\/2"}],"replies":[{"embeddable":true,"href":"https:\/\/www.discusfood.com\/it\/wp-json\/wp\/v2\/comments?post=3122"}],"version-history":[{"count":3,"href":"https:\/\/www.discusfood.com\/it\/wp-json\/wp\/v2\/pages\/3122\/revisions"}],"predecessor-version":[{"id":3126,"href":"https:\/\/www.discusfood.com\/it\/wp-json\/wp\/v2\/pages\/3122\/revisions\/3126"}],"up":[{"embeddable":true,"href":"https:\/\/www.discusfood.com\/it\/wp-json\/wp\/v2\/pages\/3115"}],"wp:attachment":[{"href":"https:\/\/www.discusfood.com\/it\/wp-json\/wp\/v2\/media?parent=3122"}],"curies":[{"name":"wp","href":"https:\/\/api.w.org\/{rel}","templated":true}]}}