{"id":3150,"date":"2025-02-24T08:18:49","date_gmt":"2025-02-24T08:18:49","guid":{"rendered":"https:\/\/www.discusfood.com\/it\/?page_id=3150"},"modified":"2025-02-24T08:25:40","modified_gmt":"2025-02-24T08:25:40","slug":"lo-sviluppo-del-fiocco-granulare-completamente-estruso","status":"publish","type":"page","link":"https:\/\/www.discusfood.com\/it\/blog\/lo-sviluppo-del-fiocco-granulare-completamente-estruso","title":{"rendered":"Lo sviluppo del \u201cfiocco granulare completamente estruso\u201d"},"content":{"rendered":"<p><img loading=\"lazy\" decoding=\"async\" class=\"size-medium wp-image-3149 alignleft\" src=\"\/it\/wp-content\/uploads\/sites\/6\/2025\/02\/df_flachgranulat-229x300.jpg\" alt=\"Discusfood Flachgranulat\" width=\"229\" height=\"300\" \/><\/p>\n<h2>Lo sviluppo del \u201cfiocco granulare completamente estruso\u201d<\/h2>\n<p>Lo sviluppo del \u201cfiocco granulare completamente estruso\u201d di Discusfood<br \/>\nIl seguente articolo spiega il contesto che ha portato allo sviluppo del fiocco granulare completamente estruso di Discusfood.<br \/>\nDi seguito viene presentata una panoramica dello sviluppo storico del cibo secco per pesci ornamentali e dei fiocchi per pesci ornamentali.<\/p>\n<p><strong>1954<\/strong><\/p>\n<p>L&#8217;invenzione dei fiocchi come forma originale di cibo secco per pesci d&#8217;acquario \u00e8 attribuita al Dr. Ulrich Baensch, fondatore dell&#8217;azienda Tetra GmbH. Nel 1954, lo sviluppatore raggiunse una svolta producendo un mangime in fiocchi che si differenziava da tutti i prodotti di questo tipo precedentemente conosciuti. Il suo obiettivo era quello di creare un alimento per pesci facile da somministrare e di lunga durata per semplificare l&#8217;allevamento dei pesci d&#8217;acquario. Va inoltre sottolineato che l&#8217;introduzione di batteri, germi o addirittura parassiti deve essere evitata utilizzando cibo vivo o congelato.<\/p>\n<p><strong>La produzione<\/strong><\/p>\n<p>La produzione di fiocchi segue un processo identico in quasi tutte le aziende. In primo luogo, viene miscelato un impasto di mangime, che viene poi cotto in un fiocco molto sottile utilizzando rulli caldi.<\/p>\n<p><strong>Come \u00e8 nata l&#8217;idea dei fiocchi granulari?<\/strong><\/p>\n<p>Discusfood si \u00e8 fatta un nome come produttore di granuli di alta qualit\u00e0. Di recente, l&#8217;azienda si \u00e8 trovata sempre pi\u00f9 spesso di fronte a richieste di fiocchi di alta qualit\u00e0.<br \/>\nMa volevamo qualcosa di nuovo, non una produzione di fiocchi vecchia di 70 anni, quindi ci siamo chiesti perch\u00e9 i fiocchi non vengono utilizzati in acquacoltura. La risposta dei produttori \u00e8 stata semplice: troppo poco biodisponibile. In parole povere: quasi nessun valore nutrizionale. Quindi cosa potevamo fare? Ci \u00e8 venuta l&#8217;idea di miscelare il microgranulato completamente estruso come pasta per mangimi e di pressarlo in fiocchi utilizzando una pressa a rulli in una linea di essiccazione senza laminazione a caldo.<\/p>\n<p><strong>I primi test ci hanno convinto<\/strong><\/p>\n<p>L&#8217;intenzione non solo di pressare il granulato semplice in fiocchi, ma anche di ottenere una separazione degli ingredienti, ha portato allo sviluppo dei nostri primi due fiocchi di granulato. Questi hanno stabilito nuovi standard sia in termini di processo di produzione che di composizione. L&#8217;analisi degli ingredienti dimostra che B\u00fcffet di Insekt e Frutti di mare hanno composizioni uniche. L&#8217;accettazione dell&#8217;alimento da parte delle specie ittiche \u00e8 stata costantemente positiva. Anche i pesci considerati difficili da gestire hanno mostrato un&#8217;assimilazione rapida ed efficace del cibo secco di alta qualit\u00e0. Siamo particolarmente soddisfatti di essere apprezzati dagli specialisti del settore come fornitori di Frutti di Mare.<\/p>\n<p><img loading=\"lazy\" decoding=\"async\" class=\"aligncenter size-full wp-image-3147\" src=\"\/it\/wp-content\/uploads\/sites\/6\/2025\/02\/Folie-3-1-Frutti-FR.png\" alt=\"Discusfood Flachgranulat\" width=\"1526\" height=\"858\" \/><\/p>\n<p><img loading=\"lazy\" decoding=\"async\" class=\"aligncenter size-full wp-image-3148\" src=\"\/it\/wp-content\/uploads\/sites\/6\/2025\/02\/Folie2-Buffet-FR.png\" alt=\"Discusfood Buffet di Insect\" width=\"1527\" height=\"858\" \/><\/p>\n","protected":false},"excerpt":{"rendered":"<p>Lo sviluppo del \u201cfiocco granulare completamente estruso\u201d Lo sviluppo del \u201cfiocco granulare completamente estruso\u201d di Discusfood Il seguente articolo spiega&hellip;<\/p>\n","protected":false},"author":2,"featured_media":0,"parent":3115,"menu_order":0,"comment_status":"closed","ping_status":"closed","template":"","meta":{"footnotes":""},"class_list":["post-3150","page","type-page","status-publish","hentry"],"_links":{"self":[{"href":"https:\/\/www.discusfood.com\/it\/wp-json\/wp\/v2\/pages\/3150","targetHints":{"allow":["GET"]}}],"collection":[{"href":"https:\/\/www.discusfood.com\/it\/wp-json\/wp\/v2\/pages"}],"about":[{"href":"https:\/\/www.discusfood.com\/it\/wp-json\/wp\/v2\/types\/page"}],"author":[{"embeddable":true,"href":"https:\/\/www.discusfood.com\/it\/wp-json\/wp\/v2\/users\/2"}],"replies":[{"embeddable":true,"href":"https:\/\/www.discusfood.com\/it\/wp-json\/wp\/v2\/comments?post=3150"}],"version-history":[{"count":2,"href":"https:\/\/www.discusfood.com\/it\/wp-json\/wp\/v2\/pages\/3150\/revisions"}],"predecessor-version":[{"id":3152,"href":"https:\/\/www.discusfood.com\/it\/wp-json\/wp\/v2\/pages\/3150\/revisions\/3152"}],"up":[{"embeddable":true,"href":"https:\/\/www.discusfood.com\/it\/wp-json\/wp\/v2\/pages\/3115"}],"wp:attachment":[{"href":"https:\/\/www.discusfood.com\/it\/wp-json\/wp\/v2\/media?parent=3150"}],"curies":[{"name":"wp","href":"https:\/\/api.w.org\/{rel}","templated":true}]}}