{"id":6,"date":"2023-03-29T10:43:42","date_gmt":"2023-03-29T08:43:42","guid":{"rendered":"https:\/\/www.discusfood.com\/de\/?page_id=6"},"modified":"2026-04-07T21:07:04","modified_gmt":"2026-04-07T21:07:04","slug":"startseite","status":"publish","type":"page","link":"https:\/\/www.discusfood.com\/it\/","title":{"rendered":"Home"},"content":{"rendered":"<p><img loading=\"lazy\" decoding=\"async\" class=\"aligncenter size-full wp-image-3158\" src=\"\/it\/wp-content\/uploads\/sites\/6\/2025\/02\/DF-Logo-animated-optimize.gif\" alt=\"Discusfood Logo\" width=\"800\" height=\"451\" \/><\/p>\n<p><img loading=\"lazy\" decoding=\"async\" class=\"aligncenter size-full wp-image-3156\" src=\"\/it\/wp-content\/uploads\/sites\/6\/2025\/02\/Logo-Manufafaktur.png\" alt=\"Disscusfood Logo\" width=\"1134\" height=\"261\" \/><\/p>\n<p><strong> Sono un acquariofilo da oltre 40 anni e circa 20 anni fa mi \u00e8 venuta l&#8217;idea di migliorare le cose buone, producendo granuli (ingredienti) di buona qualit\u00e0 senza se e senza ma Sono state sviluppate e realizzate idee per granuli morbidi e paste alimentari. All&#8217;epoca tutto era stato sviluppato per i discus, ma molto presto molti si sono resi conto che si trattava di un superalimento anche per tutti gli altri abitanti dell&#8217;acquario. Siamo molto orgogliosi dei nostri prodotti, sia che si tratti di mangimi che di condizionatori d&#8217;acqua.<\/strong><\/p>\n<p><img loading=\"lazy\" decoding=\"async\" class=\"aligncenter size-full wp-image-3157\" src=\"\/it\/wp-content\/uploads\/sites\/6\/2025\/02\/Udo.png\" alt=\"Discussfood CEO\" width=\"713\" height=\"432\" \/><\/p>\n<hr \/>\n<p><img loading=\"lazy\" decoding=\"async\" class=\"aligncenter size-full wp-image-3248\" src=\"\/it\/wp-content\/uploads\/sites\/6\/2026\/01\/IT11.webp\" alt=\"Stand Discusfood alla fiera Interzoo 2026 di Norimberga \u2013 Padiglione 1, Stand 1-548\" width=\"1280\" height=\"720\" \/><\/p>\n<p><img loading=\"lazy\" decoding=\"async\" class=\"aligncenter size-full wp-image-3249\" src=\"\/it\/wp-content\/uploads\/sites\/6\/2026\/01\/IT12.webp\" alt=\"Mappa dell'Interzoo Norimberga 2026 \u2013 Come raggiungere Discusfood Padiglione 1, Stand 1-548\" width=\"1280\" height=\"720\" \/><\/p>\n<hr \/>\n<p><img loading=\"lazy\" decoding=\"async\" class=\"aligncenter size-large wp-image-3268\" src=\"\/it\/wp-content\/uploads\/sites\/6\/2026\/04\/Artemia-Paste-lexicon-it-709x1024.webp\" alt=\"Pasta di Artemia di Discusfood - Recensione di Aquaristik Lexikon DE\" width=\"709\" height=\"1024\" \/><\/p>\n<hr \/>\n<p><img loading=\"lazy\" decoding=\"async\" class=\"alignleft size-medium wp-image-3209\" src=\"\/it\/wp-content\/uploads\/sites\/6\/2025\/10\/Discusfood-News-2025-2026-208x300.png\" alt=\"Novit\u00e0 2025 \u2013 2026\" width=\"208\" height=\"300\" \/><\/p>\n<p><strong>Cari acquariofili,<\/strong><br \/>\nfinalmente ci siamo: le nostre novit\u00e0 sono disponibili da subito!<br \/>\nContinua a leggere <a href=\"https:\/\/www.discusfood.com\/it\/blog\/novita-2025-2026\">qui<\/a><\/p>\n<hr \/>\n<p><img loading=\"lazy\" decoding=\"async\" class=\"alignleft size-medium wp-image-3187\" src=\"\/it\/wp-content\/uploads\/sites\/6\/2025\/07\/Heikreuterfutter-300x259.png\" alt=\"Herbal Flatgranulate 30g\" width=\"300\" height=\"259\" \/><\/p>\n<h2>Discusfood Herbal Flatgranulat 30 g<\/h2>\n<p>\u00e8 un innovativo mangime in fiocchi sviluppato appositamente per le esigenze dei pesci ornamentali sensibili come i discus, i neon o gli skalare. La base \u00e8 costituita da un microgranulato che viene lavorato con uno speciale processo di estrusione in forma simile a fiocchi, rendendolo particolarmente digeribile e a lento affondamento.<br \/>\nIl mangime \u00e8 stato testato per oltre 18 mesi in un impianto professionale per discus in condizioni reali, con risultati eccellenti, soprattutto in situazioni di stress come dopo l&#8217;importazione, in quarantena o durante il recupero dopo l&#8217;uso di farmaci.<br \/>\nGrazie agli ingredienti di alta qualit\u00e0 come proteine di insetti, ingredienti marini, una miscela di erbe medicinali, probiotici e prebiotici, questo mangime sostiene attivamente la flora intestinale, rafforza il sistema immunitario e pu\u00f2 aiutare a combattere germi patogeni e parassiti nell&#8217;intestino.<br \/>\nIdeale per tutti gli acquariofili che desiderano pesci sani, attivi e colorati.<br \/>\nLink alla <a href=\"https:\/\/www.discusfood.com\/it\/alimenti-per-pesci\/granuli-piatto\/discusfood-herbal-flatgranulate-30-g\">pagina del articolo<\/a><\/p>\n<hr \/>\n<p><a href=\"https:\/\/www.discusfood.com\/it\/alimenti-per-pesci\/freshwater-crab\"><img loading=\"lazy\" decoding=\"async\" class=\"alignnone size-full wp-image-3177\" src=\"\/it\/wp-content\/uploads\/sites\/6\/2025\/05\/Krebs-1-IT.jpg\" alt=\"\" width=\"1280\" height=\"720\" \/><\/a><\/p>\n<hr \/>\n<p><a href=\"https:\/\/www.discusfood.com\/it\/alimenti-per-pesci\/best-heart-flakes\/best-heart-flake-golden-dream-300-ml\"><img loading=\"lazy\" decoding=\"async\" class=\"alignnone wp-image-3180\" src=\"\/it\/wp-content\/uploads\/sites\/6\/2025\/05\/Folie1-IT.jpg\" alt=\"\" width=\"1280\" height=\"720\" \/><\/a><\/p>\n<hr \/>\n<p><img loading=\"lazy\" decoding=\"async\" class=\"aligncenter size-full wp-image-3163\" src=\"\/it\/wp-content\/uploads\/sites\/6\/2025\/03\/Beef-Heart-rot-Popo.jpg\" alt=\"Discusfood Beef Heart\" width=\"1280\" height=\"720\" \/><\/p>\n<h2 style=\"text-align: center\">Discusfood Beef Heart Soft Granulat \u2013 Il punto di svolta nell&#8217;alimentazione a base di cuore di manzo<\/h2>\n<p><strong>Un sentito ringraziamento a tutti gli amici dei discus!<br \/>\n<\/strong>Grazie al vostro sostegno, il nostro Discusfood Beef Heart Soft Granulat \u00e8 diventato il prodotto di maggior successo del 2024\/2025: oltre 6000 unit\u00e0 vendute in tutto il mondo in soli due mesi parlano da sole.<\/p>\n<p><strong>Ma cosa rende questo mangime cos\u00ec speciale?<br \/>\nBeef Heart Soft Granulat<\/strong> rivoluziona la classica alimentazione a base di cuore di manzo. Al posto del tradizionale cuore di manzo con grasso, sangue e gelatina, utilizziamo <strong>proteine di cuore di manzo pure e sgrassate, bianche come la neve e fini come lo zucchero a velo<\/strong>. Privo di componenti difficili da digerire e con catene di collagene completamente scomposte.<\/p>\n<p><strong>Il risultato:<br \/>\n<\/strong>\u2714\ufe0f <strong>Migliore digeribilit\u00e0<\/strong> \u2013 nessuna adesione alle pareti intestinali<br \/>\n\u2714\ufe0f <strong>Crescita stabile e vitalit\u00e0<\/strong> \u2013 grazie a fonti proteiche di alta qualit\u00e0<br \/>\n\u2714\ufe0f <strong>Qualit\u00e0 dell&#8217;acqua ottimale<\/strong> \u2013 impatto minimo sull&#8217;acquario<br \/>\n\u2714\ufe0f <strong>Tecnologia Soft Formula<\/strong> \u2013 non si gonfia nello stomaco<\/p>\n<p>Molti allevatori in tutto il mondo lo confermano: migliore sviluppo, maggiore resistenza e crescita uniforme degli animali.<br \/>\nA proposito: il disco rosso sulla confezione non rappresenta una tonalit\u00e0 di colore, ma simboleggia <strong>ci\u00f2 che un buon mangime pu\u00f2 fare per ogni disco<\/strong>.<\/p>\n<p>Con la stessa idea \u00e8 stato sviluppato anche il nostro <strong>Best Heart Granulat &amp; Flakes<\/strong>, per tutti coloro che puntano su un&#8217;alimentazione innovativa e pulita per i propri dischi.<\/p>\n<hr \/>\n<p><img loading=\"lazy\" decoding=\"async\" class=\"size-medium wp-image-3149 alignleft\" src=\"\/it\/wp-content\/uploads\/sites\/6\/2025\/02\/df_flachgranulat-229x300.jpg\" alt=\"Discusfood Flachgranulat\" width=\"229\" height=\"300\" \/><\/p>\n<h2 style=\"text-align: center\">Lo sviluppo del \u201cfiocco granulare completamente estruso\u201d di Discusfood<\/h2>\n<p>L&#8217;articolo che segue illustra il contesto dello sviluppo dei fiocchi granulari completamente estrusi di Discusfood.<br \/>\nDi seguito viene presentata una panoramica dello sviluppo storico del cibo secco per pesci ornamentali e dei fiocchi per pesci ornamentali.<br \/>\n<a href=\"https:\/\/www.discusfood.com\/it\/blog\/lo-sviluppo-del-fiocco-granulare-completamente-estruso\">Per saperne di pi\u00f9<\/a><\/p>\n<hr \/>\n<p><img loading=\"lazy\" decoding=\"async\" class=\"alignleft size-medium wp-image-3121\" src=\"\/it\/wp-content\/uploads\/sites\/6\/2024\/10\/Best-in-show1-170x300.jpg\" alt=\"Best in show1\" width=\"170\" height=\"300\" \/><\/p>\n<h2 style=\"text-align: center\">Discusfood, sponsor principale dei trofei del 5\u00b0 Campionato Europeo del Discus<\/h2>\n<p>&#8211; presenta qui l&#8217;idea, la realizzazione e la produzione dei trofei. L&#8217;idea \u00e8 di Udo Thr\u00e4n &#8230;..<br \/>\n<a href=\"https:\/\/www.discusfood.com\/it\/blog\/discusfood-sponsor-principale-dei-trofei-del-5-campionato-europeo-disco-2024\">Per saperne di pi\u00f9<\/a><\/p>\n<p>&nbsp;<\/p>\n<p>&nbsp;<\/p>\n<p>&nbsp;<\/p>\n<hr \/>\n<div style=\"width: 1920px;\" class=\"wp-video\"><!--[if lt IE 9]><script>document.createElement('video');<\/script><![endif]-->\n<video class=\"wp-video-shortcode\" id=\"video-6-1\" width=\"1920\" height=\"1080\" poster=\"https:\/\/www.discusfood.com\/it\/wp-content\/uploads\/sites\/6\/2024\/01\/Screenshot-2024-01-16-at-8.59.11.png\" preload=\"metadata\" controls=\"controls\"><source type=\"video\/mp4\" src=\"https:\/\/www.discusfood.com\/it\/wp-content\/uploads\/sites\/6\/2021\/01\/amazon-tonic-projekt-4.mp4?_=1\" \/><a href=\"https:\/\/www.discusfood.com\/it\/wp-content\/uploads\/sites\/6\/2021\/01\/amazon-tonic-projekt-4.mp4\">https:\/\/www.discusfood.com\/it\/wp-content\/uploads\/sites\/6\/2021\/01\/amazon-tonic-projekt-4.mp4<\/a><\/video><\/div>\n<div style=\"width: 1920px;\" class=\"wp-video\"><video class=\"wp-video-shortcode\" id=\"video-6-2\" width=\"1920\" height=\"1080\" poster=\"https:\/\/www.discusfood.com\/it\/wp-content\/uploads\/sites\/6\/2024\/01\/Screenshot-2024-01-16-at-9.04.39.png\" preload=\"metadata\" controls=\"controls\"><source type=\"video\/mp4\" src=\"https:\/\/www.discusfood.com\/it\/wp-content\/uploads\/sites\/6\/2021\/01\/organic-clear-final-projekt-2.mp4?_=2\" \/><a href=\"https:\/\/www.discusfood.com\/it\/wp-content\/uploads\/sites\/6\/2021\/01\/organic-clear-final-projekt-2.mp4\">https:\/\/www.discusfood.com\/it\/wp-content\/uploads\/sites\/6\/2021\/01\/organic-clear-final-projekt-2.mp4<\/a><\/video><\/div>\n<div style=\"width: 1920px;\" class=\"wp-video\"><video class=\"wp-video-shortcode\" id=\"video-6-3\" width=\"1920\" height=\"1080\" poster=\"https:\/\/www.discusfood.com\/it\/wp-content\/uploads\/sites\/6\/2024\/01\/Screenshot-2024-01-16-at-9.06.43.png\" preload=\"metadata\" controls=\"controls\"><source type=\"video\/mp4\" src=\"https:\/\/www.discusfood.com\/it\/wp-content\/uploads\/sites\/6\/2021\/01\/humin-projekt-video-2.mp4?_=3\" \/><a href=\"https:\/\/www.discusfood.com\/it\/wp-content\/uploads\/sites\/6\/2021\/01\/humin-projekt-video-2.mp4\">https:\/\/www.discusfood.com\/it\/wp-content\/uploads\/sites\/6\/2021\/01\/humin-projekt-video-2.mp4<\/a><\/video><\/div>\n<hr \/>\n<h2 style=\"text-align: center\">ROYAL CATAPPA<\/h2>\n<p><img loading=\"lazy\" decoding=\"async\" class=\"wp-image-1599 alignleft\" src=\"wp-content\/uploads\/sites\/6\/2021\/01\/25505_a_1600x1200-1.jpg\" alt=\"\" width=\"185\" height=\"500\" \/><\/p>\n<p><strong>Uno dei pi\u00f9 potenti prodotti naturali antibatterici.<\/strong><br \/>\n<strong>Ha propriet\u00e0 antibiotiche e fungicide naturali.<\/strong><\/p>\n<ul>\n<li><strong>Sostiene e rafforza il sistema immunitario dei pesci.<\/strong><\/li>\n<li><strong>Pu\u00f2 migliorare significativamente la qualit\u00e0 dell&#8217;acqua dei pesci riducendo i germi<\/strong><\/li>\n<li><strong>La deposizione delle uova \u00e8 pi\u00f9 protetta dall&#8217;attacco dei funghi<\/strong><\/li>\n<li><strong>I pesci che soffrono di marciume delle pinne e infiammazioni possono riprendersi pi\u00f9 rapidamente.<\/strong><\/li>\n<\/ul>\n<p>Tutti questi fattori hanno un effetto positivo nella lotta contro le malattie dei pesci, come la malattia delle macchie nei tetra, la cosiddetta malattia dell&#8217;occhio glottale e la malattia del buco nei pesci discus. Le membrane mucose sono protette in modo particolarmente efficace.<br \/>\nIl ricco concentrato premium \u00e8 particolarmente indicato quando si allestisce un nuovo acquario, cos\u00ec come quando si allestisce una vasca di riproduzione, quando si tengono specie ittiche sensibili, durante il trasporto di un pesce in un nuovo acquario, durante una malattia batterica dei pesci o durante la fase di riproduzione dei pesci disco e di altre specie. Create un&#8217;acqua adatta ai pesci con un prodotto naturale al 100%.<\/p>\n<p>Pagina prodotto <a href=\"https:\/\/www.discusfood.com\/it\/cura-dellacqua\/condizionatore-dacqua\/catappa-royal-500-ml\">500 ml<\/a> &amp; <a href=\"https:\/\/www.discusfood.com\/it\/cura-dellacqua\/condizionatore-dacqua\/catappa-royal-5000-ml\">5000 ml<\/a><\/p>\n<hr \/>\n<h2 style=\"text-align: center\">Artemia\/ Brine Shrimps Microgranulate 50%<\/h2>\n<p><img loading=\"lazy\" decoding=\"async\" class=\"size-medium wp-image-762 alignleft\" src=\"\/it\/wp-content\/uploads\/sites\/6\/2018\/10\/Microgranulate_Soft-e1686399871976-300x270.jpg\" alt=\"\" width=\"300\" height=\"270\" \/><\/p>\n<p><strong>Artemia 50% Microgranulat Soft<\/strong><\/p>\n<p>L\u2019ammorbidimento impedisce ai granuli di gonfiarsi nell\u2019acqua dell\u2019acquario o nel tratto digestivo dei pesci e, allo stesso tempo, aumenta l\u2019accettazione del cibo. Con una dimensione dei granuli di circa 0,1 mm, questo mangime completo \u00e8 ideale per l\u2019allevamento efficiente di larve di pesci e giovani animali e pu\u00f2 aiutare anche i rappresentanti pi\u00f9 piccoli, come le larve di Betta o Corydoras, a crescere \u201egrandi e forti\u201c. Poich\u00e9 i granuli fini sono distribuiti quasi uniformemente in tutta la vasca, \u00e8 garantito l\u2019approvvigionamento del maggior numero possibile di giovani animali.<\/p>\n<p><a href=\"https:\/\/www.discusfood.com\/it\/alimenti-per-pesci\/artemia-50-granulate\/artemia-brine-shrimps-microgranulate-50\">Pagina prodotto<\/a><\/p>\n","protected":false},"excerpt":{"rendered":"<p>Sono un acquariofilo da oltre 40 anni e circa 20 anni fa mi \u00e8 venuta l&#8217;idea di migliorare le cose&hellip;<\/p>\n","protected":false},"author":2,"featured_media":0,"parent":0,"menu_order":0,"comment_status":"closed","ping_status":"closed","template":"homepage.php","meta":{"footnotes":""},"class_list":["post-6","page","type-page","status-publish","hentry"],"_links":{"self":[{"href":"https:\/\/www.discusfood.com\/it\/wp-json\/wp\/v2\/pages\/6","targetHints":{"allow":["GET"]}}],"collection":[{"href":"https:\/\/www.discusfood.com\/it\/wp-json\/wp\/v2\/pages"}],"about":[{"href":"https:\/\/www.discusfood.com\/it\/wp-json\/wp\/v2\/types\/page"}],"author":[{"embeddable":true,"href":"https:\/\/www.discusfood.com\/it\/wp-json\/wp\/v2\/users\/2"}],"replies":[{"embeddable":true,"href":"https:\/\/www.discusfood.com\/it\/wp-json\/wp\/v2\/comments?post=6"}],"version-history":[{"count":21,"href":"https:\/\/www.discusfood.com\/it\/wp-json\/wp\/v2\/pages\/6\/revisions"}],"predecessor-version":[{"id":3269,"href":"https:\/\/www.discusfood.com\/it\/wp-json\/wp\/v2\/pages\/6\/revisions\/3269"}],"wp:attachment":[{"href":"https:\/\/www.discusfood.com\/it\/wp-json\/wp\/v2\/media?parent=6"}],"curies":[{"name":"wp","href":"https:\/\/api.w.org\/{rel}","templated":true}]}}