{"id":1873,"date":"2023-04-01T16:36:58","date_gmt":"2023-04-01T14:36:58","guid":{"rendered":"https:\/\/www.discusfood.com\/de\/?page_id=1873"},"modified":"2026-04-07T12:49:36","modified_gmt":"2026-04-07T12:49:36","slug":"brine-shrimp-artemia-paste-200g","status":"publish","type":"page","link":"https:\/\/www.discusfood.com\/pt\/fischfutter\/discufood-premiumfood-pasten\/brine-shrimp-artemia-paste-200g","title":{"rendered":"Brine Shrimp \/ Artemia Paste 200g"},"content":{"rendered":"<p><img loading=\"lazy\" decoding=\"async\" class=\"alignleft wp-image-1533 size-medium\" src=\"https:\/\/www.discusfood.com\/pt\/wp-content\/uploads\/sites\/7\/2021\/01\/20289_vorne-1-e1690372886192-262x300.jpg\" alt=\"\" width=\"262\" height=\"300\" \/><\/p>\n<p><strong>Discusfood Paste \u201eBrine Shrimp\u201c &#8211; Alimento completo para peixes ornamentais<\/strong><\/p>\n<p>As pastas alimentares Discusfood oferecem uma alternativa sensata \u00e0s formas habituais de alimenta\u00e7\u00e3o, tais como granulado, flocos e comida congelada. Devido \u00e0s op\u00e7\u00f5es de dosagem individuais, s\u00e3o adequadas para peixes pequenos, como guppies, bettas e as suas crias, bem como para esp\u00e9cies de peixes grandes e de maiores dimens\u00f5es, como characins, discus, peixes-anjo e percas. Adaptadas \u00e0 quantidade de peixes e de \u00e1gua, as por\u00e7\u00f5es moldadas afundam-se no substrato e s\u00e3o, portanto, acess\u00edveis a todos os habitantes do fundo, como peixes-gato, camar\u00f5es e carac\u00f3is. Como pequenas bolas, as por\u00e7\u00f5es s\u00e3o f\u00e1ceis de colar ao vidro do aqu\u00e1rio, pelo que tamb\u00e9m s\u00e3o facilmente acess\u00edveis aos peixes de \u00e1gua aberta. A consist\u00eancia macia das pastas \u00e9 muito atractiva para quase todas as esp\u00e9cies de peixes. As diferentes composi\u00e7\u00f5es criam uma gama equilibrada e variada para todos os aquariofilistas e criadores de peixes.<\/p>\n<p><strong>Composi\u00e7\u00e3o<\/strong>: subprodutos vegetais, insectos, quistos de art\u00e9mia, legumes (milho, espinafres, moringa, alho), cereais, krill, \u00f3leos e gorduras (\u00f3leo de salm\u00e3o), algas (spirulina, chlorella), minerais, leveduras<br \/>\n<strong>Componentes anal\u00edticos<\/strong>: Prote\u00edna bruta 23,00%, gordura bruta 4,25%, fibra bruta 2,20%, cinza bruta 6,50%<br \/>\n<strong>Aditivos por kg<\/strong>: Vitaminas: Vitamina A (3a672a) 10000 UI, vitamina C (3a300) 80 mg, vitamina D3 (3a671) 700 UI<br \/>\n<strong>Corantes<\/strong>: Astaxantina (2a161j) 20 mg<br \/>\nCom antioxidantes e conservantes<\/p>\n<p><strong>Recomenda\u00e7\u00e3o de alimenta\u00e7\u00e3o:<\/strong> D\u00ea aos peixes 2 a 3 vezes por dia a quantidade que eles conseguem comer em 2 a 5 minutos. N\u00e3o d\u00ea comida a mais aos peixes!<\/p>\n<p><strong>N\u00e3o se destina ao consumo humano! GUARDE-O NUM LOCAL FRESCO E SECO!<\/strong><\/p>\n<p><strong>Artigo n\u00ba::<\/strong> 20289<\/p>\n<p><strong>Compre aqui<\/strong> &#8211; <a href=\"https:\/\/ornaqua.pt\/\" target=\"_blank\" rel=\"noopener\">ORNAQUA<\/a> ou <a href=\"https:\/\/casadosdiscus.pt\/\" target=\"_blank\" rel=\"noopener\">A CASA dos DISCUS<\/a><\/p>\n<p>&nbsp;<\/p>\n","protected":false},"excerpt":{"rendered":"<p>Discusfood Paste \u201eBrine Shrimp\u201c &#8211; Alimento completo para peixes ornamentais As pastas alimentares Discusfood oferecem uma alternativa sensata \u00e0s formas&hellip;<\/p>\n","protected":false},"author":2,"featured_media":0,"parent":1961,"menu_order":4,"comment_status":"closed","ping_status":"closed","template":"","meta":{"footnotes":""},"class_list":["post-1873","page","type-page","status-publish","hentry"],"_links":{"self":[{"href":"https:\/\/www.discusfood.com\/pt\/wp-json\/wp\/v2\/pages\/1873","targetHints":{"allow":["GET"]}}],"collection":[{"href":"https:\/\/www.discusfood.com\/pt\/wp-json\/wp\/v2\/pages"}],"about":[{"href":"https:\/\/www.discusfood.com\/pt\/wp-json\/wp\/v2\/types\/page"}],"author":[{"embeddable":true,"href":"https:\/\/www.discusfood.com\/pt\/wp-json\/wp\/v2\/users\/2"}],"replies":[{"embeddable":true,"href":"https:\/\/www.discusfood.com\/pt\/wp-json\/wp\/v2\/comments?post=1873"}],"version-history":[{"count":2,"href":"https:\/\/www.discusfood.com\/pt\/wp-json\/wp\/v2\/pages\/1873\/revisions"}],"predecessor-version":[{"id":2753,"href":"https:\/\/www.discusfood.com\/pt\/wp-json\/wp\/v2\/pages\/1873\/revisions\/2753"}],"up":[{"embeddable":true,"href":"https:\/\/www.discusfood.com\/pt\/wp-json\/wp\/v2\/pages\/1961"}],"wp:attachment":[{"href":"https:\/\/www.discusfood.com\/pt\/wp-json\/wp\/v2\/media?parent=1873"}],"curies":[{"name":"wp","href":"https:\/\/api.w.org\/{rel}","templated":true}]}}