{"id":1900,"date":"2023-04-11T09:22:00","date_gmt":"2023-04-11T07:22:00","guid":{"rendered":"https:\/\/www.discusfood.com\/de\/?page_id=1900"},"modified":"2025-01-29T13:17:52","modified_gmt":"2025-01-29T13:17:52","slug":"artemia-brine-shrimps-softgranulate-50","status":"publish","type":"page","link":"https:\/\/www.discusfood.com\/pt\/fischfutter\/artemia-50-granulate\/artemia-brine-shrimps-softgranulate-50","title":{"rendered":"Artemia\/ Brine Shrimps Softgranulate 50%"},"content":{"rendered":"<p><img loading=\"lazy\" decoding=\"async\" class=\"alignleft wp-image-763 size-medium\" src=\"https:\/\/www.discusfood.com\/pt\/wp-content\/uploads\/sites\/7\/2018\/10\/Softgranulate-e1686399963246-213x300.jpg\" alt=\"\" width=\"213\" height=\"300\" \/><\/p>\n<p><strong>Artemia\/ Brine Shrimps Softgranulat 50%<\/strong><\/p>\n<p>A suavidade evita que os gr\u00e2nulos inchem na \u00e1gua do aqu\u00e1rio ou no trato digestivo dos peixes e, ao mesmo tempo, aumenta a aceita\u00e7\u00e3o do alimento. O tamanho do gr\u00e3o de aprox. 1 mm qualifica os gr\u00e2nulos macios principalmente para esp\u00e9cies de peixes ornamentais de pequeno e m\u00e9dio porte.<br \/>\nArtemia 50% Softgranulat XL, aprox. 1,5 &#8211; 2 mm, \u00e9 adequado para peixes m\u00e9dios a grandes.<br \/>\nA experi\u00eancia mostra que os gr\u00e2nulos moles Artemia 50% n\u00e3o s\u00e3o apenas bem recebidos pelos peixes ornamentais, muitos amantes de camar\u00f5es tamb\u00e9m descobriram este rico alimento completo para si ou para os seus protegidos<\/p>\n<p><strong>Composi\u00e7\u00e3o:<\/strong> Artemia 50%, prote\u00ednas vegetais, farinha de arroz, \u00f3leo de salm\u00e3o, alho 4%, levedura de cerveja, algas, amino\u00e1cidos, minerais, prebi\u00f3ticos e probi\u00f3ticos.<br \/>\n<strong>Componentes anal\u00edticos:<\/strong> Prote\u00edna bruta 49,3 %, gordura bruta 7 %, cinza bruta 2,4 %, fibra bruta 0,7 %<br \/>\n<strong>Aditivos por kg:<\/strong> Vitaminas: A (3a672a) 20000 UI, C (3a300) 150 mg, D3 (3a671) 1500 UI; com corantes; oligoelementos: Fe (E 1) 24 mg, Mn (3b502) 31 mg, Zn (3b603) 30 mg; com antioxidantes.<\/p>\n<p><strong>Recomenda\u00e7\u00e3o de alimenta\u00e7\u00e3o:<\/strong> D\u00ea aos peixes 2-3 vezes por dia a quantidade que eles conseguem comer em 2-5 minutos. N\u00e3o d\u00ea comida a mais aos peixes!<\/p>\n<p><strong>N\u00e3o se destina ao consumo humano! GUARDE-O NUM LOCAL FRESCO E SECO!<\/strong><\/p>\n<p><strong>Artigo n\u00ba:<\/strong> 20050<\/p>\n<p><strong>Compre aqui<\/strong> &#8211; <a href=\"https:\/\/ornaqua.pt\/\" target=\"_blank\" rel=\"noopener\">ORNAQUA<\/a> ou <a href=\"https:\/\/casadosdiscus.pt\/\" target=\"_blank\" rel=\"noopener\">A CASA dos DISCUS<\/a><\/p>\n<p>&nbsp;<\/p>\n","protected":false},"excerpt":{"rendered":"<p>Artemia\/ Brine Shrimps Softgranulat 50% A suavidade evita que os gr\u00e2nulos inchem na \u00e1gua do aqu\u00e1rio ou no trato digestivo&hellip;<\/p>\n","protected":false},"author":2,"featured_media":0,"parent":1969,"menu_order":7,"comment_status":"closed","ping_status":"closed","template":"","meta":{"footnotes":""},"class_list":["post-1900","page","type-page","status-publish","hentry"],"_links":{"self":[{"href":"https:\/\/www.discusfood.com\/pt\/wp-json\/wp\/v2\/pages\/1900","targetHints":{"allow":["GET"]}}],"collection":[{"href":"https:\/\/www.discusfood.com\/pt\/wp-json\/wp\/v2\/pages"}],"about":[{"href":"https:\/\/www.discusfood.com\/pt\/wp-json\/wp\/v2\/types\/page"}],"author":[{"embeddable":true,"href":"https:\/\/www.discusfood.com\/pt\/wp-json\/wp\/v2\/users\/2"}],"replies":[{"embeddable":true,"href":"https:\/\/www.discusfood.com\/pt\/wp-json\/wp\/v2\/comments?post=1900"}],"version-history":[{"count":2,"href":"https:\/\/www.discusfood.com\/pt\/wp-json\/wp\/v2\/pages\/1900\/revisions"}],"predecessor-version":[{"id":2734,"href":"https:\/\/www.discusfood.com\/pt\/wp-json\/wp\/v2\/pages\/1900\/revisions\/2734"}],"up":[{"embeddable":true,"href":"https:\/\/www.discusfood.com\/pt\/wp-json\/wp\/v2\/pages\/1969"}],"wp:attachment":[{"href":"https:\/\/www.discusfood.com\/pt\/wp-json\/wp\/v2\/media?parent=1900"}],"curies":[{"name":"wp","href":"https:\/\/api.w.org\/{rel}","templated":true}]}}