{"id":1919,"date":"2023-04-11T10:04:25","date_gmt":"2023-04-11T08:04:25","guid":{"rendered":"https:\/\/www.discusfood.com\/de\/?page_id=1919"},"modified":"2025-01-29T13:21:02","modified_gmt":"2025-01-29T13:21:02","slug":"best-heart-flake-blue-dream-300-ml","status":"publish","type":"page","link":"https:\/\/www.discusfood.com\/pt\/fischfutter\/best-heart-flakes\/best-heart-flake-blue-dream-300-ml","title":{"rendered":"Best Heart Flake Blue Dream 300 ml"},"content":{"rendered":"<p><img loading=\"lazy\" decoding=\"async\" class=\"alignleft wp-image-710 size-medium\" src=\"https:\/\/www.discusfood.com\/pt\/wp-content\/uploads\/sites\/7\/2018\/10\/BHF-Blue-Dream-65g-e1686400030344-239x300.jpg\" alt=\"\" width=\"239\" height=\"300\" \/><\/p>\n<p><strong>Best Heart Flake Blue Dream 300 ml<\/strong><\/p>\n<p>A composi\u00e7\u00e3o espec\u00edfica de \u201cBest Heart Flakes Blue Dream\u201d, que consiste em vitaminas de alta qualidade, minerais, probi\u00f3ticos e Colour Booster Blue, permite ao ambicioso criador de discos apoiar de forma \u00f3ptima a pigmenta\u00e7\u00e3o azul dos animais e promover uma colora\u00e7\u00e3o intensa. Este floco \u00e9 um alimento suplementar, pelo que deve seguir exatamente as recomenda\u00e7\u00f5es de alimenta\u00e7\u00e3o indicadas em cada lata.<\/p>\n<p><strong>Composi\u00e7\u00e3o:<\/strong> Prote\u00ednas de carne de bovino, arroz, krill certificado MSC, prote\u00ednas de insectos, \u00f3leo de salm\u00e3o, alho, farinha de lulas, extractos de levedura, spirulina, algas, prebi\u00f3ticos, amino\u00e1cidos, pigmento de paprica vermelha.<br \/>\n<strong>Componentes anal\u00edticos:<\/strong> Prote\u00edna bruta 45,8 %, gordura bruta 8,3 %, cinza bruta 7,2 %, fibra bruta 1,8 %<br \/>\n<strong>Aditivos por kg:<\/strong> Vitaminas: A (3a672a) 49500 UI, C (3a300) 180 mg, D3 (3a671) 1840 UI; com corantes; Oligoelementos: Fe (E 1) 29 mg, Mn (3b502) 37 mg, Zn (3b603) 36 mg; com antioxidantes.<\/p>\n<p><strong>Recomenda\u00e7\u00e3o de alimenta\u00e7\u00e3o:<\/strong> Alimento suplementar, n\u00e3o d\u00ea mais de 40% das necessidades di\u00e1rias e apenas a quantidade que o peixe conseguir comer em 5 minutos. N\u00e3o d\u00ea comida a mais!<\/p>\n<p><strong>N\u00e3o se destina ao consumo humano! GUARDE-O NUM LOCAL FRESCO E SECO!<\/strong><\/p>\n<p><strong>Artigo n\u00ba:<\/strong> 20043<\/p>\n<p><strong>Compre aqui<\/strong> &#8211; <a href=\"https:\/\/ornaqua.pt\/\" target=\"_blank\" rel=\"noopener\">ORNAQUA<\/a> ou <a href=\"https:\/\/casadosdiscus.pt\/\" target=\"_blank\" rel=\"noopener\">A CASA dos DISCUS<\/a><\/p>\n<p>&nbsp;<\/p>\n","protected":false},"excerpt":{"rendered":"<p>Best Heart Flake Blue Dream 300 ml A composi\u00e7\u00e3o espec\u00edfica de \u201cBest Heart Flakes Blue Dream\u201d, que consiste em vitaminas&hellip;<\/p>\n","protected":false},"author":2,"featured_media":0,"parent":1971,"menu_order":1,"comment_status":"closed","ping_status":"closed","template":"","meta":{"footnotes":""},"class_list":["post-1919","page","type-page","status-publish","hentry"],"_links":{"self":[{"href":"https:\/\/www.discusfood.com\/pt\/wp-json\/wp\/v2\/pages\/1919","targetHints":{"allow":["GET"]}}],"collection":[{"href":"https:\/\/www.discusfood.com\/pt\/wp-json\/wp\/v2\/pages"}],"about":[{"href":"https:\/\/www.discusfood.com\/pt\/wp-json\/wp\/v2\/types\/page"}],"author":[{"embeddable":true,"href":"https:\/\/www.discusfood.com\/pt\/wp-json\/wp\/v2\/users\/2"}],"replies":[{"embeddable":true,"href":"https:\/\/www.discusfood.com\/pt\/wp-json\/wp\/v2\/comments?post=1919"}],"version-history":[{"count":2,"href":"https:\/\/www.discusfood.com\/pt\/wp-json\/wp\/v2\/pages\/1919\/revisions"}],"predecessor-version":[{"id":2738,"href":"https:\/\/www.discusfood.com\/pt\/wp-json\/wp\/v2\/pages\/1919\/revisions\/2738"}],"up":[{"embeddable":true,"href":"https:\/\/www.discusfood.com\/pt\/wp-json\/wp\/v2\/pages\/1971"}],"wp:attachment":[{"href":"https:\/\/www.discusfood.com\/pt\/wp-json\/wp\/v2\/media?parent=1919"}],"curies":[{"name":"wp","href":"https:\/\/api.w.org\/{rel}","templated":true}]}}