{"id":2006,"date":"2023-04-14T09:59:06","date_gmt":"2023-04-14T07:59:06","guid":{"rendered":"https:\/\/www.discusfood.com\/de\/?page_id=2006"},"modified":"2026-03-31T13:15:00","modified_gmt":"2026-03-31T13:15:00","slug":"angelfish-supergrowth-granulate-80g","status":"publish","type":"page","link":"https:\/\/www.discusfood.com\/pt\/fischfutter\/granulate-fur-buntbarsche\/angelfish-supergrowth-granulate-80g","title":{"rendered":"Angelfish Supergrowth Granulate"},"content":{"rendered":"<p><img loading=\"lazy\" decoding=\"async\" class=\"wp-image-2274 size-medium alignleft\" src=\"https:\/\/www.discusfood.com\/pt\/wp-content\/uploads\/sites\/7\/2023\/05\/20082-2-v1-e1686401808641-172x300.jpg\" alt=\"\" width=\"172\" height=\"300\" \/><\/p>\n<h2><strong>Angelfish Supergrowth Granulat Soft<br \/>\n<\/strong><\/h2>\n<p><strong><br \/>\nADECUADO PARA TODOS LOS PECES DE AGUA BLANDA<\/strong> &#8211; Nuestros gr\u00e1nulos blandos son adecuados para casi todas las especies de peces de acuarios de agua dulce. Est\u00e1 adaptado a los h\u00e1bitos alimentarios de los peces \u00e1ngel y su consistencia es similar a la de las presas naturales.<br \/>\n<strong>BUENA DIGESTIBILIDAD<\/strong> &#8211; Nuestro punto fuerte es la suavidad de los gr\u00e1nulos, que evita que el alimento se hinche en el est\u00f3mago del pez y provoque heridas en la boca del pez \u00e1ngel debido a que los gr\u00e1nulos son demasiado duros.<br \/>\n\u00a1As\u00ed se asegura de que sus peces est\u00e9n bien!<br \/>\n<strong>CRECIMIENTO Y COLOR<\/strong> &#8211; Nuestro alimento para acuarios ha sido cuidadosamente desarrollado para favorecer la salud y el crecimiento de sus peces y aumentar la intensidad de sus colores. Permita que sus peces tengan una vida larga y vital<br \/>\nCon una mezcla equilibrada de 48,8% de prote\u00edna bruta y una variedad de vitaminas, minerales y prebi\u00f3ticos y probi\u00f3ticos digestivos, nuestro alimento para peces de acuario es la mejor elecci\u00f3n para sus peces.<\/p>\n<p><strong>Composi\u00e7\u00e3o:<\/strong> farinha de peixe, gl\u00faten de trigo, \u00f3leo de peixe, trigo, farinha de krill, complexo multivitam\u00ednico, corantes.<br \/>\n<strong>Componentes anal\u00edticos:<\/strong> Prote\u00edna bruta 48,8 %, gordura bruta 13,6 %, cinza bruta 8,3 %, fibra bruta 0,7 %<br \/>\n<strong>Aditivos por kg:<\/strong> Vitaminas: A (3a672a) 20000 UI, D3 (3a671) 2600 UI; com corantes; oligoelementos: Mn (3b503) 8 mg, Zn (3b605) 70 mg; com antioxidantes.<br \/>\nAlimento completo para peixes ornamentais!<\/p>\n<p><strong>Recomenda\u00e7\u00e3o de alimenta\u00e7\u00e3o<\/strong>: D\u00ea 2 a 3 vezes por dia a quantidade que os peixes conseguem comer em 2 a 5 minutos. N\u00e3o d\u00ea comida a mais aos peixes!<\/p>\n<p><strong>N\u00e3o se destina ao consumo humano! GUARDE-O NUM LOCAL FRESCO E SECO!<\/strong><\/p>\n<p><img loading=\"lazy\" decoding=\"async\" class=\"alignleft size-medium wp-image-2274\" src=\"\/pt\/wp-content\/uploads\/sites\/7\/2023\/05\/20082-2-v1-e1686401808641-172x300.jpg\" alt=\"\" width=\"172\" height=\"300\" \/><br \/>\n<strong>Angelfish Supergrowth Granulate 80g<\/strong><br \/>\n<strong>Artigo n\u00ba<\/strong>: 20082<\/p>\n<p>&nbsp;<\/p>\n<p>&nbsp;<\/p>\n<p>&nbsp;<\/p>\n<p>&nbsp;<\/p>\n<p><strong><img loading=\"lazy\" decoding=\"async\" class=\"alignleft size-medium wp-image-2591\" src=\"\/pt\/wp-content\/uploads\/sites\/7\/2024\/05\/20822-2-v1-219x300.jpg\" alt=\"\" width=\"219\" height=\"300\" \/><br \/>\nAngelfish Supergrowth Granulate 230g<br \/>\nArtigo n\u00ba:<\/strong> 20822<\/p>\n<p>&nbsp;<\/p>\n<p>&nbsp;<\/p>\n<p>&nbsp;<\/p>\n<p><img loading=\"lazy\" decoding=\"async\" class=\"alignleft size-medium wp-image-3136\" src=\"\/pt\/wp-content\/uploads\/sites\/7\/2026\/03\/20823-166x300.webp\" alt=\"20823 Angelfish Supergrowth 1000ml\" width=\"166\" height=\"300\" \/><br \/>\n<strong>Angelfish Supergrowth Granulat 550g<\/strong><br \/>\n<strong>Artigo n\u00ba<\/strong>: 20823<\/p>\n<p>&nbsp;<\/p>\n<p>&nbsp;<\/p>\n<p>&nbsp;<\/p>\n<p><strong><br \/>\nCompre aqui<\/strong> &#8211; <a href=\"https:\/\/ornaqua.pt\/\" target=\"_blank\" rel=\"noopener\">ORNAQUA<\/a> ou <a href=\"https:\/\/casadosdiscus.pt\/\" target=\"_blank\" rel=\"noopener\">A CASA dos DISCUS<\/a><\/p>\n<p>&nbsp;<\/p>\n","protected":false},"excerpt":{"rendered":"<p>Angelfish Supergrowth Granulat Soft ADECUADO PARA TODOS LOS PECES DE AGUA BLANDA &#8211; Nuestros gr\u00e1nulos blandos son adecuados para casi&hellip;<\/p>\n","protected":false},"author":2,"featured_media":0,"parent":1973,"menu_order":5,"comment_status":"closed","ping_status":"closed","template":"","meta":{"footnotes":""},"class_list":["post-2006","page","type-page","status-publish","hentry"],"_links":{"self":[{"href":"https:\/\/www.discusfood.com\/pt\/wp-json\/wp\/v2\/pages\/2006","targetHints":{"allow":["GET"]}}],"collection":[{"href":"https:\/\/www.discusfood.com\/pt\/wp-json\/wp\/v2\/pages"}],"about":[{"href":"https:\/\/www.discusfood.com\/pt\/wp-json\/wp\/v2\/types\/page"}],"author":[{"embeddable":true,"href":"https:\/\/www.discusfood.com\/pt\/wp-json\/wp\/v2\/users\/2"}],"replies":[{"embeddable":true,"href":"https:\/\/www.discusfood.com\/pt\/wp-json\/wp\/v2\/comments?post=2006"}],"version-history":[{"count":8,"href":"https:\/\/www.discusfood.com\/pt\/wp-json\/wp\/v2\/pages\/2006\/revisions"}],"predecessor-version":[{"id":3141,"href":"https:\/\/www.discusfood.com\/pt\/wp-json\/wp\/v2\/pages\/2006\/revisions\/3141"}],"up":[{"embeddable":true,"href":"https:\/\/www.discusfood.com\/pt\/wp-json\/wp\/v2\/pages\/1973"}],"wp:attachment":[{"href":"https:\/\/www.discusfood.com\/pt\/wp-json\/wp\/v2\/media?parent=2006"}],"curies":[{"name":"wp","href":"https:\/\/api.w.org\/{rel}","templated":true}]}}