{"id":2019,"date":"2023-04-14T14:59:27","date_gmt":"2023-04-14T12:59:27","guid":{"rendered":"https:\/\/www.discusfood.com\/de\/?page_id=2019"},"modified":"2025-01-31T09:33:49","modified_gmt":"2025-01-31T09:33:49","slug":"buffet-di-insect-flatgranulate-65g","status":"publish","type":"page","link":"https:\/\/www.discusfood.com\/pt\/fischfutter\/flachgranulat\/buffet-di-insect-flatgranulate-65g","title":{"rendered":"Buffet di Insect Flatgranulate 65g"},"content":{"rendered":"<p><img loading=\"lazy\" decoding=\"async\" class=\"alignleft wp-image-1585 size-medium\" src=\"https:\/\/www.discusfood.com\/pt\/wp-content\/uploads\/sites\/7\/2021\/01\/20059a-1-1-e1686401263254-232x300.jpg\" alt=\"\" width=\"232\" height=\"300\" \/><\/p>\n<p><strong>Buffet di Insect Flatgranulate 65g<\/strong><\/p>\n<p>Alimento completo, saud\u00e1vel e extrudido para todas as esp\u00e9cies de peixes ornamentais que necessitam de uma dieta de insectos adequada \u00e0 esp\u00e9cie. Os cicl\u00eddeos, os bettas, os tetras e os peixes-gato, em particular, apreciam o sabor e a composi\u00e7\u00e3o \u00fanica. \u00c9 muito f\u00e1cil de digerir, macio, n\u00e3o turva a \u00e1gua e n\u00e3o se desintegra. O seu conte\u00fado equilibrado em nutrientes, vitaminas e minerais garante um crescimento saud\u00e1vel e um desenvolvimento \u00f3timo dos peixes.<\/p>\n<p><strong>Composi\u00e7\u00e3o<\/strong>: Prote\u00edna de inseto, farinha de trigo, gl\u00faten de trigo, farinha de hermetia, farinha de krill, farinha de camar\u00e3o, espinafres, milho, tubifex, bichos-da-seda, extrato de larvas de mosquito vermelho, levedura de cerveja, beta\u00edna, couve, \u00f3leo de peixe, moringa, spirulina, alho, complexo multivitam\u00ednico<br \/>\n<strong>Componentes anal\u00edticos<\/strong>: Prote\u00edna bruta 50 %, gordura bruta 6,5 %, cinza bruta 6,4 %, fibra bruta 2,9 %<br \/>\n<strong>Aditivos por kg<\/strong>: Vitaminas: A (3a672a) 24000 UI, C (3a300) 180 mg, D3 (3a671) 1800 UI; com corantes; oligoelementos: Fe (3b103) 29 mg, Mn (3b502) 37 mg, Zn (3b603) 36 mg; com antioxidantes.<\/p>\n<p><strong>Dosagem da ra\u00e7\u00e3o<\/strong>: D\u00ea duas a tr\u00eas vezes por dia a quantidade que o peixe conseguir comer em 3-5 minutos. N\u00e3o d\u00ea comida a mais aos peixes! Dependendo do tamanho da ra\u00e7\u00e3o e da esp\u00e9cie de peixe, pode sempre alimentar desde os alevins at\u00e9 aos peixes reprodutores.<\/p>\n<p><strong>N\u00e3o se destina ao consumo humano! GUARDE-O NUM LOCAL FRESCO E SECO!<\/strong><\/p>\n<p><strong>Artigo n\u00ba<\/strong>: 20059<\/p>\n<p><strong>Compre aqui<\/strong> &#8211; <a href=\"https:\/\/ornaqua.pt\/\" target=\"_blank\" rel=\"noopener\">ORNAQUA<\/a> ou <a href=\"https:\/\/casadosdiscus.pt\/\" target=\"_blank\" rel=\"noopener\">A CASA dos DISCUS<\/a><\/p>\n<p>&nbsp;<\/p>\n","protected":false},"excerpt":{"rendered":"<p>Buffet di Insect Flatgranulate 65g Alimento completo, saud\u00e1vel e extrudido para todas as esp\u00e9cies de peixes ornamentais que necessitam de&hellip;<\/p>\n","protected":false},"author":2,"featured_media":0,"parent":2676,"menu_order":2,"comment_status":"closed","ping_status":"closed","template":"","meta":{"footnotes":""},"class_list":["post-2019","page","type-page","status-publish","hentry"],"_links":{"self":[{"href":"https:\/\/www.discusfood.com\/pt\/wp-json\/wp\/v2\/pages\/2019","targetHints":{"allow":["GET"]}}],"collection":[{"href":"https:\/\/www.discusfood.com\/pt\/wp-json\/wp\/v2\/pages"}],"about":[{"href":"https:\/\/www.discusfood.com\/pt\/wp-json\/wp\/v2\/types\/page"}],"author":[{"embeddable":true,"href":"https:\/\/www.discusfood.com\/pt\/wp-json\/wp\/v2\/users\/2"}],"replies":[{"embeddable":true,"href":"https:\/\/www.discusfood.com\/pt\/wp-json\/wp\/v2\/comments?post=2019"}],"version-history":[{"count":2,"href":"https:\/\/www.discusfood.com\/pt\/wp-json\/wp\/v2\/pages\/2019\/revisions"}],"predecessor-version":[{"id":2758,"href":"https:\/\/www.discusfood.com\/pt\/wp-json\/wp\/v2\/pages\/2019\/revisions\/2758"}],"up":[{"embeddable":true,"href":"https:\/\/www.discusfood.com\/pt\/wp-json\/wp\/v2\/pages\/2676"}],"wp:attachment":[{"href":"https:\/\/www.discusfood.com\/pt\/wp-json\/wp\/v2\/media?parent=2019"}],"curies":[{"name":"wp","href":"https:\/\/api.w.org\/{rel}","templated":true}]}}