{"id":2022,"date":"2023-04-14T15:15:02","date_gmt":"2023-04-14T13:15:02","guid":{"rendered":"https:\/\/www.discusfood.com\/de\/?page_id=2022"},"modified":"2025-01-29T13:11:38","modified_gmt":"2025-01-29T13:11:38","slug":"artemia-brine-shrimps-decapsulated-eggs-65g","status":"publish","type":"page","link":"https:\/\/www.discusfood.com\/pt\/fischfutter\/artemia-50-granulate\/artemia-brine-shrimps-decapsulated-eggs-65g","title":{"rendered":"Artemia\/Brine Shrimps Decapsulated Eggs 65g"},"content":{"rendered":"<p><img loading=\"lazy\" decoding=\"async\" class=\"size-medium wp-image-2024 alignleft\" src=\"https:\/\/www.discusfood.com\/pt\/wp-content\/uploads\/sites\/7\/2023\/04\/20061_front-v1-300x176.jpg\" alt=\"\" width=\"300\" height=\"176\" \/><strong>Artemia\/Brine Shrimps Decapsulated Eggs 65g<\/strong><\/p>\n<p>Ovos de Art\u00e9mia 100% descapsulados para alimenta\u00e7\u00e3o imediata. Excelente para a cria\u00e7\u00e3o de peixes e camar\u00f5es. Alimente apenas a quantidade que ser\u00e1 consumida em poucos minutos. Guarde num local seco e fresco.<\/p>\n<p><strong>N\u00e3o se destina ao consumo humano! GUARDE-O NUM LOCAL FRESCO E SECO!<\/strong><\/p>\n<p><strong>Artigo n\u00ba:<\/strong> 20061<\/p>\n<p><strong>Compre aqui<\/strong> &#8211; <a href=\"https:\/\/ornaqua.pt\/\" target=\"_blank\" rel=\"noopener\">ORNAQUA<\/a> ou <a href=\"https:\/\/casadosdiscus.pt\/\" target=\"_blank\" rel=\"noopener\">A CASA dos DISCUS<\/a><\/p>\n<p>&nbsp;<\/p>\n","protected":false},"excerpt":{"rendered":"<p>Artemia\/Brine Shrimps Decapsulated Eggs 65g Ovos de Art\u00e9mia 100% descapsulados para alimenta\u00e7\u00e3o imediata. Excelente para a cria\u00e7\u00e3o de peixes e&hellip;<\/p>\n","protected":false},"author":2,"featured_media":0,"parent":1969,"menu_order":1,"comment_status":"closed","ping_status":"closed","template":"","meta":{"footnotes":""},"class_list":["post-2022","page","type-page","status-publish","hentry"],"_links":{"self":[{"href":"https:\/\/www.discusfood.com\/pt\/wp-json\/wp\/v2\/pages\/2022","targetHints":{"allow":["GET"]}}],"collection":[{"href":"https:\/\/www.discusfood.com\/pt\/wp-json\/wp\/v2\/pages"}],"about":[{"href":"https:\/\/www.discusfood.com\/pt\/wp-json\/wp\/v2\/types\/page"}],"author":[{"embeddable":true,"href":"https:\/\/www.discusfood.com\/pt\/wp-json\/wp\/v2\/users\/2"}],"replies":[{"embeddable":true,"href":"https:\/\/www.discusfood.com\/pt\/wp-json\/wp\/v2\/comments?post=2022"}],"version-history":[{"count":2,"href":"https:\/\/www.discusfood.com\/pt\/wp-json\/wp\/v2\/pages\/2022\/revisions"}],"predecessor-version":[{"id":2723,"href":"https:\/\/www.discusfood.com\/pt\/wp-json\/wp\/v2\/pages\/2022\/revisions\/2723"}],"up":[{"embeddable":true,"href":"https:\/\/www.discusfood.com\/pt\/wp-json\/wp\/v2\/pages\/1969"}],"wp:attachment":[{"href":"https:\/\/www.discusfood.com\/pt\/wp-json\/wp\/v2\/media?parent=2022"}],"curies":[{"name":"wp","href":"https:\/\/api.w.org\/{rel}","templated":true}]}}