{"id":2045,"date":"2023-04-14T15:53:59","date_gmt":"2023-04-14T13:53:59","guid":{"rendered":"https:\/\/www.discusfood.com\/de\/?page_id=2045"},"modified":"2025-01-31T10:18:17","modified_gmt":"2025-01-31T10:18:17","slug":"guppy-super-special-80g","status":"publish","type":"page","link":"https:\/\/www.discusfood.com\/pt\/fischfutter\/granulate-verschiedene\/guppy-super-special-80g","title":{"rendered":"Guppy Super Special 80g"},"content":{"rendered":"<p><img loading=\"lazy\" decoding=\"async\" class=\"wp-image-2262 size-medium alignleft\" src=\"https:\/\/www.discusfood.com\/pt\/wp-content\/uploads\/sites\/7\/2023\/05\/20073-2-v1-e1686401422390-172x300.jpg\" alt=\"\" width=\"172\" height=\"300\" \/><\/p>\n<p><strong>Guppy Super Special 80g<\/strong><\/p>\n<p>Gr\u00e2nulos macios adaptados aos h\u00e1bitos nutricionais especiais dos guppies de alta cria\u00e7\u00e3o.<\/p>\n<p><strong>Composi\u00e7\u00e3o:<\/strong> Farinha de peixe, gl\u00faten de trigo, farinha de krill, subprodutos vegetais, trigo, lecitina, \u00f3leo de peixe, complexo multivitam\u00ednico.<br \/>\n<strong>Componentes anal\u00edticos<\/strong>: Prote\u00edna bruta 51,2 %, gordura bruta 6,5 %, cinza bruta 9,6 %, fibra bruta 0,8 %<br \/>\n<strong>Aditivos por kg<\/strong>: Vitaminas: A (3a672a) 20000 UI, D3 (3a671) 2000 UI; Oligoelementos: Mn (3b503) 10 mg, Zn (3b605) 24 mg; com antioxidantes.<\/p>\n<p><strong>Recomenda\u00e7\u00e3o de alimenta\u00e7\u00e3o<\/strong>: D\u00ea 2 a 3 vezes por dia a quantidade que os peixes conseguem comer em 2 a 5 minutos. N\u00e3o d\u00ea comida a mais aos peixes!<\/p>\n<p><strong>N\u00e3o se destina ao consumo humano! GUARDE-O NUM LOCAL FRESCO E SECO!<\/strong><\/p>\n<p><strong>Artigo n\u00ba:<\/strong> 20073<\/p>\n<p><strong>Compre aqui<\/strong> &#8211; <a href=\"https:\/\/ornaqua.pt\/\" target=\"_blank\" rel=\"noopener\">ORNAQUA<\/a> ou <a href=\"https:\/\/casadosdiscus.pt\/\" target=\"_blank\" rel=\"noopener\">A CASA dos DISCUS<\/a><\/p>\n<p>&nbsp;<\/p>\n","protected":false},"excerpt":{"rendered":"<p>Guppy Super Special 80g Gr\u00e2nulos macios adaptados aos h\u00e1bitos nutricionais especiais dos guppies de alta cria\u00e7\u00e3o. Composi\u00e7\u00e3o: Farinha de peixe,&hellip;<\/p>\n","protected":false},"author":2,"featured_media":0,"parent":1978,"menu_order":5,"comment_status":"closed","ping_status":"closed","template":"","meta":{"footnotes":""},"class_list":["post-2045","page","type-page","status-publish","hentry"],"_links":{"self":[{"href":"https:\/\/www.discusfood.com\/pt\/wp-json\/wp\/v2\/pages\/2045","targetHints":{"allow":["GET"]}}],"collection":[{"href":"https:\/\/www.discusfood.com\/pt\/wp-json\/wp\/v2\/pages"}],"about":[{"href":"https:\/\/www.discusfood.com\/pt\/wp-json\/wp\/v2\/types\/page"}],"author":[{"embeddable":true,"href":"https:\/\/www.discusfood.com\/pt\/wp-json\/wp\/v2\/users\/2"}],"replies":[{"embeddable":true,"href":"https:\/\/www.discusfood.com\/pt\/wp-json\/wp\/v2\/comments?post=2045"}],"version-history":[{"count":2,"href":"https:\/\/www.discusfood.com\/pt\/wp-json\/wp\/v2\/pages\/2045\/revisions"}],"predecessor-version":[{"id":2805,"href":"https:\/\/www.discusfood.com\/pt\/wp-json\/wp\/v2\/pages\/2045\/revisions\/2805"}],"up":[{"embeddable":true,"href":"https:\/\/www.discusfood.com\/pt\/wp-json\/wp\/v2\/pages\/1978"}],"wp:attachment":[{"href":"https:\/\/www.discusfood.com\/pt\/wp-json\/wp\/v2\/media?parent=2045"}],"curies":[{"name":"wp","href":"https:\/\/api.w.org\/{rel}","templated":true}]}}