{"id":2053,"date":"2023-04-14T16:18:07","date_gmt":"2023-04-14T14:18:07","guid":{"rendered":"https:\/\/www.discusfood.com\/de\/?page_id=2053"},"modified":"2025-01-31T09:55:28","modified_gmt":"2025-01-31T09:55:28","slug":"breeder-starter-food-i-softgranulate-500g","status":"publish","type":"page","link":"https:\/\/www.discusfood.com\/pt\/fischfutter\/granulate-fur-diskus\/breeder-starter-food-i-softgranulate-500g","title":{"rendered":"Breeder Starter Food I Softgranulate 500g"},"content":{"rendered":"<p><img loading=\"lazy\" decoding=\"async\" class=\"size-medium wp-image-2055 alignleft\" src=\"https:\/\/www.discusfood.com\/pt\/wp-content\/uploads\/sites\/7\/2023\/04\/20083_vorne-v1-205x300.jpg\" alt=\"\" width=\"205\" height=\"300\" \/><\/p>\n<p><strong>Breeder Starter Food I Soft-Granulat 500 g para peixes de 1 &#8211; 3 cm<\/strong><\/p>\n<p>Assim que os jovens discus s\u00e3o capazes de pegar no seu alimento do fundo, o \u201cBreeder Starter Food 1\u201d \u00e9 o alimento principal ideal para a cria\u00e7\u00e3o. Na pr\u00e1tica, a partir do quinto dia de nata\u00e7\u00e3o livre, s\u00e3o oferecidos n\u00e1uplios de Artemia vivos, para al\u00e9m do lodo nutritivo dos pais. Alguns dias mais tarde, os alevins tamb\u00e9m comem n\u00e1uplios ca\u00eddos do fundo. A partir desta altura, pode come\u00e7ar a oferecer este alimento de alta qualidade para otimizar o crescimento. A partir de um tamanho de aprox. 3 cm, deve oferecer o \u201cBreeder Starter Food 2\u201d, ligeiramente maior, aos jovens discos como alimento de seguimento. Tamb\u00e9m \u00e9 adequado para a cria\u00e7\u00e3o de outras esp\u00e9cies! Alimente os seus peixes jovens 5 a 8 vezes por dia!<\/p>\n<p><strong>Composi\u00e7\u00e3o<\/strong>: Farinha de peixe, gl\u00faten de trigo, farinha de krill, subprodutos vegetais, trigo, lecitina, \u00f3leo de peixe, complexo multivitam\u00ednico, corantes.<br \/>\n<strong>Componentes anal\u00edticos<\/strong>: Prote\u00edna bruta 51,2 %, gordura bruta 6,5 %, cinza bruta 9,6 %, fibra bruta 0,8 %<br \/>\n<strong>Aditivos por kg<\/strong>: Vitaminas: A (3a672a) 20000 UI, D3 (3a671) 2000 UI; com corantes; oligoelementos: Mn (3b503) 10 mg, Zn (3b605) 24 mg; com antioxidantes.<br \/>\nAlimento completo para peixes ornamentais!<\/p>\n<p><strong>Recomenda\u00e7\u00e3o de alimenta\u00e7\u00e3o<\/strong>: D\u00ea 2 a 3 vezes por dia a quantidade que os peixes conseguem comer em 2 a 5 minutos. N\u00e3o d\u00ea comida a mais aos peixes!<\/p>\n<p><strong>N\u00e3o se destina ao consumo humano! GUARDE-O NUM LOCAL FRESCO E SECO!<\/strong><\/p>\n<p><strong>Artigo n\u00ba:<\/strong> 20083<\/p>\n<p><strong>Compre aqui<\/strong> &#8211; <a href=\"https:\/\/ornaqua.pt\/\" target=\"_blank\" rel=\"noopener\">ORNAQUA<\/a> ou <a href=\"https:\/\/casadosdiscus.pt\/\" target=\"_blank\" rel=\"noopener\">A CASA dos DISCUS<\/a><\/p>\n<p>&nbsp;<\/p>\n","protected":false},"excerpt":{"rendered":"<p>Breeder Starter Food I Soft-Granulat 500 g para peixes de 1 &#8211; 3 cm Assim que os jovens discus s\u00e3o&hellip;<\/p>\n","protected":false},"author":2,"featured_media":0,"parent":1976,"menu_order":4,"comment_status":"closed","ping_status":"closed","template":"","meta":{"footnotes":""},"class_list":["post-2053","page","type-page","status-publish","hentry"],"_links":{"self":[{"href":"https:\/\/www.discusfood.com\/pt\/wp-json\/wp\/v2\/pages\/2053","targetHints":{"allow":["GET"]}}],"collection":[{"href":"https:\/\/www.discusfood.com\/pt\/wp-json\/wp\/v2\/pages"}],"about":[{"href":"https:\/\/www.discusfood.com\/pt\/wp-json\/wp\/v2\/types\/page"}],"author":[{"embeddable":true,"href":"https:\/\/www.discusfood.com\/pt\/wp-json\/wp\/v2\/users\/2"}],"replies":[{"embeddable":true,"href":"https:\/\/www.discusfood.com\/pt\/wp-json\/wp\/v2\/comments?post=2053"}],"version-history":[{"count":2,"href":"https:\/\/www.discusfood.com\/pt\/wp-json\/wp\/v2\/pages\/2053\/revisions"}],"predecessor-version":[{"id":2782,"href":"https:\/\/www.discusfood.com\/pt\/wp-json\/wp\/v2\/pages\/2053\/revisions\/2782"}],"up":[{"embeddable":true,"href":"https:\/\/www.discusfood.com\/pt\/wp-json\/wp\/v2\/pages\/1976"}],"wp:attachment":[{"href":"https:\/\/www.discusfood.com\/pt\/wp-json\/wp\/v2\/media?parent=2053"}],"curies":[{"name":"wp","href":"https:\/\/api.w.org\/{rel}","templated":true}]}}