{"id":2115,"date":"2023-04-24T15:55:43","date_gmt":"2023-04-24T13:55:43","guid":{"rendered":"https:\/\/www.discusfood.com\/de\/?page_id=2115"},"modified":"2025-12-19T17:37:20","modified_gmt":"2025-12-19T17:37:20","slug":"natural-humin-500-ml","status":"publish","type":"page","link":"https:\/\/www.discusfood.com\/pt\/wasserpflege\/wasseraufbereiter\/natural-humin-500-ml","title":{"rendered":"Natural Humin"},"content":{"rendered":"<p><img loading=\"lazy\" decoding=\"async\" class=\"size-medium wp-image-473 alignleft\" src=\"https:\/\/www.discusfood.com\/de\/wp-content\/uploads\/sites\/3\/2017\/10\/natural_humin_500ml-1-113x300.jpg\" alt=\"\" width=\"113\" height=\"300\" \/><\/p>\n<h2><strong>Natural Humin \u2013 As mais puras huminas naturais<\/strong><\/h2>\n<p>Natural Humin cont\u00e9m subst\u00e2ncias h\u00famicas de elevada pureza, produzidas para aqu\u00e1rios e lagos. As mat\u00e9rias-primas s\u00e3o autorizadas pela ind\u00fastria farmac\u00eautica.<br \/>\nO Natural Humin liga as subst\u00e2ncias nocivas, especialmente os metais pesados presentes na \u00e1gua.<br \/>\nO efeito ligeiramente bronzeado proporciona uma \u00f3ptima prote\u00e7\u00e3o das membranas mucosas.<br \/>\nEvita-se a prolifera\u00e7\u00e3o de fungos.<br \/>\nO processo de cicatriza\u00e7\u00e3o de les\u00f5es e feridas \u00e9 apoiado.<br \/>\nA humina natural inibe o crescimento de parasitas, algas e fungos e reduz a press\u00e3o da infe\u00e7\u00e3o.<br \/>\nOs \u00e1cidos h\u00famicos naturais conferem-lhe uma colora\u00e7\u00e3o amarela\/castanha. Cria-se um efeito de \u00e1gua negra.<br \/>\nNatural Humin tem um pH neutro.<br \/>\nNatural Humin foi desenvolvido e optimizado para animais de bi\u00f3topos de \u00e1gua negra como o Rio Negro.<\/p>\n<p><strong>Dosagem<\/strong>: Natural Humin \u00e9 seguro e f\u00e1cil de usar. Dosagem recomendada para aqu\u00e1rios novos 10 ml por 100 l, dependendo da colora\u00e7\u00e3o desejada. Se necess\u00e1rio ou se a colora\u00e7\u00e3o diminuir, adicione 6 ml por 100 l semanalmente.<\/p>\n<h3><strong style=\"font-size: 1rem\">N\u00e3o se destina ao consumo humano! GUARDE-O NUM LOCAL FRESCO E SECO!<\/strong><\/h3>\n<p><strong><img loading=\"lazy\" decoding=\"async\" class=\"alignleft size-medium wp-image-473\" src=\"\/pt\/wp-content\/uploads\/sites\/7\/2017\/10\/natural_humin_500ml-1-e1686402906881-92x300.jpg\" alt=\"\" width=\"92\" height=\"300\" \/><br \/>\nNatural Humin 500 ml<br \/>\nArtigo n\u00ba:<\/strong> 25105<\/p>\n<p>&nbsp;<\/p>\n<p>&nbsp;<\/p>\n<p>&nbsp;<\/p>\n<p><strong><img loading=\"lazy\" decoding=\"async\" class=\"alignleft size-medium wp-image-2120\" src=\"\/pt\/wp-content\/uploads\/sites\/7\/2023\/04\/25150-1_1600x1200-e1686402978279-211x300.jpg\" alt=\"\" width=\"211\" height=\"300\" \/><br \/>\nNatural Humin 5000 ml<\/strong><br \/>\n<strong>Artigo n\u00ba:<\/strong> 25150<\/p>\n<p>&nbsp;<\/p>\n<p>&nbsp;<\/p>\n<p>&nbsp;<\/p>\n<h2><a href=\"https:\/\/www.discusfood.com\/pt\/wp-content\/uploads\/sites\/7\/2024\/10\/Sicherheitsdatenblatt_Natural-Humin_03.02.2022-Portuguese.pdf\" target=\"_blank\" rel=\"noopener\"><strong>Ficha de dados de seguran\u00e7at<\/strong><\/a><\/h2>\n<p><strong>Compre aqui<\/strong> &#8211; <a href=\"https:\/\/ornaqua.pt\/\" target=\"_blank\" rel=\"noopener\">ORNAQUA<\/a> ou <a href=\"https:\/\/casadosdiscus.pt\/\" target=\"_blank\" rel=\"noopener\">A CASA dos DISCUS<\/a><\/p>\n<p><iframe loading=\"lazy\" title=\"Discusfood Natuarl Humin\" width=\"500\" height=\"281\" src=\"https:\/\/www.youtube.com\/embed\/2iXeUx1lLRs?feature=oembed\" frameborder=\"0\" allow=\"accelerometer; autoplay; clipboard-write; encrypted-media; gyroscope; picture-in-picture; web-share\" referrerpolicy=\"strict-origin-when-cross-origin\" allowfullscreen><\/iframe><\/p>\n<p><iframe loading=\"lazy\" title=\"Natural Humin Kundenvideo von Ricardo Fonseca (PSKaqua)\" width=\"500\" height=\"281\" src=\"https:\/\/www.youtube.com\/embed\/rTmeg4ZLaXE?feature=oembed\" frameborder=\"0\" allow=\"accelerometer; autoplay; clipboard-write; encrypted-media; gyroscope; picture-in-picture; web-share\" referrerpolicy=\"strict-origin-when-cross-origin\" allowfullscreen><\/iframe><\/p>\n","protected":false},"excerpt":{"rendered":"<p>Natural Humin \u2013 As mais puras huminas naturais Natural Humin cont\u00e9m subst\u00e2ncias h\u00famicas de elevada pureza, produzidas para aqu\u00e1rios e&hellip;<\/p>\n","protected":false},"author":2,"featured_media":0,"parent":2109,"menu_order":10,"comment_status":"closed","ping_status":"closed","template":"","meta":{"footnotes":""},"class_list":["post-2115","page","type-page","status-publish","hentry"],"_links":{"self":[{"href":"https:\/\/www.discusfood.com\/pt\/wp-json\/wp\/v2\/pages\/2115","targetHints":{"allow":["GET"]}}],"collection":[{"href":"https:\/\/www.discusfood.com\/pt\/wp-json\/wp\/v2\/pages"}],"about":[{"href":"https:\/\/www.discusfood.com\/pt\/wp-json\/wp\/v2\/types\/page"}],"author":[{"embeddable":true,"href":"https:\/\/www.discusfood.com\/pt\/wp-json\/wp\/v2\/users\/2"}],"replies":[{"embeddable":true,"href":"https:\/\/www.discusfood.com\/pt\/wp-json\/wp\/v2\/comments?post=2115"}],"version-history":[{"count":5,"href":"https:\/\/www.discusfood.com\/pt\/wp-json\/wp\/v2\/pages\/2115\/revisions"}],"predecessor-version":[{"id":3117,"href":"https:\/\/www.discusfood.com\/pt\/wp-json\/wp\/v2\/pages\/2115\/revisions\/3117"}],"up":[{"embeddable":true,"href":"https:\/\/www.discusfood.com\/pt\/wp-json\/wp\/v2\/pages\/2109"}],"wp:attachment":[{"href":"https:\/\/www.discusfood.com\/pt\/wp-json\/wp\/v2\/media?parent=2115"}],"curies":[{"name":"wp","href":"https:\/\/api.w.org\/{rel}","templated":true}]}}