{"id":2145,"date":"2023-04-25T10:42:00","date_gmt":"2023-04-25T08:42:00","guid":{"rendered":"https:\/\/www.discusfood.com\/de\/?page_id=2145"},"modified":"2025-12-19T17:36:40","modified_gmt":"2025-12-19T17:36:40","slug":"anti-tox-500-ml","status":"publish","type":"page","link":"https:\/\/www.discusfood.com\/pt\/wasserpflege\/wasseraufbereiter\/anti-tox-500-ml","title":{"rendered":"Anti Tox"},"content":{"rendered":"<p><img loading=\"lazy\" decoding=\"async\" class=\"alignleft wp-image-2143 size-medium\" src=\"https:\/\/www.discusfood.com\/pt\/wp-content\/uploads\/sites\/7\/2023\/04\/Flasche500-ANTI-TOX-01-e1686402700625-87x300.jpg\" alt=\"\" width=\"87\" height=\"300\" \/><\/p>\n<h2><strong>Anti Tox \u2013 Meio filtrante l\u00edquido<\/strong><\/h2>\n<p>Anti Tox cont\u00e9m ze\u00f3litos de alta qualidade e altamente activos. S\u00e3o ideais para a elimina\u00e7\u00e3o r\u00e1pida de contaminantes t\u00f3xicos da \u00e1gua, em caso de falha do sistema de filtragem e, fundamentalmente, para o tratamento de \u00e1gua doce.<br \/>\nAnti Tox liga os metais pesados como o cobre, o zinco e o c\u00e1dmio, bem como o am\u00f3nio, o cloro e outros poluentes e actua como t\u00f3nico de cuidado, condicionador da \u00e1gua, prote\u00e7\u00e3o preventiva, estimulante do apetite, promotor da reprodu\u00e7\u00e3o e clarificador da \u00e1gua.<br \/>\nApoia o desempenho do biofiltro<br \/>\nN\u00e3o cont\u00e9m produtos qu\u00edmicos nem bact\u00e9rias, \u00e9 100 % natural<\/p>\n<p>Anti Tox \u00e9 uma suspens\u00e3o. Durante um armazenamento prolongado, as ze\u00f3litas finas e altamente eficazes depositam-se no fundo do frasco. Para uma boa distribui\u00e7\u00e3o no frasco, AGITE POR FAVOR DURANTE 40 SEGUNDOS! Ap\u00f3s a adi\u00e7\u00e3o ao aqu\u00e1rio, aparece uma ligeira turva\u00e7\u00e3o leitosa. Isto \u00e9 intencional e indica uma distribui\u00e7\u00e3o uniforme dos ingredientes activos na \u00e1gua. N\u00e3o \u00e9 de esperar uma sobredosagem se for utilizado corretamente.<br \/>\nAdicione 10 ml de Anti Tox por 100 litros de \u00e1gua doce em cada mudan\u00e7a de \u00e1gua. Entre as mudan\u00e7as de \u00e1gua, a dosagem ideal \u00e9 de 5 ml para os n\u00edveis baixos de povoamento, 10 ml para os n\u00edveis normais de povoamento e 20 ml para os n\u00edveis elevados de povoamento por 100 litros de \u00e1gua do aqu\u00e1rio.<br \/>\nA frequ\u00eancia de utiliza\u00e7\u00e3o depende exclusivamente da qualidade da \u00e1gua.<\/p>\n<h3><strong>N\u00e3o se destina ao consumo humano! GUARDE-O NUM LOCAL FRESCO E SECO!<\/strong><\/h3>\n<p><strong><img loading=\"lazy\" decoding=\"async\" class=\"alignleft size-medium wp-image-2143\" src=\"\/pt\/wp-content\/uploads\/sites\/7\/2023\/04\/Flasche500-ANTI-TOX-01-e1686402700625-87x300.jpg\" alt=\"\" width=\"87\" height=\"300\" \/><br \/>\nAnti Tox 500 ml<br \/>\nArtigo n\u00ba:<\/strong> 25405<\/p>\n<p>&nbsp;<\/p>\n<p>&nbsp;<\/p>\n<p>&nbsp;<\/p>\n<p><strong><img loading=\"lazy\" decoding=\"async\" class=\"alignleft size-medium wp-image-2150\" src=\"\/pt\/wp-content\/uploads\/sites\/7\/2023\/04\/3171_Product-e1686402792453-220x300.jpg\" alt=\"\" width=\"220\" height=\"300\" \/>Anti Tox 5000 ml<\/strong><br \/>\n<strong>Artigo n\u00ba:<\/strong> 25450<\/p>\n<p>&nbsp;<\/p>\n<p>&nbsp;<\/p>\n<p>&nbsp;<\/p>\n<p>&nbsp;<\/p>\n<h2><a href=\"https:\/\/www.discusfood.com\/pt\/wp-content\/uploads\/sites\/7\/2024\/10\/Sicherheitsdatenblatt_Anti-Tox_21.01.2021-Portuguese.pdf\" target=\"_blank\" rel=\"noopener\"><strong>Ficha de dados de seguran\u00e7at<\/strong><\/a><\/h2>\n<p><strong>Compre aqui<\/strong> &#8211; <a href=\"https:\/\/ornaqua.pt\/\" target=\"_blank\" rel=\"noopener\">ORNAQUA<\/a> ou <a href=\"https:\/\/casadosdiscus.pt\/\" target=\"_blank\" rel=\"noopener\">A CASA dos DISCUS<\/a><\/p>\n<p>&nbsp;<\/p>\n","protected":false},"excerpt":{"rendered":"<p>Anti Tox \u2013 Meio filtrante l\u00edquido Anti Tox cont\u00e9m ze\u00f3litos de alta qualidade e altamente activos. S\u00e3o ideais para a&hellip;<\/p>\n","protected":false},"author":2,"featured_media":0,"parent":2109,"menu_order":5,"comment_status":"closed","ping_status":"closed","template":"","meta":{"footnotes":""},"class_list":["post-2145","page","type-page","status-publish","hentry"],"_links":{"self":[{"href":"https:\/\/www.discusfood.com\/pt\/wp-json\/wp\/v2\/pages\/2145","targetHints":{"allow":["GET"]}}],"collection":[{"href":"https:\/\/www.discusfood.com\/pt\/wp-json\/wp\/v2\/pages"}],"about":[{"href":"https:\/\/www.discusfood.com\/pt\/wp-json\/wp\/v2\/types\/page"}],"author":[{"embeddable":true,"href":"https:\/\/www.discusfood.com\/pt\/wp-json\/wp\/v2\/users\/2"}],"replies":[{"embeddable":true,"href":"https:\/\/www.discusfood.com\/pt\/wp-json\/wp\/v2\/comments?post=2145"}],"version-history":[{"count":6,"href":"https:\/\/www.discusfood.com\/pt\/wp-json\/wp\/v2\/pages\/2145\/revisions"}],"predecessor-version":[{"id":3114,"href":"https:\/\/www.discusfood.com\/pt\/wp-json\/wp\/v2\/pages\/2145\/revisions\/3114"}],"up":[{"embeddable":true,"href":"https:\/\/www.discusfood.com\/pt\/wp-json\/wp\/v2\/pages\/2109"}],"wp:attachment":[{"href":"https:\/\/www.discusfood.com\/pt\/wp-json\/wp\/v2\/media?parent=2145"}],"curies":[{"name":"wp","href":"https:\/\/api.w.org\/{rel}","templated":true}]}}