{"id":2240,"date":"2023-05-03T15:49:59","date_gmt":"2023-05-03T13:49:59","guid":{"rendered":"https:\/\/www.discusfood.com\/de\/?page_id=2240"},"modified":"2025-05-14T09:35:01","modified_gmt":"2025-05-14T09:35:01","slug":"freshwater-crab-50-micro-granulate-soft-45-g","status":"publish","type":"page","link":"https:\/\/www.discusfood.com\/pt\/fischfutter\/freshwater-crab\/freshwater-crab-50-micro-granulate-soft-45-g","title":{"rendered":"Freshwater Crab 50% Micro Granulate Soft, 45 g"},"content":{"rendered":"<p><img loading=\"lazy\" decoding=\"async\" class=\"alignleft wp-image-2242 size-medium\" src=\"https:\/\/www.discusfood.com\/pt\/wp-content\/uploads\/sites\/7\/2023\/05\/22062_1-e1686401038504-300x207.jpg\" alt=\"\" width=\"300\" height=\"207\" \/><\/p>\n<p><strong>Microgr\u00e2nulos macios com 50% de caranguejo &#8211; 45 g de conte\u00fado<\/strong><\/p>\n<p>Caranguejos de \u00e1gua doce cuidadosamente secos s\u00e3o mo\u00eddos inteiros e utilizados na produ\u00e7\u00e3o de gr\u00e2nulos. Como as carapa\u00e7as dos animais tamb\u00e9m s\u00e3o processadas, o produto final destaca-se pelo seu elevado teor de fibras que facilitam a digest\u00e3o, bem como xantinas e caroten\u00f3ides, que fazem brilhar naturalmente as cores dos seus peixes ornamentais. Vitaminas, minerais, \u00e1cidos gordos \u00f3mega 3 e 6 refor\u00e7am o sistema imunit\u00e1rio e o bem-estar dos peixes.<br \/>\n50% de caranguejo de \u00e1gua doce \u00e9 um alimento premium para todos os habitantes omn\u00edvoros e carn\u00edvoros de aqu\u00e1rios.<\/p>\n<p><strong>Composi\u00e7\u00e3o:<\/strong> Cangrejo de \u00e1gua doce 50%, prote\u00ednas vegetais, farinha de arroz, \u00f3leo de salm\u00e3o, alho 4%, levedura de cerveja, algas marinhas, amino\u00e1cidos, minerais, prebi\u00f3ticos e probi\u00f3ticos.<br \/>\n<strong>Componentes anal\u00edticos:<\/strong> Prote\u00edna bruta 33,5%, gordura bruta 6,7%, cinza bruta 10%, fibra bruta 2,7%<br \/>\n<strong>Aditivos por kg:<\/strong> vitaminas: A (3a672a) 28000 UI, C (3a300) 210 mg, D3 (3a671) 2100 UI; com corantes; oligoelementos: Fe (3b103) 33 mg, Mn (3b502) 43 mg, Zn (3b603) 42 mg; com antioxidantes.<\/p>\n<p><strong>Recomenda\u00e7\u00e3o alimentar:<\/strong> alimento completo! Alimente 2-3 vezes ao dia com a quantidade que os peixes comem em 2-5 minutos. N\u00e3o alimente os peixes em excesso!<\/p>\n<p><strong>N\u00e3o \u00e9 adequado para consumo humano. MANTENHA EM LOCAL FRESCO E SECO.<\/strong><\/p>\n<p><strong>N.\u00ba do artigo:<\/strong> 22062<\/p>\n<p><strong>Compre aqui<\/strong> \u2013 <a href=\"https:\/\/ornaqua.pt\/\" target=\"_blank\" rel=\"noopener\">ORNAQUA<\/a> ou <a href=\"https:\/\/casadosdiscus.pt\/\" target=\"_blank\" rel=\"noopener\">A CASA dos DISCUS<\/a><\/p>\n<p>&nbsp;<\/p>\n","protected":false},"excerpt":{"rendered":"<p>Microgr\u00e2nulos macios com 50% de caranguejo &#8211; 45 g de conte\u00fado Caranguejos de \u00e1gua doce cuidadosamente secos s\u00e3o mo\u00eddos inteiros&hellip;<\/p>\n","protected":false},"author":2,"featured_media":0,"parent":1965,"menu_order":3,"comment_status":"closed","ping_status":"closed","template":"","meta":{"footnotes":""},"class_list":["post-2240","page","type-page","status-publish","hentry"],"_links":{"self":[{"href":"https:\/\/www.discusfood.com\/pt\/wp-json\/wp\/v2\/pages\/2240","targetHints":{"allow":["GET"]}}],"collection":[{"href":"https:\/\/www.discusfood.com\/pt\/wp-json\/wp\/v2\/pages"}],"about":[{"href":"https:\/\/www.discusfood.com\/pt\/wp-json\/wp\/v2\/types\/page"}],"author":[{"embeddable":true,"href":"https:\/\/www.discusfood.com\/pt\/wp-json\/wp\/v2\/users\/2"}],"replies":[{"embeddable":true,"href":"https:\/\/www.discusfood.com\/pt\/wp-json\/wp\/v2\/comments?post=2240"}],"version-history":[{"count":1,"href":"https:\/\/www.discusfood.com\/pt\/wp-json\/wp\/v2\/pages\/2240\/revisions"}],"predecessor-version":[{"id":3012,"href":"https:\/\/www.discusfood.com\/pt\/wp-json\/wp\/v2\/pages\/2240\/revisions\/3012"}],"up":[{"embeddable":true,"href":"https:\/\/www.discusfood.com\/pt\/wp-json\/wp\/v2\/pages\/1965"}],"wp:attachment":[{"href":"https:\/\/www.discusfood.com\/pt\/wp-json\/wp\/v2\/media?parent=2240"}],"curies":[{"name":"wp","href":"https:\/\/api.w.org\/{rel}","templated":true}]}}