{"id":2983,"date":"2025-02-24T08:24:08","date_gmt":"2025-02-24T08:24:08","guid":{"rendered":"https:\/\/www.discusfood.com\/pt\/?page_id=2983"},"modified":"2025-02-24T08:24:42","modified_gmt":"2025-02-24T08:24:42","slug":"o-desenvolvimento-do-floco-granulado-totalmente-extrudido","status":"publish","type":"page","link":"https:\/\/www.discusfood.com\/pt\/blog\/o-desenvolvimento-do-floco-granulado-totalmente-extrudido","title":{"rendered":"O desenvolvimento do \u201cfloco granulado totalmente extrudido\u201d"},"content":{"rendered":"<p><img loading=\"lazy\" decoding=\"async\" class=\"size-medium wp-image-2980 alignleft\" src=\"\/pt\/wp-content\/uploads\/sites\/7\/2025\/02\/df_flachgranulat-229x300.jpg\" alt=\"Discusfood Flachgranulat\" width=\"229\" height=\"300\" \/><\/p>\n<h2>O desenvolvimento do \u201cfloco granulado totalmente extrudido\u201d pela Discusfood<\/h2>\n<p>O artigo seguinte explica os antecedentes que levaram ao desenvolvimento do floco granulado totalmente extrudido da Discusfood.<br \/>\nSegue-se uma vis\u00e3o geral do desenvolvimento hist\u00f3rico do alimento seco para peixes ornamentais e dos flocos para peixes ornamentais.<\/p>\n<p><strong>1954<\/strong><\/p>\n<p>A inven\u00e7\u00e3o dos flocos como forma original de alimento seco para peixes de aqu\u00e1rio \u00e9 atribu\u00edda ao Dr. Ulrich Baensch, o fundador da empresa Tetra GmbH. Em 1954, o criador conseguiu um grande avan\u00e7o ao produzir um alimento em flocos que se diferenciava de todos os produtos deste g\u00e9nero conhecidos anteriormente. O seu objetivo era criar um alimento para peixes f\u00e1cil de administrar e de longa dura\u00e7\u00e3o, para simplificar a cria\u00e7\u00e3o de peixes de aqu\u00e1rio. \u00c9 tamb\u00e9m de salientar que a introdu\u00e7\u00e3o de bact\u00e9rias, germes ou mesmo parasitas deve ser evitada atrav\u00e9s da utiliza\u00e7\u00e3o de alimentos vivos ou congelados.<\/p>\n<p><strong>Produ\u00e7\u00e3o<\/strong><\/p>\n<p>A produ\u00e7\u00e3o de flocos segue um processo id\u00eantico em quase todas as empresas. Em primeiro lugar, \u00e9 misturada uma pasta de ra\u00e7\u00e3o, que \u00e9 depois cozida num floco muito fino utilizando rolos quentes.<\/p>\n<p><strong>Como \u00e9 que surgiu a ideia dos flocos granulados?<\/strong><\/p>\n<p>A Discusfood tornou-se conhecida como fabricante de granulados de alta qualidade. Recentemente, a empresa tem sido cada vez mais confrontada com pedidos de flocos de alta qualidade.<br \/>\nMas quer\u00edamos algo novo, n\u00e3o uma produ\u00e7\u00e3o de flocos com 70 anos, por isso pergunt\u00e1mos a n\u00f3s pr\u00f3prios porque \u00e9 que os flocos n\u00e3o s\u00e3o utilizados na aquacultura. A resposta dos produtores \u00e9 simples: pouca biodisponibilidade. Em linguagem simples: quase nenhum valor nutricional. Ent\u00e3o, o que poder\u00edamos fazer? Tivemos a ideia de misturar o microgranulado totalmente extrudido como uma pasta de ra\u00e7\u00e3o e de o prensar em flocos utilizando uma prensa de rolos numa linha de secagem sem laminagem a quente.<\/p>\n<p><strong>Os primeiros testes convenceram-nos<\/strong><\/p>\n<p>A inten\u00e7\u00e3o n\u00e3o s\u00f3 de prensar o granulado simples em flocos, mas tamb\u00e9m de conseguir uma separa\u00e7\u00e3o dos ingredientes, levou ao desenvolvimento dos nossos dois primeiros flocos de granulado. Estes estabeleceram novos padr\u00f5es, tanto em termos de processo de fabrico como de composi\u00e7\u00e3o. Uma an\u00e1lise dos ingredientes mostra que o B\u00fcffet di Insekt e o Frutti di mare t\u00eam composi\u00e7\u00f5es \u00fanicas. A aceita\u00e7\u00e3o do alimento pelas esp\u00e9cies de peixes foi consistentemente positiva. Mesmo os peixes que s\u00e3o considerados dif\u00edceis de manusear mostraram uma absor\u00e7\u00e3o r\u00e1pida e efectiva do alimento seco de alta qualidade. Estamos particularmente satisfeitos com o facto de sermos valorizados como fornecedores de Frutti di Mare por especialistas no sector da \u00e1gua do mar.<\/p>\n<p><img loading=\"lazy\" decoding=\"async\" class=\"aligncenter size-full wp-image-2981\" src=\"\/pt\/wp-content\/uploads\/sites\/7\/2025\/02\/Folie-3-1-Frutti-PT.png\" alt=\"Discusfood Frutti di mare PT\" width=\"1528\" height=\"858\" \/><\/p>\n<p><img loading=\"lazy\" decoding=\"async\" class=\"aligncenter size-full wp-image-2982\" src=\"\/pt\/wp-content\/uploads\/sites\/7\/2025\/02\/Folie2-Buffet-PT.png\" alt=\"Discusfood Buffet di Insect\" width=\"1526\" height=\"855\" \/><\/p>\n","protected":false},"excerpt":{"rendered":"<p>O desenvolvimento do \u201cfloco granulado totalmente extrudido\u201d pela Discusfood O artigo seguinte explica os antecedentes que levaram ao desenvolvimento do&hellip;<\/p>\n","protected":false},"author":2,"featured_media":0,"parent":2939,"menu_order":0,"comment_status":"closed","ping_status":"closed","template":"","meta":{"footnotes":""},"class_list":["post-2983","page","type-page","status-publish","hentry"],"_links":{"self":[{"href":"https:\/\/www.discusfood.com\/pt\/wp-json\/wp\/v2\/pages\/2983","targetHints":{"allow":["GET"]}}],"collection":[{"href":"https:\/\/www.discusfood.com\/pt\/wp-json\/wp\/v2\/pages"}],"about":[{"href":"https:\/\/www.discusfood.com\/pt\/wp-json\/wp\/v2\/types\/page"}],"author":[{"embeddable":true,"href":"https:\/\/www.discusfood.com\/pt\/wp-json\/wp\/v2\/users\/2"}],"replies":[{"embeddable":true,"href":"https:\/\/www.discusfood.com\/pt\/wp-json\/wp\/v2\/comments?post=2983"}],"version-history":[{"count":2,"href":"https:\/\/www.discusfood.com\/pt\/wp-json\/wp\/v2\/pages\/2983\/revisions"}],"predecessor-version":[{"id":2985,"href":"https:\/\/www.discusfood.com\/pt\/wp-json\/wp\/v2\/pages\/2983\/revisions\/2985"}],"up":[{"embeddable":true,"href":"https:\/\/www.discusfood.com\/pt\/wp-json\/wp\/v2\/pages\/2939"}],"wp:attachment":[{"href":"https:\/\/www.discusfood.com\/pt\/wp-json\/wp\/v2\/media?parent=2983"}],"curies":[{"name":"wp","href":"https:\/\/api.w.org\/{rel}","templated":true}]}}